{"id":620,"date":"2024-08-28T15:44:56","date_gmt":"2024-08-28T13:44:56","guid":{"rendered":"https:\/\/www.nordzucker.com\/en\/?page_id=620"},"modified":"2024-08-28T15:44:56","modified_gmt":"2024-08-28T13:44:56","slug":"group-structure","status":"publish","type":"page","link":"https:\/\/www.nordzucker.com\/en\/the-sugar-company\/governance\/group-structure\/","title":{"rendered":"Company structure"},"content":{"rendered":"\n<h2 class=\"wp-block-heading\">European and global growth<\/h2>\n\n\n\n<div class=\"py-4 text-xl leading-8\">\n\tNordzucker has been on a course of growth for many years while seizing opportunities, as can be seen in our company structure with its range of companies across various countries.<\/div>\n\n\n<p>Sugar beet cultivation in Europa is the foundation of our core business. This is where Nordzucker AG has grown as a company and this is where we enjoy success with our subsidiaries in many different countries. Our majority stake in Australia\u2019s second-biggest sugar producer Mackay Sugar Limited has enabled us to continue on our journey of internationalization and expand into cane sugar production: The Nordzucker Group. A sugar company through and through. And today one of the leading producers globally.<\/p>\n\n\n\n<p>For further information about a company, please click on the company name in the table.<\/p>\n\n\n\n<p>__________________________________________________________________________________________________<\/p>\n\n\n\n<h4 class=\"wp-block-heading\">Group structure Nordzucker AG<\/h4>\n\n\n\n<figure class=\"wp-block-table\"><table><tbody><tr><td>Nordzucker GmbH &amp; Co. KG Braunschweig \/ Germany<\/td><td>100 %<\/td><\/tr><tr><td>Nordzucker Ireland Ltd. Dublin \/ Ireland<\/td><td>100 %<\/td><\/tr><tr><td>Nordic Sugar A\/B, Malm\u00f6 \/ Sweden<\/td><td>100 %<\/td><\/tr><tr><td>Nordic Sugar A\/S, Copenhagen \/ Denmark<\/td><td>100 %<\/td><\/tr><tr><td>UAB Nordzucker Business Service Center Kaunas \/ Lithuania<\/td><td>100 %<\/td><\/tr><tr><td><a href=\"https:\/\/www.nordzucker.pl\/\" target=\"_blank\" rel=\"noreferrer noopener\">Nordzucker Polska S.A., Opalenica \/ Poland<\/a><\/td><td>99.87 %<\/td><\/tr><tr><td><a href=\"http:\/\/nordzucker.com\/en\/the-sugar-company\/governance\/group-structure\/povazsky-cukor-a-s\/\">Pova\u017esk\u00fd cukor a.s., Tren\u010dianska Tepl\u00e1 \/ Slovakia<\/a><\/td><td>96.80 %<\/td><\/tr><tr><td>Suomen Sokeri OY, Kantvik \/ Finland<\/td><td>80 %<\/td><\/tr><tr><td>Sucros OY, S\u00e4kyl\u00e4 \/ Finland<\/td><td>80 %<\/td><\/tr><tr><td>AB Nordic Sugar K\u0117dainiai, K\u0117dainiai \/ Lithuania<\/td><td>72.78 %<\/td><\/tr><tr><td><a href=\"http:\/\/www.mkysugar.com.au\/\" target=\"_blank\" rel=\"noreferrer noopener\">Mackay Sugar Limited Ltd., Mackay \/ Australia<\/a><\/td><td>70,94 %<\/td><\/tr><tr><td>Norddeutsche Fl\u00fcssigzucker GmbH &amp; Co. KG, Braunschweig \/ Germany<\/td><td>70 %<\/td><\/tr><tr><td>Nordzucker Plant Based Ingredients GmbH, Braunschweig \/ Germany<\/td><td>100 %<\/td><\/tr><\/tbody><\/table><\/figure>\n","protected":false},"excerpt":{"rendered":"<p>European and global growth Sugar beet cultivation in Europa is the foundation of our core business. This is where Nordzucker AG has grown as a [&hellip;]<\/p>\n","protected":false},"author":6,"featured_media":1906,"parent":8,"menu_order":4,"comment_status":"closed","ping_status":"closed","template":"","meta":{"footnotes":""},"page_category":[],"acf":[],"_links":{"self":[{"href":"https:\/\/www.nordzucker.com\/en\/wp-json\/wp\/v2\/pages\/620"}],"collection":[{"href":"https:\/\/www.nordzucker.com\/en\/wp-json\/wp\/v2\/pages"}],"about":[{"href":"https:\/\/www.nordzucker.com\/en\/wp-json\/wp\/v2\/types\/page"}],"author":[{"embeddable":true,"href":"https:\/\/www.nordzucker.com\/en\/wp-json\/wp\/v2\/users\/6"}],"replies":[{"embeddable":true,"href":"https:\/\/www.nordzucker.com\/en\/wp-json\/wp\/v2\/comments?post=620"}],"version-history":[{"count":38,"href":"https:\/\/www.nordzucker.com\/en\/wp-json\/wp\/v2\/pages\/620\/revisions"}],"predecessor-version":[{"id":7817,"href":"https:\/\/www.nordzucker.com\/en\/wp-json\/wp\/v2\/pages\/620\/revisions\/7817"}],"up":[{"embeddable":true,"href":"https:\/\/www.nordzucker.com\/en\/wp-json\/wp\/v2\/pages\/8"}],"wp:featuredmedia":[{"embeddable":true,"href":"https:\/\/www.nordzucker.com\/en\/wp-json\/wp\/v2\/media\/1906"}],"wp:attachment":[{"href":"https:\/\/www.nordzucker.com\/en\/wp-json\/wp\/v2\/media?parent=620"}],"wp:term":[{"taxonomy":"page_category","embeddable":true,"href":"https:\/\/www.nordzucker.com\/en\/wp-json\/wp\/v2\/page_category?post=620"}],"curies":[{"name":"wp","href":"https:\/\/api.w.org\/{rel}","templated":true}]}}