{"id":608,"date":"2024-09-03T09:10:02","date_gmt":"2024-09-03T07:10:02","guid":{"rendered":"https:\/\/www.nordzucker.com\/en\/?page_id=608"},"modified":"2025-02-06T11:48:32","modified_gmt":"2025-02-06T10:48:32","slug":"history","status":"publish","type":"page","link":"https:\/\/www.nordzucker.com\/en\/the-sugar-company\/company-profile\/history\/","title":{"rendered":"History"},"content":{"rendered":"\n<h2 class=\"wp-block-heading\">Our roots cover almost 200 years of experience and growth<\/h2>\n\n\n\n<div class=\"py-4 text-xl leading-8\">\n\tAs one of the world\u2019s leading sugar producers, we can look back on a dynamic history of growth, technological advancement and corporate change. It is a history of dedicated farmers and outstanding feats of engineering.<\/div>\n\n\n<p>In 1747, Andreas Sigismund Marggraf discovered sugar in beet. Farmers, scientists and engineers continued to breed the plants and developed processes for sugar production. Sugar beet cultivation and sugar extraction in Europe transformed sugar from a luxury product into food available to all sections of the population.<\/p>\n\n\n\n<p>The history of Nordzucker is closely linked to the growing demand for sugar and industrial development in the 19th century. Countless sugar factories were established and constructed by farmers in Nordzucker\u2019s cultivation area, mostly as stock companies. The majority of the company\u2019s owners today are their descendants. Our history has been marked by numerous mergers and closures of factories.&nbsp;<\/p>\n\n\n\n<h4 class=\"wp-block-heading\">Wave of new factories in the 19th century<\/h4>\n\n\n\n<p>1838 is the year in which the first beet sugar factory was established in our catchment area in Klein Wanzleben. It was followed by many more factories, such as those today in Nordstemmen (1865), Clauen (1869), Schladen (1870) and Uelzen (1883). In Denmark factories began operating in Nakskov (1882) and Nyk\u00f8bing (1884), while in Sweden there are factories in Arl\u00f6v (1869) and \u00d6rtofta (1890). Che\u0142m\u017ea opened in 1881 and Opalenica in 1883 in Poland, K\u00e8dainiai (1970) in Lithuania, and S\u00e4kyl\u00e4 (1953) and Porkkala (1965) in Finland, while Tren\u010dianska Tepl\u00e1 began the new century with a sugar production in 1900.<\/p>\n\n\n\n<p>You can find out more about our locations <a href=\"https:\/\/www.nordzucker.com\/en\/the-sugar-company\/locations\/\">here<\/a>.<\/p>\n\n\n\n<h4 class=\"wp-block-heading\">Decades of consolidation<\/h4>\n\n\n\n<p>The steady improvement of transport logistics along with the continuous modernization of factories and the growth of their processing capacities favoured the competitive need to concentrate operations at a small number of locations. This process lasted for more than a century into the new millennium.<\/p>\n\n\n\n<h4 class=\"wp-block-heading\">Nordzucker expands beyond Germany\u2019s borders<\/h4>\n\n\n\n<p>Investments in the Czech Republic, Slovakia and Poland, followed by the acquisition of Nordic Sugar in 2009 with sugar factories in Denmark, Sweden, Finland and Lithuania, transformed Nordzucker into a major European sugar company with regional roots.&nbsp;<\/p>\n\n\n\n<p>In 2017, regulation of the EU sugar market with price and volume quotas came to an end. Since then, the volatile world market price has had a stronger impact on sugar prices in the EU, with overcapacities emerging. Distortion of competition in other countries is hindering market consolidation.<\/p>\n\n\n\n<h4 class=\"wp-block-heading\">Initial expansion into cane sugar production: Nordzucker moves to Australia<\/h4>\n\n\n\n<p>In 2019, Nordzucker acquired a majority stake in Australia\u2019s second-biggest sugar producer Mackay Sugar Ltd. (MSL). At three locations, raw sugar is produced for the Australian domestic market and growth markets in South-East Asia.<\/p>\n\n\n\n<h4 class=\"wp-block-heading\">Plant Based Ingredients<\/h4>\n\n\n\n<p>In view of changing eating habits and the trend towards more plant-based nutrition, entering the new business area of plant-based proteins is a step with very attractive prospects for Nordzucker. The go-ahead was given in November 2023. The plans for a production facility for concentrate and texturate for further processing in the production of food and animal feed are being driven forward continuously.<br>As the yellow grain pea can be cultivated in many regions and fits well into the crop rotation of farms, this opens up new opportunities and attractive business opportunities for many farmers.<\/p>\n","protected":false},"excerpt":{"rendered":"<p>Our roots cover almost 200 years of experience and growth In 1747, Andreas Sigismund Marggraf discovered sugar in beet. Farmers, scientists and engineers continued to [&hellip;]<\/p>\n","protected":false},"author":1,"featured_media":719,"parent":6,"menu_order":4,"comment_status":"closed","ping_status":"closed","template":"","meta":{"footnotes":""},"page_category":[],"acf":[],"_links":{"self":[{"href":"https:\/\/www.nordzucker.com\/en\/wp-json\/wp\/v2\/pages\/608"}],"collection":[{"href":"https:\/\/www.nordzucker.com\/en\/wp-json\/wp\/v2\/pages"}],"about":[{"href":"https:\/\/www.nordzucker.com\/en\/wp-json\/wp\/v2\/types\/page"}],"author":[{"embeddable":true,"href":"https:\/\/www.nordzucker.com\/en\/wp-json\/wp\/v2\/users\/1"}],"replies":[{"embeddable":true,"href":"https:\/\/www.nordzucker.com\/en\/wp-json\/wp\/v2\/comments?post=608"}],"version-history":[{"count":12,"href":"https:\/\/www.nordzucker.com\/en\/wp-json\/wp\/v2\/pages\/608\/revisions"}],"predecessor-version":[{"id":8315,"href":"https:\/\/www.nordzucker.com\/en\/wp-json\/wp\/v2\/pages\/608\/revisions\/8315"}],"up":[{"embeddable":true,"href":"https:\/\/www.nordzucker.com\/en\/wp-json\/wp\/v2\/pages\/6"}],"wp:featuredmedia":[{"embeddable":true,"href":"https:\/\/www.nordzucker.com\/en\/wp-json\/wp\/v2\/media\/719"}],"wp:attachment":[{"href":"https:\/\/www.nordzucker.com\/en\/wp-json\/wp\/v2\/media?parent=608"}],"wp:term":[{"taxonomy":"page_category","embeddable":true,"href":"https:\/\/www.nordzucker.com\/en\/wp-json\/wp\/v2\/page_category?post=608"}],"curies":[{"name":"wp","href":"https:\/\/api.w.org\/{rel}","templated":true}]}}