{"id":4966,"date":"2022-04-22T11:00:00","date_gmt":"2022-04-22T09:00:00","guid":{"rendered":"https:\/\/www.nordzucker.com\/en\/?page_id=4966"},"modified":"2023-06-11T14:09:25","modified_gmt":"2023-06-11T12:09:25","slug":"redirect-nordzucker-sk","status":"publish","type":"page","link":"https:\/\/www.nordzucker.com\/en\/redirect-nordzucker-sk\/","title":{"rendered":"Website redirect &#8211; Nordzucker.sk"},"content":{"rendered":"\n<p>V\u00e1\u017een\u00fd n\u00e1v\u0161tevn\u00edk,<\/p>\n\n\n\n<p>radi by ste nav\u0161t\u00edvili webov\u00fa str\u00e1nku spolo\u010dnosti Pova\u017esk\u00fd cukor a.s. <a href=\"http:\/\/www.nordzucker.sk\">www.nordzucker.sk<\/a>. &nbsp;T\u00e1to webov\u00e1 str\u00e1nka u\u017e nie je dostupn\u00e1, preto\u017ee sme jej obsah zl\u00fa\u010dili s webovou str\u00e1nkou materskej spolo\u010dnosti Nordzucker AG.<\/p>\n\n\n\n<p>\u010eakujeme<\/p>\n\n\n\n<p>\u010co h\u013ead\u00e1te?<\/p>\n\n\n\n<ul>\n<li><a href=\"https:\/\/www.nordzucker.com\/en\/the-sugar-company\/governance\/group-structure\/povazsky-cukor-a-s\/\" data-type=\"URL\">O spolo\u010dnosti Pova\u017esk\u00fd cukor a.s. a Dokumenty \u2013 v slovenskom jazyku<\/a><\/li>\n\n\n\n<li><a href=\"https:\/\/www.nordzucker.com\/en\/the-sugar-company\/locations\/trencianska-tepla\/\">O z\u00e1vode Tren\u010dianska Tepl\u00e1 \u2013 v anglickom jazyku<\/a><\/li>\n\n\n\n<li><a rel=\"noreferrer noopener\" href=\"https:\/\/agriportal.nordzucker.sk\/\" target=\"_blank\">AgriPort\u00e1l \u2013 v slovenskom jazyku<\/a><\/li>\n<\/ul>\n\n\n\n<p>__________________________________________________________________________________________________<\/p>\n\n\n\n<p>Dear visitor,<\/p>\n\n\n\n<p>you would like to visit the website of Pova\u017esk\u00fd cukor a.s. <a href=\"http:\/\/www.nordzucker.sk\">www.nordzucker.sk<\/a>. This website is not available anymore as we have merged the content with the Nordzucker AG website.<\/p>\n\n\n\n<p>Thank you.<\/p>\n\n\n\n<p>What are you looking for?<\/p>\n\n\n\n<ul>\n<li><a href=\"https:\/\/www.nordzucker.com\/en\/the-sugar-company\/governance\/group-structure\/povazsky-cukor-a-s\/\">About the company Pova\u017esk\u00fd cukor a.s. and Documents \u2013 in Slovak<\/a><\/li>\n\n\n\n<li><a href=\"https:\/\/www.nordzucker.com\/en\/the-sugar-company\/locations\/trencianska-tepla\/\">About the factory Tren\u010dianska Tepl\u00e1 \u2013 in English<\/a><\/li>\n\n\n\n<li><a href=\"https:\/\/agriportal.nordzucker.sk\/\">AgriPortal \u2013 in Slovak<\/a><\/li>\n<\/ul>\n","protected":false},"excerpt":{"rendered":"<p>Redirect page for users from nordzucker.sk. If you were looking for information on Nordzucker Slovakia or Pova\u017esk\u00fd cukor a. s., nordzucker.com is the new address for you.<\/p>\n","protected":false},"author":6,"featured_media":713,"parent":0,"menu_order":0,"comment_status":"closed","ping_status":"closed","template":"","meta":{"footnotes":""},"page_category":[242],"acf":[],"_links":{"self":[{"href":"https:\/\/www.nordzucker.com\/en\/wp-json\/wp\/v2\/pages\/4966"}],"collection":[{"href":"https:\/\/www.nordzucker.com\/en\/wp-json\/wp\/v2\/pages"}],"about":[{"href":"https:\/\/www.nordzucker.com\/en\/wp-json\/wp\/v2\/types\/page"}],"author":[{"embeddable":true,"href":"https:\/\/www.nordzucker.com\/en\/wp-json\/wp\/v2\/users\/6"}],"replies":[{"embeddable":true,"href":"https:\/\/www.nordzucker.com\/en\/wp-json\/wp\/v2\/comments?post=4966"}],"version-history":[{"count":49,"href":"https:\/\/www.nordzucker.com\/en\/wp-json\/wp\/v2\/pages\/4966\/revisions"}],"predecessor-version":[{"id":6384,"href":"https:\/\/www.nordzucker.com\/en\/wp-json\/wp\/v2\/pages\/4966\/revisions\/6384"}],"wp:featuredmedia":[{"embeddable":true,"href":"https:\/\/www.nordzucker.com\/en\/wp-json\/wp\/v2\/media\/713"}],"wp:attachment":[{"href":"https:\/\/www.nordzucker.com\/en\/wp-json\/wp\/v2\/media?parent=4966"}],"wp:term":[{"taxonomy":"page_category","embeddable":true,"href":"https:\/\/www.nordzucker.com\/en\/wp-json\/wp\/v2\/page_category?post=4966"}],"curies":[{"name":"wp","href":"https:\/\/api.w.org\/{rel}","templated":true}]}}