{"id":4164,"date":"2024-07-05T10:44:34","date_gmt":"2024-07-05T08:44:34","guid":{"rendered":"https:\/\/www.nordzucker.com\/en\/?page_id=4164"},"modified":"2026-03-20T10:54:29","modified_gmt":"2026-03-20T09:54:29","slug":"povazsky-cukor-a-s","status":"publish","type":"page","link":"https:\/\/www.nordzucker.com\/en\/the-sugar-company\/governance\/group-structure\/povazsky-cukor-a-s\/","title":{"rendered":"Pova\u017esk\u00fd cukor a.s."},"content":{"rendered":"\n<h2 class=\"wp-block-heading\">information about <strong>Pova\u017esk\u00fd cukor a.s<\/strong>. (SLOVAK ONLY)<\/h2>\n\n\n\n<h3 class=\"wp-block-heading\"><strong>Pr\u00e1vne inform\u00e1cie<\/strong><\/h3>\n\n\n\n<ul>\n<li>Obchodn\u00e9 meno: Pova\u017esk\u00fd cukor a.s.<\/li>\n\n\n\n<li>S\u00eddlo: Cukrovarsk\u00e1 311\/9, 914 01<\/li>\n\n\n\n<li>I\u010cO: 35 716 266<\/li>\n\n\n\n<li>Pr\u00e1vna forma: Akciov\u00e1 spolo\u010dnos\u0165<\/li>\n\n\n\n<li>Z\u00e1kladn\u00e9 imanie: 39 838 967,50274 EUR. Splaten\u00e9 v celom rozsahu.<\/li>\n\n\n\n<li>Registrovan\u00fd v Obchodnom registri Okresn\u00e9ho s\u00fadu Tren\u010d\u00edn, odd. Sa, vlo\u017eka \u010d. 10298\/R<\/li>\n\n\n\n<li><a href=\"https:\/\/www.orsr.sk\/vypis.asp?ID=9388&amp;SID=6&amp;P=0\">V\u00fdpis z obchodn\u00e9ho registra SR (orsr.sk)<\/a> &#8211; informat\u00edvny<\/li>\n<\/ul>\n\n\n\n<h4 class=\"wp-block-heading\">Kontakt<\/h4>\n\n\n\n<p id=\"block-c60e0a7e-8753-47ad-bfb7-2e46f67923ef\">Pova\u017esk\u00fd cukor a.s.<br>Cukrovarsk\u00e1 311\/9<br>914 01 Tren\u010dianska Tepl\u00e1, Slovensko<br>Email: <a href=\"mailto:info.sk@nordzucker.com\">info.sk@nordzucker.com<\/a><\/p>\n\n\n\n<p>Vladim\u00edra Frohnov\u00e1<br>v\u00fdkonn\u00fd asistent predstavenstva<br><br><a href=\"tel:+421911524036\">Tel.: +421 32 6558 500<\/a><br><a href=\"\">Mobil:<\/a><a href=\"tel:+421911524036\"> +421 911 524 036<\/a><br><a href=\"https:\/\/www.nordzucker.com\/en\/wp-admin\/Vladimira.Frohnova@nordzucker.com\">Email: <\/a><a href=\"Vladimira.Frohnova@nordzucker.com\" data-type=\"URL\" data-id=\"Vladimira.Frohnova@nordzucker.com\">vladimira.frohnova@nordzucker.com<\/a><\/p>\n\n\n\n<h4 class=\"wp-block-heading\"><br><strong>Predstavenstvo<\/strong><\/h4>\n\n\n\n<ul>\n<li>Michal Abelovi\u010d (predseda predstavenstva)<\/li>\n\n\n\n<li>Viera Ku\u010do Dvoranov\u00e1 (\u010dlen predstavenstva)<\/li>\n\n\n\n<li>Tom\u00e1\u0161 Ad\u00e1mek (\u010dlen predstavenstva)<\/li>\n<\/ul>\n\n\n\n<h4 class=\"wp-block-heading\">Dozorn\u00e1 rada<\/h4>\n\n\n\n<ul>\n<li>Alexander Godow&nbsp;(Predseda)<\/li>\n\n\n\n<li>Gesa R\u00f6hr<\/li>\n\n\n\n<li>Tom\u00e1\u0161 Ko\u010di\u0161<\/li>\n\n\n\n<li>Christoph Bienwald<\/li>\n\n\n\n<li>Peter P\u00e1len\u00edk<\/li>\n\n\n\n<li>Jozef \u0160kult\u00e9ty<\/li>\n<\/ul>\n\n\n\n<h2 class=\"wp-block-heading\">Dokumenty<\/h2>\n\n\n<div>\n\t<amp-accordion\n\t\tid=\"accordion_69e572e8f2ea2\"\n\t\ton=\"expand:AMP.setState({ 'accordion_69e572e8f2ea2': true });collapse:AMP.setState({ 'accordion_69e572e8f2ea2': false })\"\n\t\tdisable-session-states\n\t>\n\t\t<section>\n\t\t\t<h3 class=\"border-none outline-0 bg-primary-lighten-4 p-4 pl-16 my-2 font-bold text-lg relative\">\n\t\t\t\tValn\u00e9 zhroma\u017edenia a v\u00fdsledky hlasovania\t\t\t\t<div class=\"inline-block absolute left-0 ml-4 top-0 mt-4\">\n\t\t\t\t\t<div class=\"block\" [class]=\"!accordion_69e572e8f2ea2 ? 'block' : 'hidden'\">\n\t\t\t\t\t\t\t<span class=\"icon icon--size-2\" style=\"background: url(https:\/\/www.nordzucker.com\/en\/wp-content\/themes\/app\/public\/icons\/arrow-down-solid-dark.svg?ver=125) center no-repeat;\"><\/span>\n\t\t\t\t\t\t<\/div>\n\t\t\t\t\t<div class=\"hidden\" [class]=\"accordion_69e572e8f2ea2 ? 'block' : 'hidden'\">\n\t\t\t\t\t\t\t<span class=\"icon icon--size-2\" style=\"background: url(https:\/\/www.nordzucker.com\/en\/wp-content\/themes\/app\/public\/icons\/arrow-up-solid-dark.svg?ver=125) center no-repeat;\"><\/span>\n\t\t\t\t\t\t<\/div>\n\t\t\t\t<\/div>\n\t\t\t<\/h3>\n\t\t\t<div class=\"content pl-8 py-2\">\n\t\t\t\t\n\n<ul>\n<li><a href=\"https:\/\/www.nordzucker.com\/en\/wp-content\/uploads\/2026\/03\/Vysledky-hlasovania-VZ_CPA_260318.pdf\" data-type=\"link\" data-id=\"https:\/\/www.nordzucker.com\/en\/wp-content\/uploads\/2026\/03\/Vysledky-hlasovania-VZ_CPA_260318.pdf\" target=\"_blank\" rel=\"noreferrer noopener\">2026 Mimoriadne Valn\u00e9 Zhroma\u017edenie<\/a><\/li>\n\n\n\n<li><a href=\"https:\/\/www.nordzucker.com\/en\/wp-content\/uploads\/2025\/07\/Vysledky-hlasovania-VZ_CPA_250626-1.pdf\" data-type=\"link\" data-id=\"https:\/\/www.nordzucker.com\/en\/wp-content\/uploads\/2025\/07\/Vysledky-hlasovania-VZ_CPA_250626-1.pdf\" target=\"_blank\" rel=\"noreferrer noopener\">2025<\/a><\/li>\n\n\n\n<li><a href=\"https:\/\/www.nordzucker.com\/en\/wp-content\/uploads\/2024\/07\/240626-Vysledky-hlasovania-VZ_CPA.pdf\" target=\"_blank\" rel=\"noreferrer noopener\">2024<\/a><\/li>\n\n\n\n<li><a href=\"https:\/\/www.nordzucker.com\/en\/wp-content\/uploads\/2023\/07\/230705-Vysledky-hlasovania-VZ-Povazsky-cukor-a.s.-29062023.pdf\">2023<\/a><\/li>\n\n\n\n<li><a href=\"https:\/\/www.nordzucker.com\/en\/wp-content\/uploads\/2022\/07\/220705-Vysledky-hlasovania-VZ_CPA.pdf\">2022<\/a><\/li>\n\n\n\n<li><a href=\"https:\/\/www.nordzucker.com\/en\/wp-content\/uploads\/2021\/09\/2021-VZ02072021.pdf\">2021<\/a><\/li>\n\n\n\n<li><a rel=\"noreferrer noopener\" href=\"https:\/\/www.nordzucker.com\/en\/wp-content\/uploads\/2021\/06\/Povazsky-Cukor-AGM-2020-Voting-Results-Slovak.pdf\" target=\"_blank\">2020<\/a><\/li>\n\n\n\n<li><a rel=\"noreferrer noopener\" href=\"https:\/\/www.nordzucker.com\/en\/wp-content\/uploads\/2021\/06\/Povazsky-Cukor-AGM-2019-Voting-Results-Slovak.pdf\" target=\"_blank\">2019<\/a><\/li>\n\n\n\n<li><a rel=\"noreferrer noopener\" href=\"https:\/\/www.nordzucker.com\/en\/wp-content\/uploads\/2021\/06\/Povazsky-Cukor-AGM-2018-Voting-Results-Slovak.pdf\" target=\"_blank\">2018<\/a><\/li>\n\n\n\n<li><a rel=\"noreferrer noopener\" href=\"https:\/\/www.nordzucker.com\/en\/wp-content\/uploads\/2021\/09\/2017-vz_20170630.pdf\" target=\"_blank\">2017<\/a><\/li>\n\n\n\n<li><a rel=\"noreferrer noopener\" href=\"https:\/\/www.nordzucker.com\/en\/wp-content\/uploads\/2021\/09\/2016-vz_20160630.pdf\" target=\"_blank\">2016<\/a><\/li>\n\n\n\n<li><a rel=\"noreferrer noopener\" href=\"https:\/\/www.nordzucker.com\/en\/wp-content\/uploads\/2021\/09\/2015-vz_cpa150708.pdf\" target=\"_blank\">2015<\/a><\/li>\n\n\n\n<li><a rel=\"noreferrer noopener\" href=\"https:\/\/www.nordzucker.com\/en\/wp-content\/uploads\/2021\/09\/2014-vz20140627.pdf\" target=\"_blank\">2014<\/a><\/li>\n\n\n\n<li><a rel=\"noreferrer noopener\" href=\"https:\/\/www.nordzucker.com\/en\/wp-content\/uploads\/2021\/09\/2013-Pravidla_na_vyplatu_dividend_VZ28062013.pdf\" target=\"_blank\">Pravidl\u00e1 v\u00fdplaty dividend 2013<\/a><\/li>\n\n\n\n<li><a rel=\"noreferrer noopener\" href=\"https:\/\/www.nordzucker.com\/en\/wp-content\/uploads\/2021\/09\/2013-Vysledky_hlasovania_VZ28062013.pdf\" target=\"_blank\">2013<\/a><\/li>\n\n\n\n<li><a rel=\"noreferrer noopener\" href=\"https:\/\/www.nordzucker.com\/en\/wp-content\/uploads\/2021\/09\/2012-Vysledky_hlasovania_VY2012.pdf\" target=\"_blank\">2012<\/a><\/li>\n\n\n\n<li><a rel=\"noreferrer noopener\" href=\"https:\/\/www.nordzucker.com\/en\/wp-content\/uploads\/2021\/09\/2011-vysledky_-hlasovania-_z_VZ_29062011.pdf\" target=\"_blank\">2011<\/a><\/li>\n\n\n\n<li><a rel=\"noreferrer noopener\" href=\"https:\/\/www.nordzucker.com\/en\/wp-content\/uploads\/2021\/09\/2010-vysledky_hlasovania_july_2010.pdf\" target=\"_blank\">2010<\/a><\/li>\n<\/ul>\n\n\t\t\t<\/div>\n\t\t<\/section>\n\t<\/amp-accordion>\n<\/div>\n\n<div>\n\t<amp-accordion\n\t\tid=\"accordion_69e572e8f330d\"\n\t\ton=\"expand:AMP.setState({ 'accordion_69e572e8f330d': true });collapse:AMP.setState({ 'accordion_69e572e8f330d': false })\"\n\t\tdisable-session-states\n\t>\n\t\t<section>\n\t\t\t<h3 class=\"border-none outline-0 bg-primary-lighten-4 p-4 pl-16 my-2 font-bold text-lg relative\">\n\t\t\t\tZverej\u0148ovanie inform\u00e1ci\u00ed o \u017eivotnom prostred\u00ed\t\t\t\t<div class=\"inline-block absolute left-0 ml-4 top-0 mt-4\">\n\t\t\t\t\t<div class=\"block\" [class]=\"!accordion_69e572e8f330d ? 'block' : 'hidden'\">\n\t\t\t\t\t\t\t<span class=\"icon icon--size-2\" style=\"background: url(https:\/\/www.nordzucker.com\/en\/wp-content\/themes\/app\/public\/icons\/arrow-down-solid-dark.svg?ver=125) center no-repeat;\"><\/span>\n\t\t\t\t\t\t<\/div>\n\t\t\t\t\t<div class=\"hidden\" [class]=\"accordion_69e572e8f330d ? 'block' : 'hidden'\">\n\t\t\t\t\t\t\t<span class=\"icon icon--size-2\" style=\"background: url(https:\/\/www.nordzucker.com\/en\/wp-content\/themes\/app\/public\/icons\/arrow-up-solid-dark.svg?ver=125) center no-repeat;\"><\/span>\n\t\t\t\t\t\t<\/div>\n\t\t\t\t<\/div>\n\t\t\t<\/h3>\n\t\t\t<div class=\"content pl-8 py-2\">\n\t\t\t\t\n\n<ul>\n<li><a href=\"https:\/\/www.nordzucker.com\/en\/wp-content\/uploads\/2024\/02\/240201-Sprava-z-merania-emisii-2023.pdf\">Sprava z merania emisii 2023<\/a><\/li>\n\n\n\n<li><a href=\"https:\/\/www.nordzucker.com\/en\/wp-content\/uploads\/2022\/01\/ovzdusie2021-2.pdf\" target=\"_blank\" rel=\"noreferrer noopener\">Spr\u00e1va z merania emisi\u00ed 2021 (\u010das\u0165 2)<\/a><\/li>\n\n\n\n<li><a rel=\"noreferrer noopener\" href=\"https:\/\/www.nordzucker.com\/en\/wp-content\/uploads\/2022\/01\/ovzdusie2021-1.pdf\" target=\"_blank\">Spr\u00e1va z merania emisi\u00ed 2021 (\u010das\u0165 1)<\/a><\/li>\n\n\n\n<li><a rel=\"noreferrer noopener\" href=\"http:\/\/www.nordzucker.sk\/fileadmin\/user_upload\/ovzdusie2020-1.pdf\" target=\"_blank\">Spr\u00e1va z merania emisi\u00ed 2020 (\u010das\u0165 2)<\/a><\/li>\n\n\n\n<li><a rel=\"noreferrer noopener\" href=\"http:\/\/www.nordzucker.sk\/fileadmin\/user_upload\/ovzdusie2020-1.pdf\" target=\"_blank\">Spr\u00e1va z merania emisi\u00ed 2020 (\u010das\u0165 1)<\/a><\/li>\n\n\n\n<li><a rel=\"noreferrer noopener\" href=\"http:\/\/www.nordzucker.sk\/fileadmin\/user_upload\/sprava_z_merania_2018.pdf\" target=\"_blank\">Spr\u00e1va z merania emisi\u00ed 2018<\/a> <\/li>\n\n\n\n<li><a href=\"http:\/\/www.nordzucker.sk\/fileadmin\/user_upload\/udaje_z_merania_K1.pdf\" target=\"_blank\" rel=\"noreferrer noopener\">Spr\u00e1va z merania emisi\u00ed 2017<\/a> <\/li>\n<\/ul>\n\n\n\n<p><\/p>\n\n\t\t\t<\/div>\n\t\t<\/section>\n\t<\/amp-accordion>\n<\/div>\n\n<div>\n\t<amp-accordion\n\t\tid=\"accordion_69e572e8f36df\"\n\t\ton=\"expand:AMP.setState({ 'accordion_69e572e8f36df': true });collapse:AMP.setState({ 'accordion_69e572e8f36df': false })\"\n\t\tdisable-session-states\n\t>\n\t\t<section>\n\t\t\t<h3 class=\"border-none outline-0 bg-primary-lighten-4 p-4 pl-16 my-2 font-bold text-lg relative\">\n\t\t\t\tInform\u00e1cie o sprac\u00favan\u00ed osobn\u00fdch \u00fadajov pre tretie osoby\t\t\t\t<div class=\"inline-block absolute left-0 ml-4 top-0 mt-4\">\n\t\t\t\t\t<div class=\"block\" [class]=\"!accordion_69e572e8f36df ? 'block' : 'hidden'\">\n\t\t\t\t\t\t\t<span class=\"icon icon--size-2\" style=\"background: url(https:\/\/www.nordzucker.com\/en\/wp-content\/themes\/app\/public\/icons\/arrow-down-solid-dark.svg?ver=125) center no-repeat;\"><\/span>\n\t\t\t\t\t\t<\/div>\n\t\t\t\t\t<div class=\"hidden\" [class]=\"accordion_69e572e8f36df ? 'block' : 'hidden'\">\n\t\t\t\t\t\t\t<span class=\"icon icon--size-2\" style=\"background: url(https:\/\/www.nordzucker.com\/en\/wp-content\/themes\/app\/public\/icons\/arrow-up-solid-dark.svg?ver=125) center no-repeat;\"><\/span>\n\t\t\t\t\t\t<\/div>\n\t\t\t\t<\/div>\n\t\t\t<\/h3>\n\t\t\t<div class=\"content pl-8 py-2\">\n\t\t\t\t\n\n<p><a href=\"https:\/\/www.nordzucker.com\/en\/wp-content\/uploads\/2023\/03\/230322-Zasady-ochrany-osobnych-udajov_osoby-mimo-spolocnosti.pdf\">Z\u00e1sady ochrany osobn\u00fdch \u00fadajov_osoby mimo spolo\u010dnosti<\/a><br><a href=\"https:\/\/www.nordzucker.com\/en\/wp-content\/uploads\/2023\/03\/230322-Privacy-policy_Povazsky-cukor-a.s._persons-outside-the-company.pdf\">Privacy policy_Pova\u017esk\u00fd cukor a.s._persons outside the company<\/a><\/p>\n\n\t\t\t<\/div>\n\t\t<\/section>\n\t<\/amp-accordion>\n<\/div>\n\n\n<p><\/p>\n","protected":false},"excerpt":{"rendered":"<p>information about Pova\u017esk\u00fd cukor a.s. (SLOVAK ONLY) Pr\u00e1vne inform\u00e1cie Kontakt Pova\u017esk\u00fd cukor a.s.Cukrovarsk\u00e1 311\/9914 01 Tren\u010dianska Tepl\u00e1, SlovenskoEmail: info.sk@nordzucker.com Vladim\u00edra Frohnov\u00e1v\u00fdkonn\u00fd asistent predstavenstva Tel.: +421 [&hellip;]<\/p>\n","protected":false},"author":6,"featured_media":1833,"parent":620,"menu_order":-1,"comment_status":"closed","ping_status":"closed","template":"","meta":{"footnotes":""},"page_category":[],"acf":[],"_links":{"self":[{"href":"https:\/\/www.nordzucker.com\/en\/wp-json\/wp\/v2\/pages\/4164"}],"collection":[{"href":"https:\/\/www.nordzucker.com\/en\/wp-json\/wp\/v2\/pages"}],"about":[{"href":"https:\/\/www.nordzucker.com\/en\/wp-json\/wp\/v2\/types\/page"}],"author":[{"embeddable":true,"href":"https:\/\/www.nordzucker.com\/en\/wp-json\/wp\/v2\/users\/6"}],"replies":[{"embeddable":true,"href":"https:\/\/www.nordzucker.com\/en\/wp-json\/wp\/v2\/comments?post=4164"}],"version-history":[{"count":120,"href":"https:\/\/www.nordzucker.com\/en\/wp-json\/wp\/v2\/pages\/4164\/revisions"}],"predecessor-version":[{"id":9509,"href":"https:\/\/www.nordzucker.com\/en\/wp-json\/wp\/v2\/pages\/4164\/revisions\/9509"}],"up":[{"embeddable":true,"href":"https:\/\/www.nordzucker.com\/en\/wp-json\/wp\/v2\/pages\/620"}],"wp:featuredmedia":[{"embeddable":true,"href":"https:\/\/www.nordzucker.com\/en\/wp-json\/wp\/v2\/media\/1833"}],"wp:attachment":[{"href":"https:\/\/www.nordzucker.com\/en\/wp-json\/wp\/v2\/media?parent=4164"}],"wp:term":[{"taxonomy":"page_category","embeddable":true,"href":"https:\/\/www.nordzucker.com\/en\/wp-json\/wp\/v2\/page_category?post=4164"}],"curies":[{"name":"wp","href":"https:\/\/api.w.org\/{rel}","templated":true}]}}