{"id":1272,"date":"2020-08-26T06:27:34","date_gmt":"2020-08-26T06:27:34","guid":{"rendered":"https:\/\/www.nordzucker.com\/en\/?page_id=1272"},"modified":"2023-07-11T10:12:16","modified_gmt":"2023-07-11T08:12:16","slug":"trencianska-tepla","status":"publish","type":"page","link":"https:\/\/www.nordzucker.com\/en\/the-sugar-company\/locations\/trencianska-tepla\/","title":{"rendered":"Tren\u010dianska Tepl\u00e1"},"content":{"rendered":"\n<h2 class=\"wp-block-heading\">Split campaign since 2005<\/h2>\n\n\n\n<div class=\"py-4 text-xl leading-8\">\n\tThe foundation stone for the Pova\u017esk\u00fd cukor a.s. sugar factory was laid in 1900. The first campaign took place the following year.<\/div>\n\n\n<p>Pova\u017esk\u00fd cukor a.s. was the first sugar factory in Slovakia to start splitting its campaign in 2005. This means that we process 60 per cent of the thick juice in the autumn campaign of the current year and the remaining 40 per cent in the spring thick juice campaign of the following year. This enables us to produce sugar at the factory all year round, providing our customers with an even more reliable supply.<\/p>\n\n\n<div class=\"bg-primary-lighten-4 px-16 py-10\">\n\t\t\t<h3 class=\"text-2xl mb-4 font-alt font-semibold\">\n\t\t\tAddress\t\t<\/h3>\n\t\t    <div class=\"content py-2\">\n\t\t\n\n<p>Pova\u017esk\u00fd cukor a.s.<br>Cukrovarsk\u00e1\u00a0311\/9<br>91401 Tren\u010dianska Tepl\u00e1 <br>Slovakia<\/p>\n\n\t<\/div>\n\t\t\t<div class=\"mt-4\">\n\t\t\t\t\t<a href=\"https:\/\/goo.gl\/maps\/omQTMkjd1mwoWWrv9\"  target=\"_blank\" class=\"button h5 inline-block font-bold uppercase py-2 px-6 leading-6 rounded-full border border-[3px] border-primary \">\n\t\t\t<span class=\"inline-block text-primary\">Show on Google Maps<\/span>\n\t\t<\/a>\n\t\t<\/div>\n\t\t\n<\/div>","protected":false},"excerpt":{"rendered":"<p>Split campaign since 2005 Pova\u017esk\u00fd cukor a.s. was the first sugar factory in Slovakia to start splitting its campaign in 2005. This means that we [&hellip;]<\/p>\n","protected":false},"author":1,"featured_media":1833,"parent":622,"menu_order":-1,"comment_status":"closed","ping_status":"closed","template":"","meta":{"footnotes":""},"page_category":[],"acf":[],"_links":{"self":[{"href":"https:\/\/www.nordzucker.com\/en\/wp-json\/wp\/v2\/pages\/1272"}],"collection":[{"href":"https:\/\/www.nordzucker.com\/en\/wp-json\/wp\/v2\/pages"}],"about":[{"href":"https:\/\/www.nordzucker.com\/en\/wp-json\/wp\/v2\/types\/page"}],"author":[{"embeddable":true,"href":"https:\/\/www.nordzucker.com\/en\/wp-json\/wp\/v2\/users\/1"}],"replies":[{"embeddable":true,"href":"https:\/\/www.nordzucker.com\/en\/wp-json\/wp\/v2\/comments?post=1272"}],"version-history":[{"count":10,"href":"https:\/\/www.nordzucker.com\/en\/wp-json\/wp\/v2\/pages\/1272\/revisions"}],"predecessor-version":[{"id":6465,"href":"https:\/\/www.nordzucker.com\/en\/wp-json\/wp\/v2\/pages\/1272\/revisions\/6465"}],"up":[{"embeddable":true,"href":"https:\/\/www.nordzucker.com\/en\/wp-json\/wp\/v2\/pages\/622"}],"wp:featuredmedia":[{"embeddable":true,"href":"https:\/\/www.nordzucker.com\/en\/wp-json\/wp\/v2\/media\/1833"}],"wp:attachment":[{"href":"https:\/\/www.nordzucker.com\/en\/wp-json\/wp\/v2\/media?parent=1272"}],"wp:term":[{"taxonomy":"page_category","embeddable":true,"href":"https:\/\/www.nordzucker.com\/en\/wp-json\/wp\/v2\/page_category?post=1272"}],"curies":[{"name":"wp","href":"https:\/\/api.w.org\/{rel}","templated":true}]}}