{"id":1270,"date":"2020-08-26T06:27:02","date_gmt":"2020-08-26T06:27:02","guid":{"rendered":"https:\/\/www.nordzucker.com\/en\/?page_id=1270"},"modified":"2023-07-11T10:14:58","modified_gmt":"2023-07-11T08:14:58","slug":"chelmza","status":"publish","type":"page","link":"https:\/\/www.nordzucker.com\/en\/the-sugar-company\/locations\/chelmza\/","title":{"rendered":"Che\u0142m\u017ca"},"content":{"rendered":"\n<h2 class=\"wp-block-heading\">Location of a sugar factory and a refinery<\/h2>\n\n\n\n<div class=\"py-4 text-xl leading-8\">\n\tThe historic roots of the Che\u0142m\u017ca sugar factory located near Toru\u0144 stretch back to the end of the 19th century, when the factory was founded. The first sugar beet campaign took place there in 1882.<\/div>\n\n\n<p>As part of the privatization process, we acquired a majority shareholding in 2000. Between 2000 and 2006, we invested extensively in modernizing the factory to make it more productive and efficient. Our aim was to improve customer satisfaction even further while also satisfying our high standards in sugar quality, environmental protection and energy conservation. <\/p>\n\n\n\n<p>Today, we produce crystalline white sugar in Che\u0142m\u017ca and supply it to the retail sector in 1-kilogramme bags and to industry in 50-kilogramme sacks and Bigbags.<\/p>\n\n\n\n<p>At this location we can further process raw sugar into crystalline white sugar.<\/p>\n\n\n<div class=\"bg-primary-lighten-4 px-16 py-10\">\n\t\t\t<h3 class=\"text-2xl mb-4 font-alt font-semibold\">\n\t\t\tAddress\t\t<\/h3>\n\t\t    <div class=\"content py-2\">\n\t\t\n\n<p>Nordzucker Polska S.A.<br>Factory Che\u0142m\u017ca<br>ul. Bydgoska 4<br>87-140 Che\u0142m\u017ca<br>Poland<\/p>\n\n\t<\/div>\n\t\t\t<div class=\"mt-4\">\n\t\t\t\t\t<a href=\"https:\/\/goo.gl\/maps\/4iGawh5PoceSwGSs5\"  target=\"_blank\" class=\"button h5 inline-block font-bold uppercase py-2 px-6 leading-6 rounded-full border border-[3px] border-primary \">\n\t\t\t<span class=\"inline-block text-primary\">Show on Google Maps<\/span>\n\t\t<\/a>\n\t\t<\/div>\n\t\t\n<\/div>","protected":false},"excerpt":{"rendered":"<p>Location of a sugar factory and a refinery As part of the privatization process, we acquired a majority shareholding in 2000. Between 2000 and 2006, [&hellip;]<\/p>\n","protected":false},"author":1,"featured_media":1850,"parent":622,"menu_order":-1,"comment_status":"closed","ping_status":"closed","template":"","meta":{"footnotes":""},"page_category":[],"acf":[],"_links":{"self":[{"href":"https:\/\/www.nordzucker.com\/en\/wp-json\/wp\/v2\/pages\/1270"}],"collection":[{"href":"https:\/\/www.nordzucker.com\/en\/wp-json\/wp\/v2\/pages"}],"about":[{"href":"https:\/\/www.nordzucker.com\/en\/wp-json\/wp\/v2\/types\/page"}],"author":[{"embeddable":true,"href":"https:\/\/www.nordzucker.com\/en\/wp-json\/wp\/v2\/users\/1"}],"replies":[{"embeddable":true,"href":"https:\/\/www.nordzucker.com\/en\/wp-json\/wp\/v2\/comments?post=1270"}],"version-history":[{"count":17,"href":"https:\/\/www.nordzucker.com\/en\/wp-json\/wp\/v2\/pages\/1270\/revisions"}],"predecessor-version":[{"id":6468,"href":"https:\/\/www.nordzucker.com\/en\/wp-json\/wp\/v2\/pages\/1270\/revisions\/6468"}],"up":[{"embeddable":true,"href":"https:\/\/www.nordzucker.com\/en\/wp-json\/wp\/v2\/pages\/622"}],"wp:featuredmedia":[{"embeddable":true,"href":"https:\/\/www.nordzucker.com\/en\/wp-json\/wp\/v2\/media\/1850"}],"wp:attachment":[{"href":"https:\/\/www.nordzucker.com\/en\/wp-json\/wp\/v2\/media?parent=1270"}],"wp:term":[{"taxonomy":"page_category","embeddable":true,"href":"https:\/\/www.nordzucker.com\/en\/wp-json\/wp\/v2\/page_category?post=1270"}],"curies":[{"name":"wp","href":"https:\/\/api.w.org\/{rel}","templated":true}]}}