{"id":1266,"date":"2023-10-13T10:02:48","date_gmt":"2023-10-13T08:02:48","guid":{"rendered":"https:\/\/www.nordzucker.com\/en\/?page_id=1266"},"modified":"2025-08-26T17:22:21","modified_gmt":"2025-08-26T15:22:21","slug":"kedainiai","status":"publish","type":"page","link":"https:\/\/www.nordzucker.com\/en\/the-sugar-company\/locations\/kedainiai\/","title":{"rendered":"K\u0117dainiai"},"content":{"rendered":"\n<h2 class=\"wp-block-heading\">A young factory in the full of tradition of sugar production<\/h2>\n\n\n\n<div class=\"py-4 text-xl leading-8\">\n\tThe K\u0117dainiai sugar factory has been operating since 1970 and stands as the largest (white) sugar producer in Lithuania, supplying a significant share of the sugar market in Lithuania and the Baltic States. <\/div>\n\n\n<p>With over 200 dedicated employees, the factory plays a vital role in the regional economy and food industry.The core activity is the production of (white) sugar from locally grown sugar beet. This sugar is packaged in a variety of formats and delivered to both domestic and export markets. Products are marketed under well-known brands such as Panev\u0117\u017eio Plius and DanSukker. In addition to white sugar, the company also packages brown cane sugar, sugar syrup, powdered sugar, and other speciality products tailored to diverse customer needs.<\/p>\n\n\n\n<p>The factory also produces valuable by-products, including beet pulp for animal feed, molasses, and lime used as fertilizer. Committed to sustainable practices, Nordic Sugar K\u0117dainiai continuously reduce environmental impact and support long-term agricultural partnerships.<\/p>\n\n\n<div class=\"bg-primary-lighten-4 px-16 py-10\">\n\t\t\t<h3 class=\"text-2xl mb-4 font-alt font-semibold\">\n\t\t\tAddress\t\t<\/h3>\n\t\t    <div class=\"content py-2\">\n\t\t\n\n<p>AB Nordic&nbsp;Sugar K\u0117dainiai<br>Pramon\u00e9s g. 6<br>57500 K\u0117dainiai <br>Lithuania<\/p>\n\n\t<\/div>\n\t\t\t<div class=\"mt-4\">\n\t\t\t\t\t<a href=\"https:\/\/goo.gl\/maps\/wWWqfnHMN449dteV8\"  target=\"_blank\" class=\"button h5 inline-block font-bold uppercase py-2 px-6 leading-6 rounded-full border border-[3px] border-primary \">\n\t\t\t<span class=\"inline-block text-primary\">Show on Google Maps<\/span>\n\t\t<\/a>\n\t\t<\/div>\n\t\t\n<\/div>","protected":false},"excerpt":{"rendered":"<p>A young factory in the full of tradition of sugar production With over 200 dedicated employees, the factory plays a vital role in the regional [&hellip;]<\/p>\n","protected":false},"author":1,"featured_media":8969,"parent":622,"menu_order":-1,"comment_status":"closed","ping_status":"closed","template":"","meta":{"footnotes":""},"page_category":[],"acf":[],"_links":{"self":[{"href":"https:\/\/www.nordzucker.com\/en\/wp-json\/wp\/v2\/pages\/1266"}],"collection":[{"href":"https:\/\/www.nordzucker.com\/en\/wp-json\/wp\/v2\/pages"}],"about":[{"href":"https:\/\/www.nordzucker.com\/en\/wp-json\/wp\/v2\/types\/page"}],"author":[{"embeddable":true,"href":"https:\/\/www.nordzucker.com\/en\/wp-json\/wp\/v2\/users\/1"}],"replies":[{"embeddable":true,"href":"https:\/\/www.nordzucker.com\/en\/wp-json\/wp\/v2\/comments?post=1266"}],"version-history":[{"count":18,"href":"https:\/\/www.nordzucker.com\/en\/wp-json\/wp\/v2\/pages\/1266\/revisions"}],"predecessor-version":[{"id":8973,"href":"https:\/\/www.nordzucker.com\/en\/wp-json\/wp\/v2\/pages\/1266\/revisions\/8973"}],"up":[{"embeddable":true,"href":"https:\/\/www.nordzucker.com\/en\/wp-json\/wp\/v2\/pages\/622"}],"wp:featuredmedia":[{"embeddable":true,"href":"https:\/\/www.nordzucker.com\/en\/wp-json\/wp\/v2\/media\/8969"}],"wp:attachment":[{"href":"https:\/\/www.nordzucker.com\/en\/wp-json\/wp\/v2\/media?parent=1266"}],"wp:term":[{"taxonomy":"page_category","embeddable":true,"href":"https:\/\/www.nordzucker.com\/en\/wp-json\/wp\/v2\/page_category?post=1266"}],"curies":[{"name":"wp","href":"https:\/\/api.w.org\/{rel}","templated":true}]}}