{"id":1192,"date":"2020-08-25T13:09:46","date_gmt":"2020-08-25T13:09:46","guid":{"rendered":"https:\/\/www.nordzucker.com\/en\/?page_id=1192"},"modified":"2026-02-23T15:26:11","modified_gmt":"2026-02-23T14:26:11","slug":"agriportal-2","status":"publish","type":"page","link":"https:\/\/www.nordzucker.com\/en\/agriportal-2\/","title":{"rendered":"AgriPortal is becoming CropConnect"},"content":{"rendered":"\n<h2 class=\"wp-block-heading\">Platform for beet growers<\/h2>\n\n\n\n<div class=\"py-4 text-xl leading-8\">\n\tInformation and advice for sugar beet growers on the web. <br \/>\r\nWhat you need to know: <\/div>\n\n\n<p>AgriPortal is gradually being converted to the new CropConnect platform. CropConnect provides our growers with up-to-date information digitally, quickly and efficiently. The successor system to AgriPortal provides insight into all relevant documents relating to the business relationship between growers and Nordzucker.&nbsp;<\/p>\n\n\n\n<p>Orders for carbonated lime, feed and seeds can be placed via the e-shop in CropConnect. In addition, we provide information on beet logistics and important information, tips and updates during the campaign.&nbsp;<\/p>\n\n\n\n<p>AgriPortal Consult and the AgriPortal mobile app are currently still available to growers as digital cultivation advice tools. These provide detailed advice, digital decision-making aids and a quick overview \u2013 even when you are on the move.&nbsp;<\/p>\n\n\n\n<p>If you have any questions about switching to the new <a href=\"https:\/\/www.cropconnect.farm\/\" data-type=\"link\" data-id=\"https:\/\/www.cropconnect.farm\/\">CropConnect<\/a> platform, please contact your regional Agricenter.&nbsp;<\/p>\n\n\n<div class=\"bg-primary-lighten-4 px-16 py-10\">\n\t\t\t<h3 class=\"text-2xl mb-4 font-alt font-semibold\">\n\t\t\tCropConnect\t\t<\/h3>\n\t\t    <div class=\"content py-2\">\n\t\t\n\n<p><em>You can access <\/em>CropConnect here<em>.<\/em><\/p>\n\n\t<\/div>\n\t\t\t<div class=\"mt-4\">\n\t\t\t\t\t<a href=\"https:\/\/www.cropconnect.farm\/\"  target=\"_blank\" class=\"button h5 inline-block font-bold uppercase py-2 px-6 leading-6 rounded-full border border-[3px] border-primary \">\n\t\t\t<span class=\"inline-block text-primary\">To the portal<\/span>\n\t\t<\/a>\n\t\t<\/div>\n\t\t\n<\/div>\n\n<div class=\"bg-primary-lighten-4 px-16 py-10\">\n\t\t\t<h3 class=\"text-2xl mb-4 font-alt font-semibold\">\n\t\t\tGermany AgriPortal\t\t<\/h3>\n\t\t    <div class=\"content py-2\">\n\t\t\n\n<p><em>You can access the AgriPortal for Germany here.<\/em><\/p>\n\n\t<\/div>\n\t\t\t<div class=\"mt-4\">\n\t\t\t\t\t<a href=\"https:\/\/agriportal.nordzucker.de\/irj\/portal\/nordzucker\/de\"  target=\"_blank\" class=\"button h5 inline-block font-bold uppercase py-2 px-6 leading-6 rounded-full border border-[3px] border-primary \">\n\t\t\t<span class=\"inline-block text-primary\">To the portal<\/span>\n\t\t<\/a>\n\t\t<\/div>\n\t\t\n<\/div>\n\n<div class=\"bg-primary-lighten-4 px-16 py-10\">\n\t\t\t<h3 class=\"text-2xl mb-4 font-alt font-semibold\">\n\t\t\tDenmark AgriPortal\t\t<\/h3>\n\t\t    <div class=\"content py-2\">\n\t\t\n\n<p>Klik her for at g\u00e5 til AgriPortal for Danmark.<\/p>\n\n\t<\/div>\n\t\t\t<div class=\"mt-4\">\n\t\t\t\t\t<a href=\"https:\/\/www.sukkerroer.nu\/irj\/portal\/nordzucker\/da\"  target=\"_blank\" class=\"button h5 inline-block font-bold uppercase py-2 px-6 leading-6 rounded-full border border-[3px] border-primary \">\n\t\t\t<span class=\"inline-block text-primary\">To the portal<\/span>\n\t\t<\/a>\n\t\t<\/div>\n\t\t\n<\/div>\n\n<div class=\"bg-primary-lighten-4 px-16 py-10\">\n\t\t\t<h3 class=\"text-2xl mb-4 font-alt font-semibold\">\n\t\t\tFinland AgriPortal\t\t<\/h3>\n\t\t    <div class=\"content py-2\">\n\t\t\n\n<p>Klikkaa t\u00e4st\u00e4 siirty\u00e4ksesi Suomen maatalousportaaliin.<\/p>\n\n\t<\/div>\n\t\t\t<div class=\"mt-4\">\n\t\t\t\t\t<a href=\"https:\/\/www.sucros.fi\/irj\/portal\/nordzucker\/fi\"  target=\"_blank\" class=\"button h5 inline-block font-bold uppercase py-2 px-6 leading-6 rounded-full border border-[3px] border-primary \">\n\t\t\t<span class=\"inline-block text-primary\">To the portal<\/span>\n\t\t<\/a>\n\t\t<\/div>\n\t\t\n<\/div>\n\n<div class=\"bg-primary-lighten-4 px-16 py-10\">\n\t\t\t<h3 class=\"text-2xl mb-4 font-alt font-semibold\">\n\t\t\tLithuania AgriPortal\t\t<\/h3>\n\t\t    <div class=\"content py-2\">\n\t\t\n\n<p><em>Spauskite \u010dia, jei norite patekti \u012f Lietuvos agroportal\u0105.<\/em><\/p>\n\n\t<\/div>\n\t\t\t<div class=\"mt-4\">\n\t\t\t\t\t<a href=\"https:\/\/www.cukriniairunkeliai.lt\/irj\/portal\/nordzucker\/lt\"  target=\"_blank\" class=\"button h5 inline-block font-bold uppercase py-2 px-6 leading-6 rounded-full border border-[3px] border-primary \">\n\t\t\t<span class=\"inline-block text-primary\">To the portal<\/span>\n\t\t<\/a>\n\t\t<\/div>\n\t\t\n<\/div>\n\n<div class=\"bg-primary-lighten-4 px-16 py-10\">\n\t\t\t<h3 class=\"text-2xl mb-4 font-alt font-semibold\">\n\t\t\tPoland AgriPortal\t\t<\/h3>\n\t\t    <div class=\"content py-2\">\n\t\t\n\n<p><em>Kliknij tutaj, aby przej\u015b\u0107 do AgriPortalu dla Polski.<\/em><\/p>\n\n\t<\/div>\n\t\t\t<div class=\"mt-4\">\n\t\t\t\t\t<a href=\"https:\/\/agriportal.nordzucker.pl\/irj\/portal\/nordzucker\/pl\"  target=\"_blank\" class=\"button h5 inline-block font-bold uppercase py-2 px-6 leading-6 rounded-full border border-[3px] border-primary \">\n\t\t\t<span class=\"inline-block text-primary\">To the portal<\/span>\n\t\t<\/a>\n\t\t<\/div>\n\t\t\n<\/div>\n\n<div class=\"bg-primary-lighten-4 px-16 py-10\">\n\t\t\t<h3 class=\"text-2xl mb-4 font-alt font-semibold\">\n\t\t\tSlovakia AgriPortal\t\t<\/h3>\n\t\t    <div class=\"content py-2\">\n\t\t\n\n<p><em>Kliknut\u00edm sem prejdite na port\u00e1l AgriPortal pre Slovensko.<\/em><\/p>\n\n\t<\/div>\n\t\t\t<div class=\"mt-4\">\n\t\t\t\t\t<a href=\"https:\/\/agriportal.nordzucker.sk\/irj\/portal\/nordzucker\/sk\"  target=\"_blank\" class=\"button h5 inline-block font-bold uppercase py-2 px-6 leading-6 rounded-full border border-[3px] border-primary \">\n\t\t\t<span class=\"inline-block text-primary\">To the portal<\/span>\n\t\t<\/a>\n\t\t<\/div>\n\t\t\n<\/div>\n\n<div class=\"bg-primary-lighten-4 px-16 py-10\">\n\t\t\t<h3 class=\"text-2xl mb-4 font-alt font-semibold\">\n\t\t\tSweden AgriPortal\t\t<\/h3>\n\t\t    <div class=\"content py-2\">\n\t\t\n\n<p><em>Klicka h\u00e4r f\u00f6r att komma till AgriPortal f\u00f6r Sverige.<\/em><\/p>\n\n\t<\/div>\n\t\t\t<div class=\"mt-4\">\n\t\t\t\t\t<a href=\"https:\/\/www.sockerbetor.nu\/irj\/portal\/nordzucker\/sv\"  target=\"_blank\" class=\"button h5 inline-block font-bold uppercase py-2 px-6 leading-6 rounded-full border border-[3px] border-primary \">\n\t\t\t<span class=\"inline-block text-primary\">To the portal<\/span>\n\t\t<\/a>\n\t\t<\/div>\n\t\t\n<\/div>","protected":false},"excerpt":{"rendered":"<p>Platform for beet growers AgriPortal is gradually being converted to the new CropConnect platform. CropConnect provides our growers with up-to-date information digitally, quickly and efficiently. [&hellip;]<\/p>\n","protected":false},"author":1,"featured_media":2788,"parent":0,"menu_order":0,"comment_status":"closed","ping_status":"closed","template":"","meta":{"footnotes":""},"page_category":[242],"acf":[],"_links":{"self":[{"href":"https:\/\/www.nordzucker.com\/en\/wp-json\/wp\/v2\/pages\/1192"}],"collection":[{"href":"https:\/\/www.nordzucker.com\/en\/wp-json\/wp\/v2\/pages"}],"about":[{"href":"https:\/\/www.nordzucker.com\/en\/wp-json\/wp\/v2\/types\/page"}],"author":[{"embeddable":true,"href":"https:\/\/www.nordzucker.com\/en\/wp-json\/wp\/v2\/users\/1"}],"replies":[{"embeddable":true,"href":"https:\/\/www.nordzucker.com\/en\/wp-json\/wp\/v2\/comments?post=1192"}],"version-history":[{"count":23,"href":"https:\/\/www.nordzucker.com\/en\/wp-json\/wp\/v2\/pages\/1192\/revisions"}],"predecessor-version":[{"id":9450,"href":"https:\/\/www.nordzucker.com\/en\/wp-json\/wp\/v2\/pages\/1192\/revisions\/9450"}],"wp:featuredmedia":[{"embeddable":true,"href":"https:\/\/www.nordzucker.com\/en\/wp-json\/wp\/v2\/media\/2788"}],"wp:attachment":[{"href":"https:\/\/www.nordzucker.com\/en\/wp-json\/wp\/v2\/media?parent=1192"}],"wp:term":[{"taxonomy":"page_category","embeddable":true,"href":"https:\/\/www.nordzucker.com\/en\/wp-json\/wp\/v2\/page_category?post=1192"}],"curies":[{"name":"wp","href":"https:\/\/api.w.org\/{rel}","templated":true}]}}