{"id":9905,"date":"2024-11-11T10:51:51","date_gmt":"2024-11-11T09:51:51","guid":{"rendered":"https:\/\/www.nordzucker.com\/de\/?page_id=9905"},"modified":"2025-07-06T14:29:33","modified_gmt":"2025-07-06T12:29:33","slug":"traineeprogramm-in-deutschland","status":"publish","type":"page","link":"https:\/\/www.nordzucker.com\/de\/menschen-bei-nordzucker\/ausbildung\/traineeprogramm-in-deutschland\/","title":{"rendered":"Traineeprogramm"},"content":{"rendered":"\n<h2 class=\"wp-block-heading\">Mit Dir werden wir noch besser&#8230;<\/h2>\n\n\n\n<div class=\"py-4 text-xl leading-8\">\n\tWer nach dem Studium Interesse an einem vielseitigen Berufseinstieg bei einem der weltweit f\u00fchrenden Zuckerunternehmen hat, ist bei uns genau richtig: Unser ma\u00dfgeschneidertes Traineeprogramm bei Nordzucker wartet auf dich!<\/div>\n\n\n<p>Das Programm ist auf zwei Jahre angelegt, circa alle drei Monate lernst du ein neues Feld innerhalb der Bereiche Operations, Engineering &amp; Technology und Agri unseres Unternehmens kennen. Du wechselst ebenfalls den Standort und bist w\u00e4hrend der Kampagne live in einem Werk dabei, wenn dort zwischen September und Januar aus Zuckerr\u00fcben Zucker gewonnen wird.<\/p>\n\n\n<figure>\n\t\t\t<img decoding=\"async\" src=\"https:\/\/www.nordzucker.com\/de\/wp-content\/uploads\/sites\/2\/2024\/11\/nordzucker_traineeprogramm_teamevent.jpg\" class=\"max-w-full\" \/>\n\t\t\t\t<figcaption class=\"italic text-sm mt-1\">\n\t\t\tUnsere Trainee-Events bieten eine sch\u00f6ne Gelegenheit, sich einmal fernab des Schreibtisches  <br \/>\r\n  auszutauschen. <br \/>\r\n\t\t<\/figcaption>\n\t\t<\/figure>\n\n\n<p>Hier erf\u00e4hrst du, was dich in unserem zweij\u00e4hrigen Traineeprogramm erwartet:<\/p>\n\n\n\n<h4 class=\"wp-block-heading\"><strong>Erstes Jahr: Grundlagen und Netzwerke<\/strong><\/h4>\n\n\n\n<p>Im ersten Jahr lernst du die Basics und baust wertvolle Netzwerke im Unternehmen auf. Dazu geh\u00f6ren:<\/p>\n\n\n\n<ul>\n<li><strong>Interne zuckertechnologische Schulungen<\/strong><\/li>\n\n\n\n<li><strong>Pers\u00f6nlichkeitstrainings (zum Beispiel pferdegest\u00fctztes Training)<\/strong><\/li>\n\n\n\n<li><strong>Regelm\u00e4\u00dfige Trainee-Events<\/strong><\/li>\n\n\n\n<li><strong>Werkbesichtigungen<\/strong><\/li>\n\n\n\n<li><strong>Treffen und Austausch mit dem Vorstand und dem Top Management<\/strong><\/li>\n<\/ul>\n\n\n\n<p>W\u00e4hrend des gesamten Traineeprogramms hast du immer einen Mentor und fachliche Betreuung an deiner Seite. Intensiver Austausch und regelm\u00e4\u00dfige Feedbackgespr\u00e4che sind ebenfalls ein wichtiger Teil des Programms.<\/p>\n\n\n\n<h4 class=\"wp-block-heading\"><strong>Zweites Jahr: Vertiefung und Spezialisierung<\/strong><\/h4>\n\n\n\n<p>Im zweiten Jahr geht es um deine individuelle und fachliche Vertiefung. Du bereitest dich auf deine potenzielle Zielposition vor. Highlights dabei sind:<\/p>\n\n\n\n<ul>\n<li><strong>Teilnahme an einem Zuckerseminar der TU Berlin f\u00fcr einen umfassenden \u00dcberblick \u00fcber Zuckertechnologien und -produktion<\/strong><\/li>\n\n\n\n<li><strong>Individuelle Trainings und Schulungen im Bereich People Management, wie Team- oder Mitarbeiterf\u00fchrung, Kommunikation und Zusammenarbeit<\/strong><\/li>\n\n\n\n<li><strong>Internationaler Kampagneneinsatz als kr\u00f6nender Abschluss<\/strong><\/li>\n<\/ul>\n\n\n<figure>\n\t\t\t<img decoding=\"async\" src=\"\" class=\"max-w-full\" \/>\n\t\t<\/figure>\n\n\n<h4 class=\"wp-block-heading\">Stimmen aus unserem Unternehmen<\/h4>\n\n\n\n<p><\/p>\n\n\n\n<div class=\"carousel\">\n\n  <div class=\"relative overflow-hidden\">\n\n    <!-- Carousel -->\n    <div class=\"aspect-[3\/2]\">\n      <amp-base-carousel\n        id=\"carousel_912\"\n        layout=\"fill\"\n        controls=\"never\"\n        auto-advance=\"true\"\n        auto-advance-interval=\"5000\"\n        loop=\"true\"\n        role=\"region\"\n        aria-label=\"Image carousel\"\n        on=\"slideChange:indicators_912.toggle(index=event.index,value=true),captions_912.toggle(index=event.index,value=true)\"        >\n        \n                      <figure class=\"aspect-[3\/2]\">\n              <amp-img src=\"https:\/\/www.nordzucker.com\/de\/wp-content\/uploads\/sites\/2\/2024\/11\/nordzucker_traineeprogramm_tabea-nolte-1.jpg\"width=\"600\"height=\"450\"class=\"object-cover object-center\"alt=\"Trainee wearing protective clothing in a factory\"layout=\"fill\"data-amp-auto-lightbox-disable=\"1\"noloading=\"1\"srcset=\"https:\/\/www.nordzucker.com\/de\/wp-content\/uploads\/sites\/2\/2024\/11\/nordzucker_traineeprogramm_tabea-nolte-1.jpg 600w, https:\/\/www.nordzucker.com\/de\/wp-content\/uploads\/sites\/2\/2024\/11\/nordzucker_traineeprogramm_tabea-nolte-1-300x225.jpg 300w\"><\/amp-img>    <meta itemprop=\"image\" content=\"https:\/\/www.nordzucker.com\/de\/wp-content\/uploads\/sites\/2\/2024\/11\/nordzucker_traineeprogramm_tabea-nolte-1.jpg\"><\/meta>\n                <\/figure>\n          \n        \n                      <figure class=\"aspect-[3\/2]\">\n              <amp-img src=\"https:\/\/www.nordzucker.com\/de\/wp-content\/uploads\/sites\/2\/2025\/05\/nordzucker_trainee_programm_joel-pilz-scaled.jpg\"width=\"2560\"height=\"1706\"class=\"object-cover object-center\"alt=\"Junger Mann mit Sicherheitskleidzung im Werk\"layout=\"fill\"data-amp-auto-lightbox-disable=\"1\"noloading=\"1\"srcset=\"https:\/\/www.nordzucker.com\/de\/wp-content\/uploads\/sites\/2\/2025\/05\/nordzucker_trainee_programm_joel-pilz-scaled.jpg 2560w, https:\/\/www.nordzucker.com\/de\/wp-content\/uploads\/sites\/2\/2025\/05\/nordzucker_trainee_programm_joel-pilz-300x200.jpg 300w, https:\/\/www.nordzucker.com\/de\/wp-content\/uploads\/sites\/2\/2025\/05\/nordzucker_trainee_programm_joel-pilz-1600x1067.jpg 1600w, https:\/\/www.nordzucker.com\/de\/wp-content\/uploads\/sites\/2\/2025\/05\/nordzucker_trainee_programm_joel-pilz-768x512.jpg 768w, https:\/\/www.nordzucker.com\/de\/wp-content\/uploads\/sites\/2\/2025\/05\/nordzucker_trainee_programm_joel-pilz-1536x1024.jpg 1536w, https:\/\/www.nordzucker.com\/de\/wp-content\/uploads\/sites\/2\/2025\/05\/nordzucker_trainee_programm_joel-pilz-2048x1365.jpg 2048w\"><\/amp-img>    <meta itemprop=\"image\" content=\"https:\/\/www.nordzucker.com\/de\/wp-content\/uploads\/sites\/2\/2025\/05\/nordzucker_trainee_programm_joel-pilz-scaled.jpg\"><\/meta>\n                <\/figure>\n          \n        \n                      <figure class=\"aspect-[3\/2]\">\n              <amp-img src=\"https:\/\/www.nordzucker.com\/de\/wp-content\/uploads\/sites\/2\/2025\/05\/nordzucker_trainee-programme_simone_junge_loose-e1748175225508.jpg\"width=\"809\"height=\"912\"class=\"object-cover object-center\"alt=\"Frau mit Bluse und Blazer\"layout=\"fill\"data-amp-auto-lightbox-disable=\"1\"noloading=\"1\"srcset=\"https:\/\/www.nordzucker.com\/de\/wp-content\/uploads\/sites\/2\/2025\/05\/nordzucker_trainee-programme_simone_junge_loose-e1748175225508.jpg 809w, https:\/\/www.nordzucker.com\/de\/wp-content\/uploads\/sites\/2\/2025\/05\/nordzucker_trainee-programme_simone_junge_loose-e1748175225508-266x300.jpg 266w, https:\/\/www.nordzucker.com\/de\/wp-content\/uploads\/sites\/2\/2025\/05\/nordzucker_trainee-programme_simone_junge_loose-e1748175225508-768x866.jpg 768w\"><\/amp-img>    <meta itemprop=\"image\" content=\"https:\/\/www.nordzucker.com\/de\/wp-content\/uploads\/sites\/2\/2025\/05\/nordzucker_trainee-programme_simone_junge_loose-e1748175225508.jpg\"><\/meta>\n                <\/figure>\n          \n              <\/amp-base-carousel>\n    <\/div>\n\n    <!-- Controls -->\n          \n      <!-- Button Prev -->\n      <button\n        on=\"tap:carousel_912.prev()\"\n        title=\"Previous element\"\n        aria-label=\"Previous element\"\n        class=\"absolute left-0 top-1\/2 -translate-y-1\/2 flex items-center justify-center w-10 h-10 bg-primary transform transition duration-300 hover:scale-105\">\n          <div class=\"text-body text-5xl -mt-1\">&lsaquo;<\/div>\n      <\/button>\n\n      \n      <!-- Button Next -->\n      <button\n        on=\"tap:carousel_912.next()\"\n        title=\"Next element\"\n        aria-label=\"Next element\"\n        class=\"absolute right-0 top-1\/2 -translate-y-1\/2 flex items-center justify-center w-10 h-10 bg-primary transform transition duration-300 hover:scale-105\">\n        <div class=\"text-body text-5xl -mt-1\">&rsaquo;<\/div>\n      <\/button>\n\n          \n\n  <\/div>\n\n  <!-- Captions -->\n      <div class=\"relative bg-primary-darken-1 py-2 px-5 text-body\">\n      <amp-selector\n        id=\"captions_912\"\n        class=\"captions \"\n        aria-label=\"Image carousel captions\"\n        layout=\"container\">\n        <ul class=\"grid grid-cols-1 mt-3 list-none pl-0\" >\n                      <li\n              class=\"pl-0 m-0 col-start-1 col-end-1 row-start-1 row-end-1 hidden\"\n              option=\"0\"\n              selected            >\n      \n              <!-- Title -->\n                              <p class=\"text-lg font-bold mb-1\">Tebea Chantal Kilian, Trainee im Bereich Production, Engineering &amp; Technology <\/p>\n                            <div class=\"\">\n              \u201eDas Traineeprogramm bietet den klaren Vorteil, umfassende Kontakte in alle Abteilungen kn\u00fcpfen zu k\u00f6nnen. Dabei erh\u00e4lt man die Gelegenheit, in den unterschiedlichsten Bereichen t\u00e4tig zu sein \u2013 von der direkten Mitarbeit im Werk w\u00e4hrend der Kampagne bis hin zu Verwaltungsabteilungen, wie GoGreen oder Investment &amp; Maintenance. Meine n\u00e4chste Station f\u00fchrt mich nach \u00d6rtofta.&#8221;              <\/div>\n    \n              <!-- Button -->\n                          <\/li>\n                      <li\n              class=\"pl-0 m-0 col-start-1 col-end-1 row-start-1 row-end-1 hidden\"\n              option=\"1\"\n                          >\n      \n              <!-- Title -->\n                              <p class=\"text-lg font-bold mb-1\">Joel Pilz, Trainee im Bereich Production, Engineering &amp; Technology<\/p>\n                            <div class=\"\">\n              \u201eIch bin seit 2024 Teil des Traineeprogramms und bin vom ma\u00dfgeschneiderten Format des Programms \u00fcberzeugt. Den regelm\u00e4\u00dfigen Erfahrungsaustausch mit den anderen Trainees finde ich total gut und ist f\u00fcr mich die M\u00f6glichkeit, sich gegenseitig auf fachlicher Ebene zu unterst\u00fctzen. Ich sch\u00e4tze auch das regelm\u00e4\u00dfige Sparring mit meinem Mentor zu beruflichen Themen.&#8221;              <\/div>\n    \n              <!-- Button -->\n                          <\/li>\n                      <li\n              class=\"pl-0 m-0 col-start-1 col-end-1 row-start-1 row-end-1 hidden\"\n              option=\"2\"\n                          >\n      \n              <!-- Title -->\n                              <p class=\"text-lg font-bold mb-1\">Simone Junge-Loose koordiniert das Traineeprogramm <\/p>\n                            <div class=\"\">\n               \u201eUnser Traineeprogramm ist eine tolle M\u00f6glichkeit f\u00fcr Nachwuchskr\u00e4fte ins Berufsleben einzusteigen. Als Koordinatorin des Programms liegt mir die Weiterentwicklung und die individuelle Begleitung jedes Einzelnen am Herzen. Wir schaffen eine starke Gemeinschaft; unsere Trainees werden so optimal auf ihre zuk\u00fcnftige Position als Fach- oder F\u00fchrungskraft vorbereitet.&#8221;              <\/div>\n    \n              <!-- Button -->\n                          <\/li>\n                  <\/ul>\n      <\/amp-selector>\n\n      <!-- Indicators -->\n              <amp-selector\n          id=\"indicators_912\"\n          class=\"indicators absolute inset-x-0 bottom-0 p-3 lg:p-4\"\n          layout=\"container\"\n          on=\"select:carousel_912.goToSlide(index=event.targetOption)\">\n          <ul class=\"flex justify-center space-x-3 list-none\">\n                          <li class=\"rounded-full h-3 w-3 border-2 border-neutral-inverse\"\n                 selected                option=\"0\">\n              <\/li>\n                          <li class=\"rounded-full h-3 w-3 border-2 border-neutral-inverse\"\n                                option=\"1\">\n              <\/li>\n                          <li class=\"rounded-full h-3 w-3 border-2 border-neutral-inverse\"\n                                option=\"2\">\n              <\/li>\n                      <\/ul>\n        <\/amp-selector>\n      \n    <\/div>\n  \n<\/div>\n\n\n\n<p><\/p>\n\n\n\n<p><\/p>\n\n\n\n<figure>\n            <amp-iframe\n            width=\"16\"\n            height=\"9\"\n            layout=\"responsive\"\n            sandbox=\"allow-scripts allow-same-origin\"\n            style=\"border: 0;\"\n            src=\"https:\/\/v.imgi.no\/vlarale4mb\"\n            frameborder=\"0\"\n            allowfullscreen=\"allowfullscreen\">\n        <\/amp-iframe>\n        \t\t\t<figcaption class=\"italic text-sm mt-2\">\n\t\t\t<p>Unsere Trainee Jana Heublein (erstes Traineejahr) gibt einen Einblick in ihren Alltag im Bereich Production, Engineering &amp; Technoloy.<\/p>\n\t\t<\/figcaption>\n\t\t<\/figure>\n\n\n<p><\/p>\n\n\n\n<figure>\n            <amp-iframe\n            width=\"16\"\n            height=\"9\"\n            layout=\"responsive\"\n            sandbox=\"allow-scripts allow-same-origin\"\n            style=\"border: 0;\"\n            src=\"https:\/\/v.imgi.no\/gdvmlendje\"\n            frameborder=\"0\"\n            allowfullscreen=\"allowfullscreen\">\n        <\/amp-iframe>\n        \t\t\t<figcaption class=\"italic text-sm mt-2\">\n\t\t\t<p><span data-teams=\"true\"><i>Manuel Hein, ebenfalls Production, Engineering &amp; Technology -Trainee und im <\/i><i>zweiten<\/i><i> Traineejahr, <\/i><i>erl\u00e4utert, was das Traineeprogramm bei Nordzucker f\u00fcr ihn ausmacht.<\/i><\/span><\/p>\n\t\t<\/figcaption>\n\t\t<\/figure>\n\n\n<p>Bist du auf den Geschmack gekommen? Dann schau\u2019 dir unsere aktuellen vakanten <a href=\"https:\/\/jobs.nordzucker.com\/search\/?createNewAlert=false&amp;q=Trainee&amp;optionsFacetsDD_country=\" data-type=\"link\" data-id=\"https:\/\/jobs.nordzucker.com\/search\/?createNewAlert=false&amp;q=Trainee&amp;optionsFacetsDD_country=\">Trainee-Stellen<\/a> auf unserer Karriereseite an.<\/p>\n","protected":false},"excerpt":{"rendered":"<p>Nordzucker bietet ein zweij\u00e4hriges, ma\u00dfgeschneidertes Traineeprogramm f\u00fcr Hochschulabsolventen, die an einer abwechslungsreichen Karriere interessiert sind.<\/p>\n","protected":false},"author":6,"featured_media":11431,"parent":63,"menu_order":3,"comment_status":"closed","ping_status":"closed","template":"","meta":{"footnotes":""},"page_category":[],"acf":[],"_links":{"self":[{"href":"https:\/\/www.nordzucker.com\/de\/wp-json\/wp\/v2\/pages\/9905"}],"collection":[{"href":"https:\/\/www.nordzucker.com\/de\/wp-json\/wp\/v2\/pages"}],"about":[{"href":"https:\/\/www.nordzucker.com\/de\/wp-json\/wp\/v2\/types\/page"}],"author":[{"embeddable":true,"href":"https:\/\/www.nordzucker.com\/de\/wp-json\/wp\/v2\/users\/6"}],"replies":[{"embeddable":true,"href":"https:\/\/www.nordzucker.com\/de\/wp-json\/wp\/v2\/comments?post=9905"}],"version-history":[{"count":97,"href":"https:\/\/www.nordzucker.com\/de\/wp-json\/wp\/v2\/pages\/9905\/revisions"}],"predecessor-version":[{"id":11477,"href":"https:\/\/www.nordzucker.com\/de\/wp-json\/wp\/v2\/pages\/9905\/revisions\/11477"}],"up":[{"embeddable":true,"href":"https:\/\/www.nordzucker.com\/de\/wp-json\/wp\/v2\/pages\/63"}],"wp:featuredmedia":[{"embeddable":true,"href":"https:\/\/www.nordzucker.com\/de\/wp-json\/wp\/v2\/media\/11431"}],"wp:attachment":[{"href":"https:\/\/www.nordzucker.com\/de\/wp-json\/wp\/v2\/media?parent=9905"}],"wp:term":[{"taxonomy":"page_category","embeddable":true,"href":"https:\/\/www.nordzucker.com\/de\/wp-json\/wp\/v2\/page_category?post=9905"}],"curies":[{"name":"wp","href":"https:\/\/api.w.org\/{rel}","templated":true}]}}