{"id":9654,"date":"2024-07-11T12:54:09","date_gmt":"2024-07-11T10:54:09","guid":{"rendered":"https:\/\/www.nordzucker.com\/de\/?page_id=9654"},"modified":"2025-05-13T12:01:51","modified_gmt":"2025-05-13T10:01:51","slug":"gemeinsam-sicher","status":"publish","type":"page","link":"https:\/\/www.nordzucker.com\/de\/menschen-bei-nordzucker\/arbeiten-bei-nordzucker\/gemeinsam-sicher\/","title":{"rendered":"Gemeinsam sicher"},"content":{"rendered":"\n<h2 class=\"wp-block-heading\"><strong>Lebenssch\u00fctzende Regeln bei Nordzucker<\/strong><\/h2>\n\n\n\n<div class=\"py-4 text-xl leading-8\">\n\tDie Arbeitssicherheit und Gesundheitsschutz unserer Mitarbeiterinnen und Mitarbeiter stehen f\u00fcr uns an erster Stelle und sind Teil unserer Unternehmenskultur. Deshalb haben wir Lebenssch\u00fctzende Regeln entwickelt, deren Umsetzung ein wesentlicher Bestandteil unserer Health &amp; Safety Roadmap sind.<\/div>\n\n\n<h4 class=\"wp-block-heading\">Ein sicheres Arbeitsumfeld bieten<\/h4>\n\n\n\n<p>Unsere Prozesse sind so optimiert, dass sie nicht nur Ressourcen schonen, sondern auch unsere Mitarbeiterinnen und Mitarbeiter sch\u00fctzen. Die Menschen bei Nordzucker geben jeden Tag ihr Bestes. Unsere Verantwortung ist es, ihnen ein Arbeitsumfeld zu bieten, in dem Sicherheit und Gesundheitsschutz an erster Stelle steht. Zentraler Baustein der Health &amp; Safety Roadmap sind die Lebenssch\u00fctzenden Regeln, ein Konzept, das aus anderen Branchen bekannt, f\u00fcr die Zuckerindustrie aber neu ist. Die entwickelten Regeln sind exakt auf unsere Abl\u00e4ufe zugeschnitten und schaffen Aufmerksamkeit f\u00fcr potenzielle Gefahren. Unsere F\u00fchrungskr\u00e4fte vermitteln die Lebenssch\u00fctzenden Regeln direkt an ihre Teams. Dieser pers\u00f6nliche Ansatz gew\u00e4hrleistet, dass die Regeln eng mit den realen Arbeitsabl\u00e4ufen verkn\u00fcpft sind.<\/p>\n\n\n\n<figure>\n            <amp-iframe\n            width=\"16\"\n            height=\"9\"\n            layout=\"responsive\"\n            sandbox=\"allow-scripts allow-same-origin\"\n            style=\"border: 0;\"\n            src=\"https:\/\/v.imgi.no\/s3e8cksy8z\"\n            frameborder=\"0\"\n            allowfullscreen=\"allowfullscreen\">\n        <\/amp-iframe>\n        \t\t\t<figcaption class=\"italic text-sm mt-2\">\n\t\t\t<p>Video zu den Lebenssch\u00fctzenden Regel bei Nordzucker<\/p>\n\t\t<\/figcaption>\n\t\t<\/figure>","protected":false},"excerpt":{"rendered":"<p>Sicherheit und Gesundheitsschutz haben bei Nordzucker h\u00f6chste Priorit\u00e4t und sind fester Bestandteil der Unternehmenskultur.<\/p>\n","protected":false},"author":6,"featured_media":10933,"parent":59,"menu_order":3,"comment_status":"closed","ping_status":"closed","template":"","meta":{"footnotes":""},"page_category":[],"acf":[],"_links":{"self":[{"href":"https:\/\/www.nordzucker.com\/de\/wp-json\/wp\/v2\/pages\/9654"}],"collection":[{"href":"https:\/\/www.nordzucker.com\/de\/wp-json\/wp\/v2\/pages"}],"about":[{"href":"https:\/\/www.nordzucker.com\/de\/wp-json\/wp\/v2\/types\/page"}],"author":[{"embeddable":true,"href":"https:\/\/www.nordzucker.com\/de\/wp-json\/wp\/v2\/users\/6"}],"replies":[{"embeddable":true,"href":"https:\/\/www.nordzucker.com\/de\/wp-json\/wp\/v2\/comments?post=9654"}],"version-history":[{"count":18,"href":"https:\/\/www.nordzucker.com\/de\/wp-json\/wp\/v2\/pages\/9654\/revisions"}],"predecessor-version":[{"id":10934,"href":"https:\/\/www.nordzucker.com\/de\/wp-json\/wp\/v2\/pages\/9654\/revisions\/10934"}],"up":[{"embeddable":true,"href":"https:\/\/www.nordzucker.com\/de\/wp-json\/wp\/v2\/pages\/59"}],"wp:featuredmedia":[{"embeddable":true,"href":"https:\/\/www.nordzucker.com\/de\/wp-json\/wp\/v2\/media\/10933"}],"wp:attachment":[{"href":"https:\/\/www.nordzucker.com\/de\/wp-json\/wp\/v2\/media?parent=9654"}],"wp:term":[{"taxonomy":"page_category","embeddable":true,"href":"https:\/\/www.nordzucker.com\/de\/wp-json\/wp\/v2\/page_category?post=9654"}],"curies":[{"name":"wp","href":"https:\/\/api.w.org\/{rel}","templated":true}]}}