{"id":90,"date":"2020-07-07T17:42:21","date_gmt":"2020-07-07T17:42:21","guid":{"rendered":"https:\/\/www.nordzucker.com\/de\/?page_id=90"},"modified":"2025-02-07T17:15:39","modified_gmt":"2025-02-07T16:15:39","slug":"duengemittel","status":"publish","type":"page","link":"https:\/\/www.nordzucker.com\/de\/expertise-produkte\/duengemittel\/","title":{"rendered":"D\u00fcngemittel"},"content":{"rendered":"\n<h2 class=\"wp-block-heading\">Carbokalk und Kalvin<sup><sup><sup>\u2075<\/sup><\/sup>\u2070<\/sup> \u2013 auch f\u00fcr die biologische Landwirtschaft<\/h2>\n\n\n\n<div class=\"py-4 text-xl leading-8\">\n\t<\/div>\n\n\n<div class=\"py-4 text-xl leading-8\">\n\tIn der Landwirtschaft sind Kalk und Kalium wichtig f\u00fcr das Pflanzenwachstum. Nordzucker gewinnt im Rahmen der Zucker- und Bioethanolherstellung wertvolle D\u00fcngemittel, die in der konventionellen und der biologischen Landwirtschaft eingesetzt werden k\u00f6nnen. Erfahren Sie mehr \u00fcber Carbokalk und den Kalium-D\u00fcnger Kalvin<sup><sup><sup>\u2075<\/sup><\/sup>\u2070<\/sup>.<\/div>","protected":false},"excerpt":{"rendered":"<p>Nordzucker produziert im Rahmen der Zucker- und Bioethanolherstellung hochwertige D\u00fcngemittel. Entdecken Sie die Vorteile unserer Produkte f\u00fcr eine nachhaltige Landwirtschaft!<\/p>\n","protected":false},"author":1,"featured_media":10477,"parent":78,"menu_order":6,"comment_status":"closed","ping_status":"closed","template":"","meta":{"footnotes":""},"page_category":[],"acf":[],"_links":{"self":[{"href":"https:\/\/www.nordzucker.com\/de\/wp-json\/wp\/v2\/pages\/90"}],"collection":[{"href":"https:\/\/www.nordzucker.com\/de\/wp-json\/wp\/v2\/pages"}],"about":[{"href":"https:\/\/www.nordzucker.com\/de\/wp-json\/wp\/v2\/types\/page"}],"author":[{"embeddable":true,"href":"https:\/\/www.nordzucker.com\/de\/wp-json\/wp\/v2\/users\/1"}],"replies":[{"embeddable":true,"href":"https:\/\/www.nordzucker.com\/de\/wp-json\/wp\/v2\/comments?post=90"}],"version-history":[{"count":28,"href":"https:\/\/www.nordzucker.com\/de\/wp-json\/wp\/v2\/pages\/90\/revisions"}],"predecessor-version":[{"id":10581,"href":"https:\/\/www.nordzucker.com\/de\/wp-json\/wp\/v2\/pages\/90\/revisions\/10581"}],"up":[{"embeddable":true,"href":"https:\/\/www.nordzucker.com\/de\/wp-json\/wp\/v2\/pages\/78"}],"wp:featuredmedia":[{"embeddable":true,"href":"https:\/\/www.nordzucker.com\/de\/wp-json\/wp\/v2\/media\/10477"}],"wp:attachment":[{"href":"https:\/\/www.nordzucker.com\/de\/wp-json\/wp\/v2\/media?parent=90"}],"wp:term":[{"taxonomy":"page_category","embeddable":true,"href":"https:\/\/www.nordzucker.com\/de\/wp-json\/wp\/v2\/page_category?post=90"}],"curies":[{"name":"wp","href":"https:\/\/api.w.org\/{rel}","templated":true}]}}