{"id":889,"date":"2020-08-19T10:28:28","date_gmt":"2020-08-19T10:28:28","guid":{"rendered":"https:\/\/www.nordzucker.com\/de\/?page_id=889"},"modified":"2025-04-14T16:01:47","modified_gmt":"2025-04-14T14:01:47","slug":"bienenfutter","status":"publish","type":"page","link":"https:\/\/www.nordzucker.com\/de\/expertise-produkte\/futtermittel\/bienenfutter\/","title":{"rendered":"Bienenfutter"},"content":{"rendered":"\n<h2 class=\"wp-block-heading\">Hochwertiges Bienenfutter auf Zuckerbasis<\/h2>\n\n\n\n<div class=\"py-4 text-xl leading-8\">\n\tErfolgreiches Imkern erfordert fachliches Know-how und viel Sorgfalt. Einem Bienenvolk darf es an nichts mangeln \u2013 weder an Pollen, noch an Wasser und schon gar nicht an energiereichem Futter. Wir stellen bei Nordzucker auf der Grundlage von Zucker verschiedene Arten von Bienenfutter her.<\/div>\n\n\n<p>Bienenv\u00f6lker k\u00f6nnen trotz bestehender Vorr\u00e4te bereits an Futtermangel leiden, wenn der Futterstrom von au\u00dfen unterbrochen ist. Es ist f\u00fcr Imker daher wichtig, ihre Bienen nach der letzten Honigernte mit Futter zu versorgen. Das ist unverzichtbar, damit das Br\u00fcten der Bienen nicht unterbrochen wird.<\/p>\n\n\n\n<p>Das ambrosia Bienenfutter wurde speziell auf die besonderen Bed\u00fcrfnisse der Bienen und alle Kriterien einer gesunden Nahrung abgestimmt. Der ambrosia Bienenfutter-Sirup ist dem nat\u00fcrlichen Bl\u00fctennektar sehr \u00e4hnlich und daher eine ideale Nahrung f\u00fcr Bienen. Bienenv\u00f6lker k\u00f6nnen so den Winter ohne Futtermangel \u00fcberstehen. Erfahren Sie mehr \u00fcber <a href=\"https:\/\/www.ambrosia.eu\/\" target=\"_blank\" rel=\"noreferrer noopener\">ambrosia<\/a>.<\/p>\n\n\n\n<p>Unser in Schweden hergestelltes Bienenfutter hei\u00dft Bifor \u2013 es enth\u00e4lt Invertzucker, den die Bienen in ihrer Verdauung nicht aufspalten. Bifor ist ein gebrauchsfertiges Qualit\u00e4tsprodukt, das den h\u00f6chsten Standards entspricht. Gleichzeitig gew\u00e4hrleistet unsere Produktionsweise, dass der Zucker in Bifor nicht auskristallisiert, so lange er \u00fcber 10&nbsp;\u00b0C gelagert wird. Bifor enth\u00e4lt mindestens 75&nbsp;% Zucker.&nbsp;<\/p>\n","protected":false},"excerpt":{"rendered":"<p>Bei Nordzucker werden verschiedene Arten von Bienenfutter auf Zuckerbasis hergestellt, das die Imker an ihre Bienen verf\u00fcttern k\u00f6nnen.<\/p>\n","protected":false},"author":1,"featured_media":10832,"parent":86,"menu_order":3,"comment_status":"closed","ping_status":"closed","template":"","meta":{"footnotes":""},"page_category":[],"acf":[],"_links":{"self":[{"href":"https:\/\/www.nordzucker.com\/de\/wp-json\/wp\/v2\/pages\/889"}],"collection":[{"href":"https:\/\/www.nordzucker.com\/de\/wp-json\/wp\/v2\/pages"}],"about":[{"href":"https:\/\/www.nordzucker.com\/de\/wp-json\/wp\/v2\/types\/page"}],"author":[{"embeddable":true,"href":"https:\/\/www.nordzucker.com\/de\/wp-json\/wp\/v2\/users\/1"}],"replies":[{"embeddable":true,"href":"https:\/\/www.nordzucker.com\/de\/wp-json\/wp\/v2\/comments?post=889"}],"version-history":[{"count":12,"href":"https:\/\/www.nordzucker.com\/de\/wp-json\/wp\/v2\/pages\/889\/revisions"}],"predecessor-version":[{"id":10833,"href":"https:\/\/www.nordzucker.com\/de\/wp-json\/wp\/v2\/pages\/889\/revisions\/10833"}],"up":[{"embeddable":true,"href":"https:\/\/www.nordzucker.com\/de\/wp-json\/wp\/v2\/pages\/86"}],"wp:featuredmedia":[{"embeddable":true,"href":"https:\/\/www.nordzucker.com\/de\/wp-json\/wp\/v2\/media\/10832"}],"wp:attachment":[{"href":"https:\/\/www.nordzucker.com\/de\/wp-json\/wp\/v2\/media?parent=889"}],"wp:term":[{"taxonomy":"page_category","embeddable":true,"href":"https:\/\/www.nordzucker.com\/de\/wp-json\/wp\/v2\/page_category?post=889"}],"curies":[{"name":"wp","href":"https:\/\/api.w.org\/{rel}","templated":true}]}}