{"id":874,"date":"2020-08-19T10:01:25","date_gmt":"2020-08-19T10:01:25","guid":{"rendered":"https:\/\/www.nordzucker.com\/de\/?page_id=874"},"modified":"2025-04-15T16:04:42","modified_gmt":"2025-04-15T14:04:42","slug":"siucra-und-mckinneys","status":"publish","type":"page","link":"https:\/\/www.nordzucker.com\/de\/expertise-produkte\/zucker-fuer-endverbraucher\/siucra-und-mckinneys\/","title":{"rendered":"Si\u00facra und McKinney\u2019s"},"content":{"rendered":"\n<h2 class=\"wp-block-heading\">Starke irische Verbraucher\u00admarken<\/h2>\n\n\n\n<div class=\"py-4 text-xl leading-8\">\n\tUnsere beiden irischen Verbrauchermarken Si\u00facra und McKinney\u2019s versorgen seit Jahrzehnten den irischen Markt mit einer gro\u00dfen Vielfalt an Zuckerprodukten wie kristallinem Zucker, Streuzucker, speziellem Hagelzucker und braunem Zucker.<\/div>\n\n\n<p>Es ist uns wichtig, die Anforderungen unserer Kunden und Verbraucher zu kennen, damit unser Sortiment an Qualit\u00e4tsprodukten ihren Bed\u00fcrfnissen entspricht. Wir versuchen, die Verbraucher mit unseren Rezepten zu begeistern, die wir h\u00e4ufig in Zusammenarbeit mit nationalen K\u00fcchenchefs entwickeln.<\/p>\n\n\n\n<p>Erfahren Sie mehr \u00fcber die Produkte des Si\u00facra- und&nbsp;McKinney\u2019s-Sortiments und besuchen Sie unsere <a rel=\"noreferrer noopener\" href=\"https:\/\/www.nordzuckerireland.ie\/\" target=\"_blank\">lokale Webseite<\/a>.<\/p>\n","protected":false},"excerpt":{"rendered":"<p>Si\u00facra und McKinney&#8217;s versorgen den irischen Markt mit einer breiten Palette von Zuckerprodukten, die den Anforderungen der Kunden und Verbraucher entsprechen.<\/p>\n","protected":false},"author":1,"featured_media":10844,"parent":84,"menu_order":3,"comment_status":"closed","ping_status":"closed","template":"","meta":{"footnotes":""},"page_category":[],"acf":[],"_links":{"self":[{"href":"https:\/\/www.nordzucker.com\/de\/wp-json\/wp\/v2\/pages\/874"}],"collection":[{"href":"https:\/\/www.nordzucker.com\/de\/wp-json\/wp\/v2\/pages"}],"about":[{"href":"https:\/\/www.nordzucker.com\/de\/wp-json\/wp\/v2\/types\/page"}],"author":[{"embeddable":true,"href":"https:\/\/www.nordzucker.com\/de\/wp-json\/wp\/v2\/users\/1"}],"replies":[{"embeddable":true,"href":"https:\/\/www.nordzucker.com\/de\/wp-json\/wp\/v2\/comments?post=874"}],"version-history":[{"count":16,"href":"https:\/\/www.nordzucker.com\/de\/wp-json\/wp\/v2\/pages\/874\/revisions"}],"predecessor-version":[{"id":10845,"href":"https:\/\/www.nordzucker.com\/de\/wp-json\/wp\/v2\/pages\/874\/revisions\/10845"}],"up":[{"embeddable":true,"href":"https:\/\/www.nordzucker.com\/de\/wp-json\/wp\/v2\/pages\/84"}],"wp:featuredmedia":[{"embeddable":true,"href":"https:\/\/www.nordzucker.com\/de\/wp-json\/wp\/v2\/media\/10844"}],"wp:attachment":[{"href":"https:\/\/www.nordzucker.com\/de\/wp-json\/wp\/v2\/media?parent=874"}],"wp:term":[{"taxonomy":"page_category","embeddable":true,"href":"https:\/\/www.nordzucker.com\/de\/wp-json\/wp\/v2\/page_category?post=874"}],"curies":[{"name":"wp","href":"https:\/\/api.w.org\/{rel}","templated":true}]}}