{"id":869,"date":"2020-08-19T09:59:26","date_gmt":"2020-08-19T09:59:26","guid":{"rendered":"https:\/\/www.nordzucker.com\/de\/?page_id=869"},"modified":"2025-04-15T15:56:14","modified_gmt":"2025-04-15T13:56:14","slug":"dansukker","status":"publish","type":"page","link":"https:\/\/www.nordzucker.com\/de\/expertise-produkte\/zucker-fuer-endverbraucher\/dansukker\/","title":{"rendered":"Dansukker"},"content":{"rendered":"\n<h2 class=\"wp-block-heading\">Die f\u00fchrenden Zuckermarken in den nordischen und baltischen L\u00e4ndern<\/h2>\n\n\n\n<div class=\"py-4 text-xl leading-8\">\n\tDansukker ist die f\u00fchrende Marke f\u00fcr Zuckerprodukte in den nordischen und baltischen L\u00e4ndern. Sie steht f\u00fcr hohe Qualit\u00e4t und blickt auf eine lange und stolze Geschichte, die bis in das Jahr 1872 zur\u00fcckreicht. Dansukker wird heute an etwa 30 Millionen Verbraucher in den nordischen und baltischen L\u00e4ndern verkauft. <\/div>\n\n\n<p>In Litauen und Lettland nutzen wir neben Dansukker auch namhafte lokale Marken. Die Marken Panevezio Plus in Litauen und Jelgavas Cukurs in Lettland verbindet man dort mit hoher Qualit\u00e4t und lokaler Tradition.<\/p>\n\n\n\n<p>Das Dansukker-Sortiment enth\u00e4lt Zuckerprodukte f\u00fcr alle Gelegenheiten. Wir bieten klassische Produkte wie kristallinen Zucker, Zuckerw\u00fcrfel und Zuckersirup ebenso an wie die Spezialit\u00e4ten Gelierzucker und Glukosesirup. Dar\u00fcber hinaus verf\u00fcgen wir \u00fcber ein breites Sortiment an Biozucker und verschiedenen Rohrzuckerarten.&nbsp;<\/p>\n\n\n\n<p>Erfahren Sie mehr \u00fcber die jeweiligen Produkte auf Ihrer lokalen <a href=\"http:\/\/www.dansukker.com\" target=\"_blank\" rel=\"noreferrer noopener\">Dansukker-Webseite<\/a>.<\/p>\n","protected":false},"excerpt":{"rendered":"<p>Die f\u00fchrende Marke f\u00fcr Zuckerprodukte in den nordischen und baltischen L\u00e4ndern ist Dansukker, mit Zucker- und Sirupprodukten f\u00fcr alle Gelegenheiten.<\/p>\n","protected":false},"author":1,"featured_media":10842,"parent":84,"menu_order":2,"comment_status":"closed","ping_status":"closed","template":"","meta":{"footnotes":""},"page_category":[],"acf":[],"_links":{"self":[{"href":"https:\/\/www.nordzucker.com\/de\/wp-json\/wp\/v2\/pages\/869"}],"collection":[{"href":"https:\/\/www.nordzucker.com\/de\/wp-json\/wp\/v2\/pages"}],"about":[{"href":"https:\/\/www.nordzucker.com\/de\/wp-json\/wp\/v2\/types\/page"}],"author":[{"embeddable":true,"href":"https:\/\/www.nordzucker.com\/de\/wp-json\/wp\/v2\/users\/1"}],"replies":[{"embeddable":true,"href":"https:\/\/www.nordzucker.com\/de\/wp-json\/wp\/v2\/comments?post=869"}],"version-history":[{"count":11,"href":"https:\/\/www.nordzucker.com\/de\/wp-json\/wp\/v2\/pages\/869\/revisions"}],"predecessor-version":[{"id":10843,"href":"https:\/\/www.nordzucker.com\/de\/wp-json\/wp\/v2\/pages\/869\/revisions\/10843"}],"up":[{"embeddable":true,"href":"https:\/\/www.nordzucker.com\/de\/wp-json\/wp\/v2\/pages\/84"}],"wp:featuredmedia":[{"embeddable":true,"href":"https:\/\/www.nordzucker.com\/de\/wp-json\/wp\/v2\/media\/10842"}],"wp:attachment":[{"href":"https:\/\/www.nordzucker.com\/de\/wp-json\/wp\/v2\/media?parent=869"}],"wp:term":[{"taxonomy":"page_category","embeddable":true,"href":"https:\/\/www.nordzucker.com\/de\/wp-json\/wp\/v2\/page_category?post=869"}],"curies":[{"name":"wp","href":"https:\/\/api.w.org\/{rel}","templated":true}]}}