{"id":8682,"date":"2024-05-23T13:30:00","date_gmt":"2024-05-23T11:30:00","guid":{"rendered":"https:\/\/www.nordzucker.com\/de\/?page_id=8682"},"modified":"2024-05-29T15:37:05","modified_gmt":"2024-05-29T13:37:05","slug":"nachhaltigkeit","status":"publish","type":"page","link":"https:\/\/www.nordzucker.com\/de\/the-sugar-company\/geschaeftsbericht-2023-24\/nachhaltigkeit\/","title":{"rendered":"Der Nachhaltigkeit verpflichtet"},"content":{"rendered":"\n<h2 class=\"wp-block-heading\">Die vier S\u00e4ulen unserer Nachhaltigkeitsstrategie sorgen f\u00fcr gr\u00f6\u00dfte Wirkung<\/h2>\n\n\n\n<div class=\"py-4 text-xl leading-8\">\n\tWir betrachten Nachhaltigkeit ganzheitlich. Es geht darum, auf allen Ebenen unseren Beitrag zu leisten \u2013 vom Anbau \u00fcber die Produktion bis zum fertigen Produkt. Daran arbeiten wir jeden Tag Hand in Hand.<\/div>\n\n\n<div class=\"carousel\">\n\n  <div class=\"relative overflow-hidden\">\n\n    <!-- Carousel -->\n    <div class=\"aspect-[3\/2]\">\n      <amp-base-carousel\n        id=\"carousel_615\"\n        layout=\"fill\"\n        controls=\"never\"\n        auto-advance=\"true\"\n        auto-advance-interval=\"5000\"\n        loop=\"true\"\n        role=\"region\"\n        aria-label=\"Image carousel\"\n        on=\"slideChange:indicators_615.toggle(index=event.index,value=true),captions_615.toggle(index=event.index,value=true)\"        >\n        \n                      <figure class=\"aspect-[3\/2]\">\n              <amp-img src=\"https:\/\/www.nordzucker.com\/de\/wp-content\/uploads\/sites\/2\/2024\/05\/230420_nor_nhm_0176-web.jpg\"width=\"2175\"height=\"1223\"class=\"object-cover object-center\"layout=\"fill\"data-amp-auto-lightbox-disable=\"1\"noloading=\"1\"srcset=\"https:\/\/www.nordzucker.com\/de\/wp-content\/uploads\/sites\/2\/2024\/05\/230420_nor_nhm_0176-web.jpg 2175w, https:\/\/www.nordzucker.com\/de\/wp-content\/uploads\/sites\/2\/2024\/05\/230420_nor_nhm_0176-web-300x169.jpg 300w, https:\/\/www.nordzucker.com\/de\/wp-content\/uploads\/sites\/2\/2024\/05\/230420_nor_nhm_0176-web-1600x900.jpg 1600w, https:\/\/www.nordzucker.com\/de\/wp-content\/uploads\/sites\/2\/2024\/05\/230420_nor_nhm_0176-web-768x432.jpg 768w, https:\/\/www.nordzucker.com\/de\/wp-content\/uploads\/sites\/2\/2024\/05\/230420_nor_nhm_0176-web-1536x864.jpg 1536w, https:\/\/www.nordzucker.com\/de\/wp-content\/uploads\/sites\/2\/2024\/05\/230420_nor_nhm_0176-web-2048x1152.jpg 2048w\"><\/amp-img>    <meta itemprop=\"image\" content=\"https:\/\/www.nordzucker.com\/de\/wp-content\/uploads\/sites\/2\/2024\/05\/230420_nor_nhm_0176-web.jpg\"><\/meta>\n                <\/figure>\n          \n        \n                      <figure class=\"aspect-[3\/2]\">\n              <amp-img src=\"https:\/\/www.nordzucker.com\/de\/wp-content\/uploads\/sites\/2\/2024\/05\/230413_Bjoern_Kiepe_1-web.jpg\"width=\"1608\"height=\"904\"class=\"object-cover object-center\"layout=\"fill\"data-amp-auto-lightbox-disable=\"1\"noloading=\"1\"srcset=\"https:\/\/www.nordzucker.com\/de\/wp-content\/uploads\/sites\/2\/2024\/05\/230413_Bjoern_Kiepe_1-web.jpg 1608w, https:\/\/www.nordzucker.com\/de\/wp-content\/uploads\/sites\/2\/2024\/05\/230413_Bjoern_Kiepe_1-web-300x169.jpg 300w, https:\/\/www.nordzucker.com\/de\/wp-content\/uploads\/sites\/2\/2024\/05\/230413_Bjoern_Kiepe_1-web-1600x900.jpg 1600w, https:\/\/www.nordzucker.com\/de\/wp-content\/uploads\/sites\/2\/2024\/05\/230413_Bjoern_Kiepe_1-web-768x432.jpg 768w, https:\/\/www.nordzucker.com\/de\/wp-content\/uploads\/sites\/2\/2024\/05\/230413_Bjoern_Kiepe_1-web-1536x864.jpg 1536w\"><\/amp-img>    <meta itemprop=\"image\" content=\"https:\/\/www.nordzucker.com\/de\/wp-content\/uploads\/sites\/2\/2024\/05\/230413_Bjoern_Kiepe_1-web.jpg\"><\/meta>\n                <\/figure>\n          \n        \n                      <figure class=\"aspect-[3\/2]\">\n              <amp-img src=\"https:\/\/www.nordzucker.com\/de\/wp-content\/uploads\/sites\/2\/2024\/05\/Ivar-6-web.jpg\"width=\"1688\"height=\"950\"class=\"object-cover object-center\"alt=\"Nordzucker AG - Iver Drabaek-Head of Sustainability\"layout=\"fill\"data-amp-auto-lightbox-disable=\"1\"noloading=\"1\"srcset=\"https:\/\/www.nordzucker.com\/de\/wp-content\/uploads\/sites\/2\/2024\/05\/Ivar-6-web.jpg 1688w, https:\/\/www.nordzucker.com\/de\/wp-content\/uploads\/sites\/2\/2024\/05\/Ivar-6-web-300x169.jpg 300w, https:\/\/www.nordzucker.com\/de\/wp-content\/uploads\/sites\/2\/2024\/05\/Ivar-6-web-1600x900.jpg 1600w, https:\/\/www.nordzucker.com\/de\/wp-content\/uploads\/sites\/2\/2024\/05\/Ivar-6-web-768x432.jpg 768w, https:\/\/www.nordzucker.com\/de\/wp-content\/uploads\/sites\/2\/2024\/05\/Ivar-6-web-1536x864.jpg 1536w\"><\/amp-img>    <meta itemprop=\"image\" content=\"https:\/\/www.nordzucker.com\/de\/wp-content\/uploads\/sites\/2\/2024\/05\/Ivar-6-web.jpg\"><\/meta>\n                <\/figure>\n          \n        \n                      <figure class=\"aspect-[3\/2]\">\n              <amp-img src=\"https:\/\/www.nordzucker.com\/de\/wp-content\/uploads\/sites\/2\/2024\/05\/Neikell-Diehl_24-web.jpg\"width=\"1905\"height=\"1072\"class=\"object-cover object-center\"alt=\"Nordzucker v.l.n.r.: Johan Neikell, Managing Director Sweden; Volker Diehl, Head of Sales &amp; Marketing\"layout=\"fill\"data-amp-auto-lightbox-disable=\"1\"noloading=\"1\"srcset=\"https:\/\/www.nordzucker.com\/de\/wp-content\/uploads\/sites\/2\/2024\/05\/Neikell-Diehl_24-web.jpg 1905w, https:\/\/www.nordzucker.com\/de\/wp-content\/uploads\/sites\/2\/2024\/05\/Neikell-Diehl_24-web-300x169.jpg 300w, https:\/\/www.nordzucker.com\/de\/wp-content\/uploads\/sites\/2\/2024\/05\/Neikell-Diehl_24-web-1600x900.jpg 1600w, https:\/\/www.nordzucker.com\/de\/wp-content\/uploads\/sites\/2\/2024\/05\/Neikell-Diehl_24-web-768x432.jpg 768w, https:\/\/www.nordzucker.com\/de\/wp-content\/uploads\/sites\/2\/2024\/05\/Neikell-Diehl_24-web-1536x864.jpg 1536w\"><\/amp-img>    <meta itemprop=\"image\" content=\"https:\/\/www.nordzucker.com\/de\/wp-content\/uploads\/sites\/2\/2024\/05\/Neikell-Diehl_24-web.jpg\"><\/meta>\n                <\/figure>\n          \n              <\/amp-base-carousel>\n    <\/div>\n\n    <!-- Controls -->\n          \n      <!-- Button Prev -->\n      <button\n        on=\"tap:carousel_615.prev()\"\n        title=\"Previous element\"\n        aria-label=\"Previous element\"\n        class=\"absolute left-0 top-1\/2 -translate-y-1\/2 flex items-center justify-center w-10 h-10 bg-primary transform transition duration-300 hover:scale-105\">\n          <div class=\"text-body text-5xl -mt-1\">&lsaquo;<\/div>\n      <\/button>\n\n      \n      <!-- Button Next -->\n      <button\n        on=\"tap:carousel_615.next()\"\n        title=\"Next element\"\n        aria-label=\"Next element\"\n        class=\"absolute right-0 top-1\/2 -translate-y-1\/2 flex items-center justify-center w-10 h-10 bg-primary transform transition duration-300 hover:scale-105\">\n        <div class=\"text-body text-5xl -mt-1\">&rsaquo;<\/div>\n      <\/button>\n\n          \n\n  <\/div>\n\n  <!-- Captions -->\n      <div class=\"relative bg-primary-darken-1 py-2 px-5 text-body\">\n      <amp-selector\n        id=\"captions_615\"\n        class=\"captions h-64 sm:h-40\"\n        aria-label=\"Image carousel captions\"\n        layout=\"container\">\n        <ul class=\"grid grid-cols-1 mt-3 list-none pl-0\" >\n                      <li\n              class=\"pl-0 m-0 col-start-1 col-end-1 row-start-1 row-end-1 hidden\"\n              option=\"0\"\n              selected            >\n      \n              <!-- Title -->\n                              <p class=\"text-lg font-bold mb-1\">Mensch im Mittelpunkt<\/p>\n                            <div class=\"\">\n               Unsere Mitarbeiterinnen und Mitarbeiter sind entscheidend f\u00fcr unseren Erfolg. Wir schaffen ein Arbeitsumfeld, das durch Wertsch\u00e4tzung gepr\u00e4gt ist, Sicherheit gew\u00e4hrleistet und Entwicklungschancen bietet.              <\/div>\n    \n              <!-- Button -->\n                          <\/li>\n                      <li\n              class=\"pl-0 m-0 col-start-1 col-end-1 row-start-1 row-end-1 hidden\"\n              option=\"1\"\n                          >\n      \n              <!-- Title -->\n                              <p class=\"text-lg font-bold mb-1\">Nachhaltigkeit beginnt im Anbau<\/p>\n                            <div class=\"\">\n              Wie k\u00f6nnen wir \u2013 gemeinsam mit unseren Landwirten \u2013 im Anbau noch nachhaltiger werden? Besonders mit Blick auf Klima, B\u00f6den, Wasser und Biodiversit\u00e4t? Zusammen arbeiten wir an zukunftsf\u00e4higen L\u00f6sungen.              <\/div>\n    \n              <!-- Button -->\n                          <\/li>\n                      <li\n              class=\"pl-0 m-0 col-start-1 col-end-1 row-start-1 row-end-1 hidden\"\n              option=\"2\"\n                          >\n      \n              <!-- Title -->\n                              <p class=\"text-lg font-bold mb-1\">Fu\u00dfabdruck verbessern<\/p>\n                            <div class=\"\">\n              Wir wollen unsere direkten CO\u2082-Emissionen bis 2030 halbieren, dazu haben wir uns \u00fcber wissenschaftsbasierte und extern validierte Klimaziele verpflichtet.              <\/div>\n    \n              <!-- Button -->\n                          <\/li>\n                      <li\n              class=\"pl-0 m-0 col-start-1 col-end-1 row-start-1 row-end-1 hidden\"\n              option=\"3\"\n                          >\n      \n              <!-- Title -->\n                              <p class=\"text-lg font-bold mb-1\">Hand in Hand mit unseren Kunden<\/p>\n                            <div class=\"\">\n              Wir unterst\u00fctzen unsere Kunden bei der Erreichung ihrer Ziele, indem wir unsere Produkte noch nachhaltiger machen \u2013 zum Beispiel durch die Optimierung von Verpackungen und Logistik.              <\/div>\n    \n              <!-- Button -->\n                          <\/li>\n                  <\/ul>\n      <\/amp-selector>\n\n      <!-- Indicators -->\n              <amp-selector\n          id=\"indicators_615\"\n          class=\"indicators absolute inset-x-0 bottom-0 p-3 lg:p-4\"\n          layout=\"container\"\n          on=\"select:carousel_615.goToSlide(index=event.targetOption)\">\n          <ul class=\"flex justify-center space-x-3 list-none\">\n                          <li class=\"rounded-full h-3 w-3 border-2 border-neutral-inverse\"\n                 selected                option=\"0\">\n              <\/li>\n                          <li class=\"rounded-full h-3 w-3 border-2 border-neutral-inverse\"\n                                option=\"1\">\n              <\/li>\n                          <li class=\"rounded-full h-3 w-3 border-2 border-neutral-inverse\"\n                                option=\"2\">\n              <\/li>\n                          <li class=\"rounded-full h-3 w-3 border-2 border-neutral-inverse\"\n                                option=\"3\">\n              <\/li>\n                      <\/ul>\n        <\/amp-selector>\n      \n    <\/div>\n  \n<\/div>\n\n\n\n<p>Um wirksam agieren zu k\u00f6nnen, m\u00fcssen wir Nachhaltigkeit im Denken und im Handeln verankern. Unsere Nachhaltigkeitsvision gibt dabei die Richtung vor: Wir wollen unseren \u00f6kologischen Fu\u00dfabdruck Schritt f\u00fcr Schritt verbessern und entlang der gesamten Wertsch\u00f6pfungskette dazu beitragen, die nat\u00fcrlichen Ressourcen f\u00fcr unser Leben heute und in Zukunft zu erhalten.<\/p>\n\n\n\n<p>Damit das gelingt, arbeiten wir Hand in Hand mit unseren Partnern \u2013 Mitarbeitern, Anbauern und Kunden \u2013 und machen Nachhaltigkeit zu einem pr\u00e4genden Bestandteil unseres Unternehmens.<\/p>\n\n\n\n<p>Unsere Nachhaltigkeitsstrategie sorgt mit ihren vier S\u00e4ulen daf\u00fcr, dass wir stets dort ansetzen, wo wir die gr\u00f6\u00dfte Wirkung erzielen k\u00f6nnen.<\/p>\n","protected":false},"excerpt":{"rendered":"<p>Nordzucker AG &#8211; Nachhaltigkeit ganzheitlich betrachtet. Die vier S\u00e4ulen unserer Nachhaltigkeitsstrategie sorgen f\u00fcr gr\u00f6\u00dfte Wirkung. <\/p>\n","protected":false},"author":6,"featured_media":9371,"parent":8643,"menu_order":2,"comment_status":"closed","ping_status":"closed","template":"","meta":{"footnotes":""},"page_category":[],"acf":[],"_links":{"self":[{"href":"https:\/\/www.nordzucker.com\/de\/wp-json\/wp\/v2\/pages\/8682"}],"collection":[{"href":"https:\/\/www.nordzucker.com\/de\/wp-json\/wp\/v2\/pages"}],"about":[{"href":"https:\/\/www.nordzucker.com\/de\/wp-json\/wp\/v2\/types\/page"}],"author":[{"embeddable":true,"href":"https:\/\/www.nordzucker.com\/de\/wp-json\/wp\/v2\/users\/6"}],"replies":[{"embeddable":true,"href":"https:\/\/www.nordzucker.com\/de\/wp-json\/wp\/v2\/comments?post=8682"}],"version-history":[{"count":32,"href":"https:\/\/www.nordzucker.com\/de\/wp-json\/wp\/v2\/pages\/8682\/revisions"}],"predecessor-version":[{"id":9366,"href":"https:\/\/www.nordzucker.com\/de\/wp-json\/wp\/v2\/pages\/8682\/revisions\/9366"}],"up":[{"embeddable":true,"href":"https:\/\/www.nordzucker.com\/de\/wp-json\/wp\/v2\/pages\/8643"}],"wp:featuredmedia":[{"embeddable":true,"href":"https:\/\/www.nordzucker.com\/de\/wp-json\/wp\/v2\/media\/9371"}],"wp:attachment":[{"href":"https:\/\/www.nordzucker.com\/de\/wp-json\/wp\/v2\/media?parent=8682"}],"wp:term":[{"taxonomy":"page_category","embeddable":true,"href":"https:\/\/www.nordzucker.com\/de\/wp-json\/wp\/v2\/page_category?post=8682"}],"curies":[{"name":"wp","href":"https:\/\/api.w.org\/{rel}","templated":true}]}}