{"id":8669,"date":"2024-05-23T13:30:00","date_gmt":"2024-05-23T11:30:00","guid":{"rendered":"https:\/\/www.nordzucker.com\/de\/?page_id=8669"},"modified":"2024-05-29T15:33:14","modified_gmt":"2024-05-29T13:33:14","slug":"kennzahlen-2023-24","status":"publish","type":"page","link":"https:\/\/www.nordzucker.com\/de\/the-sugar-company\/geschaeftsbericht-2023-24\/kennzahlen-2023-24\/","title":{"rendered":"Das Gesch\u00e4ftsjahr 2023\/24 in Zahlen"},"content":{"rendered":"\n<h2 class=\"wp-block-heading\">Zahlen zum Umsatz, EBIT und \u00dcberschuss<\/h2>\n\n\n\n<div class=\"py-4 text-xl leading-8\">\n\tDas abgelaufene Gesch\u00e4ftsjahr brachte ein au\u00dferordentlich gutes Ergebnis. Wie genau die Entwicklung aussieht, zeigen ausgew\u00e4hlte Kennzahlen. <\/div>\n\n\n<div class=\"carousel\">\n\n  <div class=\"relative overflow-hidden\">\n\n    <!-- Carousel -->\n    <div class=\"aspect-[3\/2]\">\n      <amp-base-carousel\n        id=\"carousel_291\"\n        layout=\"fill\"\n        controls=\"never\"\n        auto-advance=\"true\"\n        auto-advance-interval=\"5000\"\n        loop=\"true\"\n        role=\"region\"\n        aria-label=\"Image carousel\"\n        on=\"slideChange:indicators_291.toggle(index=event.index,value=true),captions_291.toggle(index=event.index,value=true)\"        >\n        \n                      <figure class=\"aspect-[3\/2]\">\n              <amp-img src=\"https:\/\/www.nordzucker.com\/de\/wp-content\/uploads\/sites\/2\/2024\/05\/NZ_GB_2023-24_D_Umsatz-Konzern-web.jpg\"width=\"1264\"height=\"711\"class=\"object-cover object-center\"layout=\"fill\"data-amp-auto-lightbox-disable=\"1\"noloading=\"1\"srcset=\"https:\/\/www.nordzucker.com\/de\/wp-content\/uploads\/sites\/2\/2024\/05\/NZ_GB_2023-24_D_Umsatz-Konzern-web.jpg 1264w, https:\/\/www.nordzucker.com\/de\/wp-content\/uploads\/sites\/2\/2024\/05\/NZ_GB_2023-24_D_Umsatz-Konzern-web-300x169.jpg 300w, https:\/\/www.nordzucker.com\/de\/wp-content\/uploads\/sites\/2\/2024\/05\/NZ_GB_2023-24_D_Umsatz-Konzern-web-768x432.jpg 768w\"><\/amp-img>    <meta itemprop=\"image\" content=\"https:\/\/www.nordzucker.com\/de\/wp-content\/uploads\/sites\/2\/2024\/05\/NZ_GB_2023-24_D_Umsatz-Konzern-web.jpg\"><\/meta>\n                <\/figure>\n          \n        \n                      <figure class=\"aspect-[3\/2]\">\n              <amp-img src=\"https:\/\/www.nordzucker.com\/de\/wp-content\/uploads\/sites\/2\/2024\/05\/NZ_GB_2023-24_D_EBIT-Konzern-web.jpg\"width=\"1157\"height=\"650\"class=\"object-cover object-center\"layout=\"fill\"data-amp-auto-lightbox-disable=\"1\"noloading=\"1\"srcset=\"https:\/\/www.nordzucker.com\/de\/wp-content\/uploads\/sites\/2\/2024\/05\/NZ_GB_2023-24_D_EBIT-Konzern-web.jpg 1157w, https:\/\/www.nordzucker.com\/de\/wp-content\/uploads\/sites\/2\/2024\/05\/NZ_GB_2023-24_D_EBIT-Konzern-web-300x169.jpg 300w, https:\/\/www.nordzucker.com\/de\/wp-content\/uploads\/sites\/2\/2024\/05\/NZ_GB_2023-24_D_EBIT-Konzern-web-768x431.jpg 768w\"><\/amp-img>    <meta itemprop=\"image\" content=\"https:\/\/www.nordzucker.com\/de\/wp-content\/uploads\/sites\/2\/2024\/05\/NZ_GB_2023-24_D_EBIT-Konzern-web.jpg\"><\/meta>\n                <\/figure>\n          \n        \n                      <figure class=\"aspect-[3\/2]\">\n              <amp-img src=\"https:\/\/www.nordzucker.com\/de\/wp-content\/uploads\/sites\/2\/2024\/05\/NZ_GB_2023-24_D_Ueberschuss-Konzern-web.jpg\"width=\"1140\"height=\"641\"class=\"object-cover object-center\"layout=\"fill\"data-amp-auto-lightbox-disable=\"1\"noloading=\"1\"srcset=\"https:\/\/www.nordzucker.com\/de\/wp-content\/uploads\/sites\/2\/2024\/05\/NZ_GB_2023-24_D_Ueberschuss-Konzern-web.jpg 1140w, https:\/\/www.nordzucker.com\/de\/wp-content\/uploads\/sites\/2\/2024\/05\/NZ_GB_2023-24_D_Ueberschuss-Konzern-web-300x169.jpg 300w, https:\/\/www.nordzucker.com\/de\/wp-content\/uploads\/sites\/2\/2024\/05\/NZ_GB_2023-24_D_Ueberschuss-Konzern-web-768x432.jpg 768w\"><\/amp-img>    <meta itemprop=\"image\" content=\"https:\/\/www.nordzucker.com\/de\/wp-content\/uploads\/sites\/2\/2024\/05\/NZ_GB_2023-24_D_Ueberschuss-Konzern-web.jpg\"><\/meta>\n                <\/figure>\n          \n              <\/amp-base-carousel>\n    <\/div>\n\n    <!-- Controls -->\n          \n      <!-- Button Prev -->\n      <button\n        on=\"tap:carousel_291.prev()\"\n        title=\"Previous element\"\n        aria-label=\"Previous element\"\n        class=\"absolute left-0 top-1\/2 -translate-y-1\/2 flex items-center justify-center w-10 h-10 bg-primary transform transition duration-300 hover:scale-105\">\n          <div class=\"text-body text-5xl -mt-1\">&lsaquo;<\/div>\n      <\/button>\n\n      \n      <!-- Button Next -->\n      <button\n        on=\"tap:carousel_291.next()\"\n        title=\"Next element\"\n        aria-label=\"Next element\"\n        class=\"absolute right-0 top-1\/2 -translate-y-1\/2 flex items-center justify-center w-10 h-10 bg-primary transform transition duration-300 hover:scale-105\">\n        <div class=\"text-body text-5xl -mt-1\">&rsaquo;<\/div>\n      <\/button>\n\n          \n\n  <\/div>\n\n  <!-- Captions -->\n      <div class=\"relative bg-primary-darken-1 py-2 px-5 text-body\">\n      <amp-selector\n        id=\"captions_291\"\n        class=\"captions h-56 sm:h-32\"\n        aria-label=\"Image carousel captions\"\n        layout=\"container\">\n        <ul class=\"grid grid-cols-1 mt-3 list-none pl-0\" >\n                      <li\n              class=\"pl-0 m-0 col-start-1 col-end-1 row-start-1 row-end-1 hidden\"\n              option=\"0\"\n              selected            >\n      \n              <!-- Title -->\n                              <p class=\"text-lg font-bold mb-1\">Konzernumsatz 2023\/24<\/p>\n                            <div class=\"\">\n              Wir konnten Umsatzerl\u00f6se in H\u00f6he von 2,9 Milliarden Euro erzielen, das entspricht einer Steigerung gegen\u00fcber dem Vorjahr um 29,3 Prozent.              <\/div>\n    \n              <!-- Button -->\n                          <\/li>\n                      <li\n              class=\"pl-0 m-0 col-start-1 col-end-1 row-start-1 row-end-1 hidden\"\n              option=\"1\"\n                          >\n      \n              <!-- Title -->\n                              <p class=\"text-lg font-bold mb-1\">Konzern-EBIT 2023\/24<\/p>\n                            <div class=\"\">\n              Das EBIT hat sich mit 421 Millionen Euro gegen\u00fcber dem Gesch\u00e4ftsjahr 2022\/23 etwa verdoppelt.              <\/div>\n    \n              <!-- Button -->\n                          <\/li>\n                      <li\n              class=\"pl-0 m-0 col-start-1 col-end-1 row-start-1 row-end-1 hidden\"\n              option=\"2\"\n                          >\n      \n              <!-- Title -->\n                              <p class=\"text-lg font-bold mb-1\">Konzern\u00fcberschuss 2023\/24<\/p>\n                            <div class=\"\">\n              Auch den Konzern\u00fcberschuss konnten wir signifikant steigern \u2013 auf 326 Millionen Euro nach 182 Millionen Euro im Vorjahr.              <\/div>\n    \n              <!-- Button -->\n                          <\/li>\n                  <\/ul>\n      <\/amp-selector>\n\n      <!-- Indicators -->\n              <amp-selector\n          id=\"indicators_291\"\n          class=\"indicators absolute inset-x-0 bottom-0 p-3 lg:p-4\"\n          layout=\"container\"\n          on=\"select:carousel_291.goToSlide(index=event.targetOption)\">\n          <ul class=\"flex justify-center space-x-3 list-none\">\n                          <li class=\"rounded-full h-3 w-3 border-2 border-neutral-inverse\"\n                 selected                option=\"0\">\n              <\/li>\n                          <li class=\"rounded-full h-3 w-3 border-2 border-neutral-inverse\"\n                                option=\"1\">\n              <\/li>\n                          <li class=\"rounded-full h-3 w-3 border-2 border-neutral-inverse\"\n                                option=\"2\">\n              <\/li>\n                      <\/ul>\n        <\/amp-selector>\n      \n    <\/div>\n  \n<\/div>\n\n\n\n<p>Wir haben im Gesch\u00e4ftsjahr 2023\/24 das zweitbeste Ergebnis in der Konzern-Historie erreicht. Im Vergleich zum Vorjahr konnten wir das operative Ergebnis etwa verdoppeln. Profitiert haben wir insbesondere von einem h\u00f6heren Preisniveau f\u00fcr Zucker, das deutliche Kostensteigerungen an anderen Stellen \u00fcberkompensierte.<\/p>\n\n\n\n<p>Detaillierte Informationen zur Markt- und Unternehmensentwicklung sowie s\u00e4mtliche finanziellen Kennzahlen h\u00e4lt unser aktueller <a href=\"https:\/\/www.nordzucker.com\/de\/wp-content\/uploads\/sites\/2\/2024\/05\/240523-NZ_Geschaeftsbericht_2023-24_DE.pdf\" target=\"_blank\" rel=\"noreferrer noopener\">Gesch\u00e4ftsberich<\/a><a href=\"https:\/\/www.nordzucker.com\/de\/wp-content\/uploads\/sites\/2\/2024\/05\/240523-NZ_Geschaeftsbericht_2023-24_DE.pdf\">t<\/a> bereit.<\/p>\n","protected":false},"excerpt":{"rendered":"<p>Nordzucker AG 2023\/24 &#8211; EBIT, Umsatz, \u00dcberschuss. <\/p>\n","protected":false},"author":6,"featured_media":8812,"parent":8643,"menu_order":3,"comment_status":"closed","ping_status":"closed","template":"","meta":{"footnotes":""},"page_category":[],"acf":[],"_links":{"self":[{"href":"https:\/\/www.nordzucker.com\/de\/wp-json\/wp\/v2\/pages\/8669"}],"collection":[{"href":"https:\/\/www.nordzucker.com\/de\/wp-json\/wp\/v2\/pages"}],"about":[{"href":"https:\/\/www.nordzucker.com\/de\/wp-json\/wp\/v2\/types\/page"}],"author":[{"embeddable":true,"href":"https:\/\/www.nordzucker.com\/de\/wp-json\/wp\/v2\/users\/6"}],"replies":[{"embeddable":true,"href":"https:\/\/www.nordzucker.com\/de\/wp-json\/wp\/v2\/comments?post=8669"}],"version-history":[{"count":23,"href":"https:\/\/www.nordzucker.com\/de\/wp-json\/wp\/v2\/pages\/8669\/revisions"}],"predecessor-version":[{"id":9365,"href":"https:\/\/www.nordzucker.com\/de\/wp-json\/wp\/v2\/pages\/8669\/revisions\/9365"}],"up":[{"embeddable":true,"href":"https:\/\/www.nordzucker.com\/de\/wp-json\/wp\/v2\/pages\/8643"}],"wp:featuredmedia":[{"embeddable":true,"href":"https:\/\/www.nordzucker.com\/de\/wp-json\/wp\/v2\/media\/8812"}],"wp:attachment":[{"href":"https:\/\/www.nordzucker.com\/de\/wp-json\/wp\/v2\/media?parent=8669"}],"wp:term":[{"taxonomy":"page_category","embeddable":true,"href":"https:\/\/www.nordzucker.com\/de\/wp-json\/wp\/v2\/page_category?post=8669"}],"curies":[{"name":"wp","href":"https:\/\/api.w.org\/{rel}","templated":true}]}}