{"id":8664,"date":"2024-05-23T13:30:00","date_gmt":"2024-05-23T11:30:00","guid":{"rendered":"https:\/\/www.nordzucker.com\/de\/?page_id=8664"},"modified":"2024-05-29T15:43:35","modified_gmt":"2024-05-29T13:43:35","slug":"nordzucker-strategie","status":"publish","type":"page","link":"https:\/\/www.nordzucker.com\/de\/the-sugar-company\/geschaeftsbericht-2023-24\/nordzucker-strategie\/","title":{"rendered":"Unsere Strategie \u2013 nachhaltig erfolgreich"},"content":{"rendered":"\n<h2 class=\"wp-block-heading\">Die strategischen Schwerpunkte: Nachhaltigkeit, Exzellenz und Wachstum.<\/h2>\n\n\n\n<div class=\"py-4 text-xl leading-8\">\n\tWir fokussieren uns auf drei strategische Schwerpunkte, um langfristig erfolgreich zu bleiben \u2013 Nachhaltigkeit, Exzellenz und Wachstum. Den so bereits eingeschlagenen Weg hin zu einem noch nachhaltigeren und gleicherma\u00dfen profitablen Unternehmen werden wir \u00fcber die n\u00e4chsten Jahre weitergehen.<\/div>\n\n\n<div class=\"carousel\">\n\n  <div class=\"relative overflow-hidden\">\n\n    <!-- Carousel -->\n    <div class=\"aspect-[3\/2]\">\n      <amp-base-carousel\n        id=\"carousel_525\"\n        layout=\"fill\"\n        controls=\"never\"\n        auto-advance=\"true\"\n        auto-advance-interval=\"5000\"\n        loop=\"true\"\n        role=\"region\"\n        aria-label=\"Image carousel\"\n        on=\"slideChange:indicators_525.toggle(index=event.index,value=true),captions_525.toggle(index=event.index,value=true)\"        >\n        \n                      <figure class=\"aspect-[3\/2]\">\n              <amp-img src=\"https:\/\/www.nordzucker.com\/de\/wp-content\/uploads\/sites\/2\/2024\/05\/nordzucker-lars-gorissen-mackay-visit-2024.jpg\"width=\"1229\"height=\"691\"class=\"object-cover object-center\"layout=\"fill\"data-amp-auto-lightbox-disable=\"1\"noloading=\"1\"srcset=\"https:\/\/www.nordzucker.com\/de\/wp-content\/uploads\/sites\/2\/2024\/05\/nordzucker-lars-gorissen-mackay-visit-2024.jpg 1229w, https:\/\/www.nordzucker.com\/de\/wp-content\/uploads\/sites\/2\/2024\/05\/nordzucker-lars-gorissen-mackay-visit-2024-300x169.jpg 300w, https:\/\/www.nordzucker.com\/de\/wp-content\/uploads\/sites\/2\/2024\/05\/nordzucker-lars-gorissen-mackay-visit-2024-768x432.jpg 768w\"><\/amp-img>    <meta itemprop=\"image\" content=\"https:\/\/www.nordzucker.com\/de\/wp-content\/uploads\/sites\/2\/2024\/05\/nordzucker-lars-gorissen-mackay-visit-2024.jpg\"><\/meta>\n                <\/figure>\n          \n        \n                      <figure class=\"aspect-[3\/2]\">\n              <amp-img src=\"https:\/\/www.nordzucker.com\/de\/wp-content\/uploads\/sites\/2\/2024\/05\/nordzuckeralexander-bott-with-team-1.jpg\"width=\"1741\"height=\"979\"class=\"object-cover object-center\"layout=\"fill\"data-amp-auto-lightbox-disable=\"1\"noloading=\"1\"srcset=\"https:\/\/www.nordzucker.com\/de\/wp-content\/uploads\/sites\/2\/2024\/05\/nordzuckeralexander-bott-with-team-1.jpg 1741w, https:\/\/www.nordzucker.com\/de\/wp-content\/uploads\/sites\/2\/2024\/05\/nordzuckeralexander-bott-with-team-1-300x169.jpg 300w, https:\/\/www.nordzucker.com\/de\/wp-content\/uploads\/sites\/2\/2024\/05\/nordzuckeralexander-bott-with-team-1-1600x900.jpg 1600w, https:\/\/www.nordzucker.com\/de\/wp-content\/uploads\/sites\/2\/2024\/05\/nordzuckeralexander-bott-with-team-1-768x432.jpg 768w, https:\/\/www.nordzucker.com\/de\/wp-content\/uploads\/sites\/2\/2024\/05\/nordzuckeralexander-bott-with-team-1-1536x864.jpg 1536w\"><\/amp-img>    <meta itemprop=\"image\" content=\"https:\/\/www.nordzucker.com\/de\/wp-content\/uploads\/sites\/2\/2024\/05\/nordzuckeralexander-bott-with-team-1.jpg\"><\/meta>\n                <\/figure>\n          \n        \n                      <figure class=\"aspect-[3\/2]\">\n              <amp-img src=\"https:\/\/www.nordzucker.com\/de\/wp-content\/uploads\/sites\/2\/2024\/05\/nordzucker-alexander-bott_cfo-with-team-2.jpg\"width=\"1862\"height=\"1048\"class=\"object-cover object-center\"layout=\"fill\"data-amp-auto-lightbox-disable=\"1\"noloading=\"1\"srcset=\"https:\/\/www.nordzucker.com\/de\/wp-content\/uploads\/sites\/2\/2024\/05\/nordzucker-alexander-bott_cfo-with-team-2.jpg 1862w, https:\/\/www.nordzucker.com\/de\/wp-content\/uploads\/sites\/2\/2024\/05\/nordzucker-alexander-bott_cfo-with-team-2-300x169.jpg 300w, https:\/\/www.nordzucker.com\/de\/wp-content\/uploads\/sites\/2\/2024\/05\/nordzucker-alexander-bott_cfo-with-team-2-1600x901.jpg 1600w, https:\/\/www.nordzucker.com\/de\/wp-content\/uploads\/sites\/2\/2024\/05\/nordzucker-alexander-bott_cfo-with-team-2-768x432.jpg 768w, https:\/\/www.nordzucker.com\/de\/wp-content\/uploads\/sites\/2\/2024\/05\/nordzucker-alexander-bott_cfo-with-team-2-1536x865.jpg 1536w\"><\/amp-img>    <meta itemprop=\"image\" content=\"https:\/\/www.nordzucker.com\/de\/wp-content\/uploads\/sites\/2\/2024\/05\/nordzucker-alexander-bott_cfo-with-team-2.jpg\"><\/meta>\n                <\/figure>\n          \n              <\/amp-base-carousel>\n    <\/div>\n\n    <!-- Controls -->\n          \n      <!-- Button Prev -->\n      <button\n        on=\"tap:carousel_525.prev()\"\n        title=\"Previous element\"\n        aria-label=\"Previous element\"\n        class=\"absolute left-0 top-1\/2 -translate-y-1\/2 flex items-center justify-center w-10 h-10 bg-primary transform transition duration-300 hover:scale-105\">\n          <div class=\"text-body text-5xl -mt-1\">&lsaquo;<\/div>\n      <\/button>\n\n      \n      <!-- Button Next -->\n      <button\n        on=\"tap:carousel_525.next()\"\n        title=\"Next element\"\n        aria-label=\"Next element\"\n        class=\"absolute right-0 top-1\/2 -translate-y-1\/2 flex items-center justify-center w-10 h-10 bg-primary transform transition duration-300 hover:scale-105\">\n        <div class=\"text-body text-5xl -mt-1\">&rsaquo;<\/div>\n      <\/button>\n\n          \n\n  <\/div>\n\n  <!-- Captions -->\n      <div class=\"relative bg-primary-darken-1 py-2 px-5 text-body\">\n      <amp-selector\n        id=\"captions_525\"\n        class=\"captions h-64 sm:h-40\"\n        aria-label=\"Image carousel captions\"\n        layout=\"container\">\n        <ul class=\"grid grid-cols-1 mt-3 list-none pl-0\" >\n                      <li\n              class=\"pl-0 m-0 col-start-1 col-end-1 row-start-1 row-end-1 hidden\"\n              option=\"0\"\n              selected            >\n      \n              <!-- Title -->\n                              <p class=\"text-lg font-bold mb-1\">Erfolgreiche Expansion nach Down Under <\/p>\n                            <div class=\"\">\n              Seit 2019 sind wir mit der Mehrheitsbeteiligung an Mackay Sugar auch in Australien aktiv. Dort gewinnen wir Zucker aus Zuckerrohr und bedienen vorwiegend den s\u00fcdostasiatischen Markt.              <\/div>\n    \n              <!-- Button -->\n                          <\/li>\n                      <li\n              class=\"pl-0 m-0 col-start-1 col-end-1 row-start-1 row-end-1 hidden\"\n              option=\"1\"\n                          >\n      \n              <!-- Title -->\n                              <p class=\"text-lg font-bold mb-1\">Pflanzenbasierte Proteine aus der Erbse<\/p>\n                            <div class=\"\">\n              Pflanzenbasierte Ern\u00e4hrung ist ein Wachstumsmarkt mit gro\u00dfem Potenzial. Wir investieren in ein neues Werk und produzieren ab 2026 Erbsenprotein f\u00fcr die Lebens- und Futtermittelherstellung.              <\/div>\n    \n              <!-- Button -->\n                          <\/li>\n                      <li\n              class=\"pl-0 m-0 col-start-1 col-end-1 row-start-1 row-end-1 hidden\"\n              option=\"2\"\n                          >\n      \n              <!-- Title -->\n                              <p class=\"text-lg font-bold mb-1\">Optimierungspotenziale heben \u2013 Profitabilit\u00e4t steigern<\/p>\n                            <div class=\"\">\n              Wir wollen besser werden \u2013 effizienter, transparenter, digitaler und im Ergebnis profitabler. \u00dcber Exzellenz-Projekte sto\u00dfen wir kleine und gro\u00dfe Ma\u00dfnahmen an, um erfolgreich zu bleiben.              <\/div>\n    \n              <!-- Button -->\n                          <\/li>\n                  <\/ul>\n      <\/amp-selector>\n\n      <!-- Indicators -->\n              <amp-selector\n          id=\"indicators_525\"\n          class=\"indicators absolute inset-x-0 bottom-0 p-3 lg:p-4\"\n          layout=\"container\"\n          on=\"select:carousel_525.goToSlide(index=event.targetOption)\">\n          <ul class=\"flex justify-center space-x-3 list-none\">\n                          <li class=\"rounded-full h-3 w-3 border-2 border-neutral-inverse\"\n                 selected                option=\"0\">\n              <\/li>\n                          <li class=\"rounded-full h-3 w-3 border-2 border-neutral-inverse\"\n                                option=\"1\">\n              <\/li>\n                          <li class=\"rounded-full h-3 w-3 border-2 border-neutral-inverse\"\n                                option=\"2\">\n              <\/li>\n                      <\/ul>\n        <\/amp-selector>\n      \n    <\/div>\n  \n<\/div>\n\n\n\n<p>Das zuletzt erzielte, au\u00dferordentlich gute Gesch\u00e4ftsergebnis gibt uns Stabilit\u00e4t und R\u00fcckenwind, um unsere Nachhaltigkeits- und Wachstumsstrategie konsequent fortzusetzen. Seit inzwischen f\u00fcnf Jahren gewinnen wir in Australien erfolgreich Zucker aus Zuckerrohr, unsere dortige Beteiligung Mackay Sugar leistet jedes Jahr einen wachsenden Beitrag zum Gesamtergebnis. Eine durchweg positive Bilanz dieses ersten Wachstumsschritts au\u00dferhalb des R\u00fcbenzuckers und au\u00dferhalb Europas.<\/p>\n\n\n\n<p>Gro\u00dfes Potenzial sehen wir im f\u00fcr uns neuen Gesch\u00e4ftsfeld der pflanzenbasierten Proteine, in das wir rund 100 Millionen Euro investieren. Den Einstieg in diesen agrarnahen und vielversprechenden Wachstumsmarkt vollziehen wir mit einem eigenen neuen Werk, das 2026 in Betrieb gehen soll.<\/p>\n\n\n\n<p>Gro\u00dfe Investitionen t\u00e4tigen wir mit mehr als 300 Millionen Euro \u00fcber die kommenden f\u00fcnf Jahre auch in unser Nachhaltigkeitsprogramm GoGreen und schaffen so die Voraussetzungen, bis 2050 klimaneutral produzieren zu k\u00f6nnen.<\/p>\n\n\n\n<p>Einen wichtigen Beitrag zur Profitabilit\u00e4t leisten bei all dem unsere Exzellenz-Initiativen, \u00fcber die wir die Optimierung unserer gesamten Wertsch\u00f6pfungskette vorantreiben. So sind wir f\u00fcr die Zukunft gut aufgestellt.<\/p>\n","protected":false},"excerpt":{"rendered":"<p>Nordzucker AG &#8211; Wir fokussieren uns auf drei strategische Schwerpunkte: Nachhaltigkeit, Exzellenz und Wachstum.  So bleiben wir langfristig erfolgreich.<\/p>\n","protected":false},"author":6,"featured_media":9373,"parent":8643,"menu_order":1,"comment_status":"closed","ping_status":"closed","template":"","meta":{"footnotes":""},"page_category":[],"acf":[],"_links":{"self":[{"href":"https:\/\/www.nordzucker.com\/de\/wp-json\/wp\/v2\/pages\/8664"}],"collection":[{"href":"https:\/\/www.nordzucker.com\/de\/wp-json\/wp\/v2\/pages"}],"about":[{"href":"https:\/\/www.nordzucker.com\/de\/wp-json\/wp\/v2\/types\/page"}],"author":[{"embeddable":true,"href":"https:\/\/www.nordzucker.com\/de\/wp-json\/wp\/v2\/users\/6"}],"replies":[{"embeddable":true,"href":"https:\/\/www.nordzucker.com\/de\/wp-json\/wp\/v2\/comments?post=8664"}],"version-history":[{"count":22,"href":"https:\/\/www.nordzucker.com\/de\/wp-json\/wp\/v2\/pages\/8664\/revisions"}],"predecessor-version":[{"id":9378,"href":"https:\/\/www.nordzucker.com\/de\/wp-json\/wp\/v2\/pages\/8664\/revisions\/9378"}],"up":[{"embeddable":true,"href":"https:\/\/www.nordzucker.com\/de\/wp-json\/wp\/v2\/pages\/8643"}],"wp:featuredmedia":[{"embeddable":true,"href":"https:\/\/www.nordzucker.com\/de\/wp-json\/wp\/v2\/media\/9373"}],"wp:attachment":[{"href":"https:\/\/www.nordzucker.com\/de\/wp-json\/wp\/v2\/media?parent=8664"}],"wp:term":[{"taxonomy":"page_category","embeddable":true,"href":"https:\/\/www.nordzucker.com\/de\/wp-json\/wp\/v2\/page_category?post=8664"}],"curies":[{"name":"wp","href":"https:\/\/api.w.org\/{rel}","templated":true}]}}