{"id":8658,"date":"2024-05-23T13:30:00","date_gmt":"2024-05-23T11:30:00","guid":{"rendered":"https:\/\/www.nordzucker.com\/de\/?page_id=8658"},"modified":"2024-05-29T15:46:31","modified_gmt":"2024-05-29T13:46:31","slug":"brief-des-vorstandes","status":"publish","type":"page","link":"https:\/\/www.nordzucker.com\/de\/the-sugar-company\/geschaeftsbericht-2023-24\/brief-des-vorstandes\/","title":{"rendered":"Brief des Vorstands"},"content":{"rendered":"\n<h2 class=\"wp-block-heading\">Der Vorstand ordnet die Zahlen 2023\/24 ein<\/h2>\n\n\n\n<div class=\"py-4 text-xl leading-8\">\n\tDie drei Mitglieder des Nordzucker-Vorstands richten sich direkt an unsere Aktion\u00e4rinnen und Aktion\u00e4re und teilen ihren Blick auf das Gesch\u00e4ftsjahr 2023\/24 sowie auf die Unternehmensentwicklung.<\/div>\n\n\n<div class=\"carousel\">\n\n  <div class=\"relative overflow-hidden\">\n\n    <!-- Carousel -->\n    <div class=\"aspect-[3\/2]\">\n      <amp-base-carousel\n        id=\"carousel_128\"\n        layout=\"fill\"\n        controls=\"never\"\n        auto-advance=\"true\"\n        auto-advance-interval=\"5000\"\n        loop=\"true\"\n        role=\"region\"\n        aria-label=\"Image carousel\"\n        on=\"slideChange:indicators_128.toggle(index=event.index,value=true),captions_128.toggle(index=event.index,value=true)\"        >\n        \n                      <figure class=\"aspect-[3\/2]\">\n              <amp-img src=\"https:\/\/www.nordzucker.com\/de\/wp-content\/uploads\/sites\/2\/2024\/05\/nordzucker-lars-gorissen_ceo.jpg\"width=\"2202\"height=\"1239\"class=\"object-cover object-center\"alt=\"nordzucker-lars-gorissen_ceo\"layout=\"fill\"data-amp-auto-lightbox-disable=\"1\"noloading=\"1\"srcset=\"https:\/\/www.nordzucker.com\/de\/wp-content\/uploads\/sites\/2\/2024\/05\/nordzucker-lars-gorissen_ceo.jpg 2202w, https:\/\/www.nordzucker.com\/de\/wp-content\/uploads\/sites\/2\/2024\/05\/nordzucker-lars-gorissen_ceo-300x169.jpg 300w, https:\/\/www.nordzucker.com\/de\/wp-content\/uploads\/sites\/2\/2024\/05\/nordzucker-lars-gorissen_ceo-1600x900.jpg 1600w, https:\/\/www.nordzucker.com\/de\/wp-content\/uploads\/sites\/2\/2024\/05\/nordzucker-lars-gorissen_ceo-768x432.jpg 768w, https:\/\/www.nordzucker.com\/de\/wp-content\/uploads\/sites\/2\/2024\/05\/nordzucker-lars-gorissen_ceo-1536x864.jpg 1536w, https:\/\/www.nordzucker.com\/de\/wp-content\/uploads\/sites\/2\/2024\/05\/nordzucker-lars-gorissen_ceo-2048x1152.jpg 2048w\"><\/amp-img>    <meta itemprop=\"image\" content=\"https:\/\/www.nordzucker.com\/de\/wp-content\/uploads\/sites\/2\/2024\/05\/nordzucker-lars-gorissen_ceo.jpg\"><\/meta>\n                <\/figure>\n          \n        \n          \n        \n                      <figure class=\"aspect-[3\/2]\">\n              <amp-img src=\"https:\/\/www.nordzucker.com\/de\/wp-content\/uploads\/sites\/2\/2024\/05\/nordzucker-alexander-godow_coo.jpg\"width=\"2170\"height=\"1220\"class=\"object-cover object-center\"alt=\"nordzucker-alexander-godow_coo\"layout=\"fill\"data-amp-auto-lightbox-disable=\"1\"noloading=\"1\"srcset=\"https:\/\/www.nordzucker.com\/de\/wp-content\/uploads\/sites\/2\/2024\/05\/nordzucker-alexander-godow_coo.jpg 2170w, https:\/\/www.nordzucker.com\/de\/wp-content\/uploads\/sites\/2\/2024\/05\/nordzucker-alexander-godow_coo-300x169.jpg 300w, https:\/\/www.nordzucker.com\/de\/wp-content\/uploads\/sites\/2\/2024\/05\/nordzucker-alexander-godow_coo-1600x900.jpg 1600w, https:\/\/www.nordzucker.com\/de\/wp-content\/uploads\/sites\/2\/2024\/05\/nordzucker-alexander-godow_coo-768x432.jpg 768w, https:\/\/www.nordzucker.com\/de\/wp-content\/uploads\/sites\/2\/2024\/05\/nordzucker-alexander-godow_coo-1536x864.jpg 1536w, https:\/\/www.nordzucker.com\/de\/wp-content\/uploads\/sites\/2\/2024\/05\/nordzucker-alexander-godow_coo-2048x1151.jpg 2048w\"><\/amp-img>    <meta itemprop=\"image\" content=\"https:\/\/www.nordzucker.com\/de\/wp-content\/uploads\/sites\/2\/2024\/05\/nordzucker-alexander-godow_coo.jpg\"><\/meta>\n                <\/figure>\n          \n              <\/amp-base-carousel>\n    <\/div>\n\n    <!-- Controls -->\n          \n      <!-- Button Prev -->\n      <button\n        on=\"tap:carousel_128.prev()\"\n        title=\"Previous element\"\n        aria-label=\"Previous element\"\n        class=\"absolute left-0 top-1\/2 -translate-y-1\/2 flex items-center justify-center w-10 h-10 bg-primary transform transition duration-300 hover:scale-105\">\n          <div class=\"text-body text-5xl -mt-1\">&lsaquo;<\/div>\n      <\/button>\n\n      \n      <!-- Button Next -->\n      <button\n        on=\"tap:carousel_128.next()\"\n        title=\"Next element\"\n        aria-label=\"Next element\"\n        class=\"absolute right-0 top-1\/2 -translate-y-1\/2 flex items-center justify-center w-10 h-10 bg-primary transform transition duration-300 hover:scale-105\">\n        <div class=\"text-body text-5xl -mt-1\">&rsaquo;<\/div>\n      <\/button>\n\n          \n\n  <\/div>\n\n  <!-- Captions -->\n      <div class=\"relative bg-primary-darken-1 py-2 px-5 text-body\">\n      <amp-selector\n        id=\"captions_128\"\n        class=\"captions h-72 sm:h-48\"\n        aria-label=\"Image carousel captions\"\n        layout=\"container\">\n        <ul class=\"grid grid-cols-1 mt-3 list-none pl-0\" >\n                      <li\n              class=\"pl-0 m-0 col-start-1 col-end-1 row-start-1 row-end-1 hidden\"\n              option=\"0\"\n              selected            >\n      \n              <!-- Title -->\n                              <p class=\"text-lg font-bold mb-1\">Lars Gorissen, CEO<\/p>\n                            <div class=\"\">\n              \u201eUnser Erfolg ist auch Ergebnis gemeinschaftlicher Anstrengungen. Mitarbeiter, Landwirte, Lieferanten und viele andere haben mit ihrem Engagement zum sehr guten Jahresergebnis beigetragen.\u201c              <\/div>\n    \n              <!-- Button -->\n                          <\/li>\n                      <li\n              class=\"pl-0 m-0 col-start-1 col-end-1 row-start-1 row-end-1 hidden\"\n              option=\"1\"\n                          >\n      \n              <!-- Title -->\n                              <p class=\"text-lg font-bold mb-1\">Alexander Bott, CFO<\/p>\n                            <div class=\"\">\n              \u201eDank des strategischen Dreiklangs aus Nachhaltigkeit, Exzellenz und Wachstum sind wir gut aufgestellt, um den Weg zu einem noch nachhaltigeren und zugleich profitablen Unternehmen erfolgreich fortzusetzen.\u201c              <\/div>\n    \n              <!-- Button -->\n                          <\/li>\n                      <li\n              class=\"pl-0 m-0 col-start-1 col-end-1 row-start-1 row-end-1 hidden\"\n              option=\"2\"\n                          >\n      \n              <!-- Title -->\n                              <p class=\"text-lg font-bold mb-1\">Alexander Godow, COO<\/p>\n                            <div class=\"\">\n              \u201eWir setzen auf Nachhaltigkeit und Wachstum \u2013 unter anderem indem wir rund 100 Millionen Euro in die Produktion pflanzenbasierter Proteine sowie mehr als 300 Millionen Euro in den n\u00e4chsten f\u00fcnf Jahren in unser Nachhaltigkeitsprogramm GoGreen investieren.\u201c              <\/div>\n    \n              <!-- Button -->\n                          <\/li>\n                  <\/ul>\n      <\/amp-selector>\n\n      <!-- Indicators -->\n              <amp-selector\n          id=\"indicators_128\"\n          class=\"indicators absolute inset-x-0 bottom-0 p-3 lg:p-4\"\n          layout=\"container\"\n          on=\"select:carousel_128.goToSlide(index=event.targetOption)\">\n          <ul class=\"flex justify-center space-x-3 list-none\">\n                          <li class=\"rounded-full h-3 w-3 border-2 border-neutral-inverse\"\n                 selected                option=\"0\">\n              <\/li>\n                          <li class=\"rounded-full h-3 w-3 border-2 border-neutral-inverse\"\n                                option=\"1\">\n              <\/li>\n                          <li class=\"rounded-full h-3 w-3 border-2 border-neutral-inverse\"\n                                option=\"2\">\n              <\/li>\n                      <\/ul>\n        <\/amp-selector>\n      \n    <\/div>\n  \n<\/div>\n\n\n\n<p>Liebe Aktion\u00e4rinnen, liebe Aktion\u00e4re,<br>wir k\u00f6nnen auf das zweitbeste Ergebnis der Konzern-Historie zur\u00fcckschauen. Unser Vorstand ordnet die wichtigsten finanziellen Kennzahlen ein, skizziert die Entwicklung des Konzerns mit Blick auf R\u00fcbe und Rohr und gibt einen Ausblick auf das kommende Gesch\u00e4ftsjahr, dem wir positiv entgegensehen. Au\u00dferdem unterstreichen die drei Vorst\u00e4nde die Bedeutung unserer strategischen Schwerpunkte Nachhaltigkeit, Exzellenz und Wachstum f\u00fcr den langfristigen Unternehmenserfolg.<\/p>\n\n\n\n<p>Das und mehr direkt im aktuellen <a href=\"https:\/\/www.nordzucker.com\/de\/wp-content\/uploads\/sites\/2\/2024\/05\/240523-NZ_Geschaeftsbericht_2023-24_DE.pdf\" target=\"_blank\" rel=\"noreferrer noopener\">Gesch\u00e4ftsbericht<\/a>.<\/p>\n","protected":false},"excerpt":{"rendered":"<p>Nordzucker AG &#8211; Im Brief ordnet der Vorstand die wichtigsten finanziellen Kennzahlen ein, skizziert die Entwicklung des Konzerns mit Blick auf R\u00fcbe, Rohr und pflanzliche Proteine und gibt einen Ausblick auf das kommende Gesch\u00e4ftsjahr.<\/p>\n","protected":false},"author":6,"featured_media":9379,"parent":8643,"menu_order":0,"comment_status":"closed","ping_status":"closed","template":"","meta":{"footnotes":""},"page_category":[],"acf":[],"_links":{"self":[{"href":"https:\/\/www.nordzucker.com\/de\/wp-json\/wp\/v2\/pages\/8658"}],"collection":[{"href":"https:\/\/www.nordzucker.com\/de\/wp-json\/wp\/v2\/pages"}],"about":[{"href":"https:\/\/www.nordzucker.com\/de\/wp-json\/wp\/v2\/types\/page"}],"author":[{"embeddable":true,"href":"https:\/\/www.nordzucker.com\/de\/wp-json\/wp\/v2\/users\/6"}],"replies":[{"embeddable":true,"href":"https:\/\/www.nordzucker.com\/de\/wp-json\/wp\/v2\/comments?post=8658"}],"version-history":[{"count":34,"href":"https:\/\/www.nordzucker.com\/de\/wp-json\/wp\/v2\/pages\/8658\/revisions"}],"predecessor-version":[{"id":9384,"href":"https:\/\/www.nordzucker.com\/de\/wp-json\/wp\/v2\/pages\/8658\/revisions\/9384"}],"up":[{"embeddable":true,"href":"https:\/\/www.nordzucker.com\/de\/wp-json\/wp\/v2\/pages\/8643"}],"wp:featuredmedia":[{"embeddable":true,"href":"https:\/\/www.nordzucker.com\/de\/wp-json\/wp\/v2\/media\/9379"}],"wp:attachment":[{"href":"https:\/\/www.nordzucker.com\/de\/wp-json\/wp\/v2\/media?parent=8658"}],"wp:term":[{"taxonomy":"page_category","embeddable":true,"href":"https:\/\/www.nordzucker.com\/de\/wp-json\/wp\/v2\/page_category?post=8658"}],"curies":[{"name":"wp","href":"https:\/\/api.w.org\/{rel}","templated":true}]}}