{"id":8643,"date":"2024-05-23T13:30:00","date_gmt":"2024-05-23T11:30:00","guid":{"rendered":"https:\/\/www.nordzucker.com\/de\/?page_id=8643"},"modified":"2025-05-28T12:10:19","modified_gmt":"2025-05-28T10:10:19","slug":"geschaeftsbericht-2023-24","status":"publish","type":"page","link":"https:\/\/www.nordzucker.com\/de\/the-sugar-company\/geschaeftsbericht-2023-24\/","title":{"rendered":"Unser Gesch\u00e4ftsbericht 2023\/24"},"content":{"rendered":"\n<h2 class=\"wp-block-heading\">Zweitbestes Ergebnis der Konzern-Historie<\/h2>\n\n\n\n<div class=\"py-4 text-xl leading-8\">\n\tDer Konzern sieht sich gest\u00e4rkt und setzt seinen Investitions- und Wachstumskurs fort.<\/div>\n\n\n<p>Unser aktueller <a href=\"https:\/\/www.nordzucker.com\/de\/wp-content\/uploads\/sites\/2\/2024\/05\/240523-NZ_Geschaeftsbericht_2023-24_DE.pdf\" target=\"_blank\" rel=\"noreferrer noopener\">Gesch\u00e4ftsbericht<\/a><a href=\"https:\/\/www.nordzucker.com\/de\/wp-content\/uploads\/sites\/2\/2024\/05\/240523-NZ_Geschaeftsbericht_2023-24_DE.pdf\"> <\/a>fasst die finanzielle und gesch\u00e4ftliche Entwicklung des abgelaufenen Gesch\u00e4ftsjahres zusammen, die \u00e4u\u00dferst erfreulich war. Der Konzern sieht sich gest\u00e4rkt und setzt seinen Investitions- und Wachstumskurs fort. Der Bericht liefert nicht nur detaillierte Kennzahlen zur Ertragslage, der letzten R\u00fcbenkampagne und Crush sowie zu unseren Mitarbeiterinnen und Mitarbeitern, sondern auch tiefere Einblicke in die drei Schwerpunkte unserer Unternehmensstrategie: Nachhaltigkeit, Exzellenz und Wachstum. Besonders unsere Ma\u00dfnahmen und Bem\u00fchungen rund um ein noch nachhaltigeres Wirtschaften auf allen Wertsch\u00f6pfungsstufen stellen wir anhand konkreter Projekte vor. Dabei lassen wir diejenigen zu Wort kommen, die daf\u00fcr gemeinsam mit uns jeden Tag ihr Bestes geben: Unsere Besch\u00e4ftigten, Anbaupartner, Lieferanten und Kunden.<\/p>\n","protected":false},"excerpt":{"rendered":"<p>Wir freuen uns, Ihnen den Gesch\u00e4ftsbericht 2023\/24 zu pr\u00e4sentieren. Hier finden Sie Informationen \u00fcber die gesch\u00e4ftliche und finanzielle Entwicklung der Nordzucker AG.<\/p>\n","protected":false},"author":6,"featured_media":10520,"parent":14,"menu_order":-1,"comment_status":"closed","ping_status":"closed","template":"","meta":{"footnotes":""},"page_category":[],"acf":[],"_links":{"self":[{"href":"https:\/\/www.nordzucker.com\/de\/wp-json\/wp\/v2\/pages\/8643"}],"collection":[{"href":"https:\/\/www.nordzucker.com\/de\/wp-json\/wp\/v2\/pages"}],"about":[{"href":"https:\/\/www.nordzucker.com\/de\/wp-json\/wp\/v2\/types\/page"}],"author":[{"embeddable":true,"href":"https:\/\/www.nordzucker.com\/de\/wp-json\/wp\/v2\/users\/6"}],"replies":[{"embeddable":true,"href":"https:\/\/www.nordzucker.com\/de\/wp-json\/wp\/v2\/comments?post=8643"}],"version-history":[{"count":41,"href":"https:\/\/www.nordzucker.com\/de\/wp-json\/wp\/v2\/pages\/8643\/revisions"}],"predecessor-version":[{"id":11247,"href":"https:\/\/www.nordzucker.com\/de\/wp-json\/wp\/v2\/pages\/8643\/revisions\/11247"}],"up":[{"embeddable":true,"href":"https:\/\/www.nordzucker.com\/de\/wp-json\/wp\/v2\/pages\/14"}],"wp:featuredmedia":[{"embeddable":true,"href":"https:\/\/www.nordzucker.com\/de\/wp-json\/wp\/v2\/media\/10520"}],"wp:attachment":[{"href":"https:\/\/www.nordzucker.com\/de\/wp-json\/wp\/v2\/media?parent=8643"}],"wp:term":[{"taxonomy":"page_category","embeddable":true,"href":"https:\/\/www.nordzucker.com\/de\/wp-json\/wp\/v2\/page_category?post=8643"}],"curies":[{"name":"wp","href":"https:\/\/api.w.org\/{rel}","templated":true}]}}