{"id":862,"date":"2022-04-05T09:53:00","date_gmt":"2022-04-05T07:53:00","guid":{"rendered":"https:\/\/www.nordzucker.com\/de\/?page_id=862"},"modified":"2025-04-17T12:56:56","modified_gmt":"2025-04-17T10:56:56","slug":"biozucker","status":"publish","type":"page","link":"https:\/\/www.nordzucker.com\/de\/expertise-produkte\/zucker-fuer-die-nahrungsmittelbranche\/biozucker\/","title":{"rendered":"Biozucker"},"content":{"rendered":"\n<h2 class=\"wp-block-heading\">Exklusives Biozucker-Sortiment aus R\u00fcbenzucker<\/h2>\n\n\n\n<div class=\"py-4 text-xl leading-8\">\n\tBiozucker bietet denselben s\u00fc\u00dfen Geschmack wie konventioneller Zucker und kann f\u00fcr alle S\u00fc\u00dfungszwecke verwendet werden.<\/div>\n\n\n<p>Unsere biologischen Produkte stellen wir vor allem aus lokal angebauten Zuckerr\u00fcben her. Wir arbeiten mit verschiedenen Anbauern von Bio-Zuckerr\u00fcben in Litauen, D\u00e4nemark, Deutschland und Schweden zusammen.<\/p>\n\n\n\n<p>Zus\u00e4tzlich zu einfachem Kristallzucker bieten wir verschiedene Spezialit\u00e4ten an. In Deutschland sind die Biozucker-Produkte in diesen Verbandsqualit\u00e4ten verf\u00fcgbar:<\/p>\n\n\n<figure>\n\t\t\t<img decoding=\"async\" src=\"https:\/\/www.nordzucker.com\/de\/wp-content\/uploads\/sites\/2\/2021\/04\/Kombi-Verbaende-e1617803806206.jpg\" class=\"max-w-full\" \/>\n\t\t<\/figure>\n\n\n<p>In Schweden, D\u00e4nemark und Litauen erzeugte Bioprodukte sind erh\u00e4ltlich unter:<\/p>\n\n\n<figure>\n\t\t\t<img decoding=\"async\" src=\"https:\/\/www.nordzucker.com\/de\/wp-content\/uploads\/sites\/2\/2022\/04\/Bio-Logi-e1648816251841.jpg\" class=\"max-w-full\" \/>\n\t\t<\/figure>\n\n\n<p>Hier finden Sie unseren Sales Folder: <a href=\"https:\/\/www.nordzucker.com\/de\/download-kategorien\/biozucker\/\">Biozucker aus R\u00fcbe<\/a> <\/p>\n","protected":false},"excerpt":{"rendered":"<p>Nordzucker produziert ihr exklusives Bio-Zuckersortiment aus heimischen Zuckerr\u00fcben. Entdecken Sie die Verbandsqualit\u00e4ten.<\/p>\n","protected":false},"author":1,"featured_media":10856,"parent":82,"menu_order":3,"comment_status":"closed","ping_status":"closed","template":"","meta":{"footnotes":""},"page_category":[],"acf":[],"_links":{"self":[{"href":"https:\/\/www.nordzucker.com\/de\/wp-json\/wp\/v2\/pages\/862"}],"collection":[{"href":"https:\/\/www.nordzucker.com\/de\/wp-json\/wp\/v2\/pages"}],"about":[{"href":"https:\/\/www.nordzucker.com\/de\/wp-json\/wp\/v2\/types\/page"}],"author":[{"embeddable":true,"href":"https:\/\/www.nordzucker.com\/de\/wp-json\/wp\/v2\/users\/1"}],"replies":[{"embeddable":true,"href":"https:\/\/www.nordzucker.com\/de\/wp-json\/wp\/v2\/comments?post=862"}],"version-history":[{"count":30,"href":"https:\/\/www.nordzucker.com\/de\/wp-json\/wp\/v2\/pages\/862\/revisions"}],"predecessor-version":[{"id":10857,"href":"https:\/\/www.nordzucker.com\/de\/wp-json\/wp\/v2\/pages\/862\/revisions\/10857"}],"up":[{"embeddable":true,"href":"https:\/\/www.nordzucker.com\/de\/wp-json\/wp\/v2\/pages\/82"}],"wp:featuredmedia":[{"embeddable":true,"href":"https:\/\/www.nordzucker.com\/de\/wp-json\/wp\/v2\/media\/10856"}],"wp:attachment":[{"href":"https:\/\/www.nordzucker.com\/de\/wp-json\/wp\/v2\/media?parent=862"}],"wp:term":[{"taxonomy":"page_category","embeddable":true,"href":"https:\/\/www.nordzucker.com\/de\/wp-json\/wp\/v2\/page_category?post=862"}],"curies":[{"name":"wp","href":"https:\/\/api.w.org\/{rel}","templated":true}]}}