{"id":86,"date":"2020-07-07T17:41:09","date_gmt":"2020-07-07T17:41:09","guid":{"rendered":"https:\/\/www.nordzucker.com\/de\/?page_id=86"},"modified":"2025-02-07T16:28:10","modified_gmt":"2025-02-07T15:28:10","slug":"futtermittel","status":"publish","type":"page","link":"https:\/\/www.nordzucker.com\/de\/expertise-produkte\/futtermittel\/","title":{"rendered":"Futtermittel"},"content":{"rendered":"\n<h2 class=\"wp-block-heading\">Hochwertiges Tierfutter mit wertvollen Inhaltsstoffen<\/h2>\n\n\n\n<div class=\"py-4 text-xl leading-8\">\n\tZu unserem Produktspektrum geh\u00f6ren auch n\u00e4hrstoffreiche Futtermittel, die aus der Zuckerr\u00fcbe gewonnen werden wie Zuckerr\u00fcbenschnitzel, Pellets und Melasse. In der Futtermittelindustrie und Nutztierhaltung sind diese Produkte aufgrund ihrer wertvollen Eigenschaften sehr gesch\u00e4tzte und gefragte Kraft- und Mineralfutterkomponenten. Daneben bieten wir mit unserem Bienenfutter speziell auf die Bed\u00fcrfnisse von Bienen abgestimmte Produkte.<\/div>","protected":false},"excerpt":{"rendered":"<p>Neben vielf\u00e4ltigen Zuckerprodukten, geh\u00f6ren auch n\u00e4hrstoffreiche Futtermittel, wie Zuckerr\u00fcbenschnitzel, Pellets und Melasse zu unserem Produktsortiment.<\/p>\n","protected":false},"author":1,"featured_media":10478,"parent":78,"menu_order":4,"comment_status":"closed","ping_status":"closed","template":"","meta":{"footnotes":""},"page_category":[],"acf":[],"_links":{"self":[{"href":"https:\/\/www.nordzucker.com\/de\/wp-json\/wp\/v2\/pages\/86"}],"collection":[{"href":"https:\/\/www.nordzucker.com\/de\/wp-json\/wp\/v2\/pages"}],"about":[{"href":"https:\/\/www.nordzucker.com\/de\/wp-json\/wp\/v2\/types\/page"}],"author":[{"embeddable":true,"href":"https:\/\/www.nordzucker.com\/de\/wp-json\/wp\/v2\/users\/1"}],"replies":[{"embeddable":true,"href":"https:\/\/www.nordzucker.com\/de\/wp-json\/wp\/v2\/comments?post=86"}],"version-history":[{"count":13,"href":"https:\/\/www.nordzucker.com\/de\/wp-json\/wp\/v2\/pages\/86\/revisions"}],"predecessor-version":[{"id":10579,"href":"https:\/\/www.nordzucker.com\/de\/wp-json\/wp\/v2\/pages\/86\/revisions\/10579"}],"up":[{"embeddable":true,"href":"https:\/\/www.nordzucker.com\/de\/wp-json\/wp\/v2\/pages\/78"}],"wp:featuredmedia":[{"embeddable":true,"href":"https:\/\/www.nordzucker.com\/de\/wp-json\/wp\/v2\/media\/10478"}],"wp:attachment":[{"href":"https:\/\/www.nordzucker.com\/de\/wp-json\/wp\/v2\/media?parent=86"}],"wp:term":[{"taxonomy":"page_category","embeddable":true,"href":"https:\/\/www.nordzucker.com\/de\/wp-json\/wp\/v2\/page_category?post=86"}],"curies":[{"name":"wp","href":"https:\/\/api.w.org\/{rel}","templated":true}]}}