{"id":843,"date":"2024-03-06T16:26:45","date_gmt":"2024-03-06T15:26:45","guid":{"rendered":"https:\/\/www.nordzucker.com\/de\/?page_id=843"},"modified":"2025-04-17T12:13:10","modified_gmt":"2025-04-17T10:13:10","slug":"fondant","status":"publish","type":"page","link":"https:\/\/www.nordzucker.com\/de\/expertise-produkte\/zucker-fuer-die-nahrungsmittelbranche\/fondant\/","title":{"rendered":"Fondant"},"content":{"rendered":"\n<h2 class=\"wp-block-heading\">SweetFamily Fondant-Sortiment f\u00fcr B\u00e4ckereien und Konditoreien<\/h2>\n\n\n\n<div class=\"py-4 text-xl leading-8\">\n\tHochwertiger Fl\u00fcssigzucker, Glukosesirup, Wasser und teilweise produktspezifische Zusatzstoffe sind die Zutaten f\u00fcr unsere Fondant-Produkte.<\/div>\n\n\n<p>Unsere Fondant-Produkte beweisen ihren praktischen Nutzen seit \u00fcber 40 Jahren. Dank der verarbeitungsfreundlichen Konsistenz gelingen feine Backwaren, raffinierte Pralinen, k\u00f6stliches Konfekt und verschiedenste Kuchenvariationen mit Leichtigkeit und in h\u00f6chster Qualit\u00e4t. M\u00f6chten Sie Ihre Backwaren mit unseren Produkten vers\u00fc\u00dfen, dann nehmen Sie einfach Kontakt zu unserem <a href=\"https:\/\/www.nordzucker.com\/de\/kontakte\/andreas-meier\/\">Ansprechpartner<\/a> auf.<\/p>\n\n\n\n<h4 class=\"wp-block-heading\">Einen \u00dcberblick \u00fcber unser Fondant Sortiment finden Sie hier:<\/h4>\n\n\n\n<ul>\n<li>SweetFamily Fondant K &#8211; Der Allesk\u00f6nner f\u00fcr B\u00e4ckerei &amp; Konditorei<\/li>\n\n\n\n<li>SweetFamily Fondant F &#8211; Best\u00e4ndig beim Einfrieren und Wiederauftauen<\/li>\n\n\n\n<li>SweetFamily Fertigglasur &#8211; F\u00fcr die perfekte Glasur ihrer Backwaren<\/li>\n\n\n\n<li>SweetFamily Fondant N (normal) &#8211; Der Klassiker f\u00fcr die S\u00fc\u00dfwarenindustrie<\/li>\n\n\n\n<li>SweetFamily Fondant N (hart) &#8211; F\u00fcr besondere Anwendungen in der S\u00fc\u00dfwarenindustrie<\/li>\n\n\n\n<li>SweetFamily Fondant N (extra hart) &#8211; F\u00fcr besondere Anwendungen in der S\u00fc\u00dfwarenindustrie<\/li>\n<\/ul>\n","protected":false},"excerpt":{"rendered":"<p>Entdecken Sie die Fondant-Produktpalette von SweetFamily f\u00fcr die Herstellung von feinem Feingeb\u00e4ck, Konfekt, Schokoladen und mehr.<\/p>\n","protected":false},"author":1,"featured_media":10850,"parent":82,"menu_order":3,"comment_status":"closed","ping_status":"closed","template":"","meta":{"footnotes":""},"page_category":[],"acf":[],"_links":{"self":[{"href":"https:\/\/www.nordzucker.com\/de\/wp-json\/wp\/v2\/pages\/843"}],"collection":[{"href":"https:\/\/www.nordzucker.com\/de\/wp-json\/wp\/v2\/pages"}],"about":[{"href":"https:\/\/www.nordzucker.com\/de\/wp-json\/wp\/v2\/types\/page"}],"author":[{"embeddable":true,"href":"https:\/\/www.nordzucker.com\/de\/wp-json\/wp\/v2\/users\/1"}],"replies":[{"embeddable":true,"href":"https:\/\/www.nordzucker.com\/de\/wp-json\/wp\/v2\/comments?post=843"}],"version-history":[{"count":33,"href":"https:\/\/www.nordzucker.com\/de\/wp-json\/wp\/v2\/pages\/843\/revisions"}],"predecessor-version":[{"id":10851,"href":"https:\/\/www.nordzucker.com\/de\/wp-json\/wp\/v2\/pages\/843\/revisions\/10851"}],"up":[{"embeddable":true,"href":"https:\/\/www.nordzucker.com\/de\/wp-json\/wp\/v2\/pages\/82"}],"wp:featuredmedia":[{"embeddable":true,"href":"https:\/\/www.nordzucker.com\/de\/wp-json\/wp\/v2\/media\/10850"}],"wp:attachment":[{"href":"https:\/\/www.nordzucker.com\/de\/wp-json\/wp\/v2\/media?parent=843"}],"wp:term":[{"taxonomy":"page_category","embeddable":true,"href":"https:\/\/www.nordzucker.com\/de\/wp-json\/wp\/v2\/page_category?post=843"}],"curies":[{"name":"wp","href":"https:\/\/api.w.org\/{rel}","templated":true}]}}