{"id":84,"date":"2020-07-07T17:40:38","date_gmt":"2020-07-07T17:40:38","guid":{"rendered":"https:\/\/www.nordzucker.com\/de\/?page_id=84"},"modified":"2025-02-07T17:56:48","modified_gmt":"2025-02-07T16:56:48","slug":"zucker-fuer-endverbraucher","status":"publish","type":"page","link":"https:\/\/www.nordzucker.com\/de\/expertise-produkte\/zucker-fuer-endverbraucher\/","title":{"rendered":"Zucker f\u00fcr End&shy;verbraucher"},"content":{"rendered":"\n<h2 class=\"wp-block-heading\">Starke Marken mit gro\u00dfer Tradition \u2013 und einem breiten Produktangebot<\/h2>\n\n\n\n<div class=\"py-4 text-xl leading-8\">\n\tUnsere beiden Marken SweetFamily und Dansukker sind vielen Generationen bestens bekannt und sorgen f\u00fcr Freude und Genuss in vielen Millionen Haushalten. In Irland finden Sie unsere Produkte unter den Markennamen Si\u00facra und McKinney\u2019s. Neben klassischen Produkten wie Kristallzucker oder W\u00fcrfelzucker geh\u00f6ren auch verschiedene Spezialit\u00e4ten zum Produktspektrum unserer Marken: Sirup, Gelierzucker sowie Rohr- und Biozucker.<\/div>\n\n\n<p><\/p>\n","protected":false},"excerpt":{"rendered":"<p>Nordzucker geh\u00f6rt zu den weltweit f\u00fchrenden Zuckerherstellern und ist schon seit vielen Generationen f\u00fcr Qualit\u00e4t und Genuss bekannt.<\/p>\n","protected":false},"author":1,"featured_media":10483,"parent":78,"menu_order":3,"comment_status":"closed","ping_status":"closed","template":"","meta":{"footnotes":""},"page_category":[],"acf":[],"_links":{"self":[{"href":"https:\/\/www.nordzucker.com\/de\/wp-json\/wp\/v2\/pages\/84"}],"collection":[{"href":"https:\/\/www.nordzucker.com\/de\/wp-json\/wp\/v2\/pages"}],"about":[{"href":"https:\/\/www.nordzucker.com\/de\/wp-json\/wp\/v2\/types\/page"}],"author":[{"embeddable":true,"href":"https:\/\/www.nordzucker.com\/de\/wp-json\/wp\/v2\/users\/1"}],"replies":[{"embeddable":true,"href":"https:\/\/www.nordzucker.com\/de\/wp-json\/wp\/v2\/comments?post=84"}],"version-history":[{"count":18,"href":"https:\/\/www.nordzucker.com\/de\/wp-json\/wp\/v2\/pages\/84\/revisions"}],"predecessor-version":[{"id":10584,"href":"https:\/\/www.nordzucker.com\/de\/wp-json\/wp\/v2\/pages\/84\/revisions\/10584"}],"up":[{"embeddable":true,"href":"https:\/\/www.nordzucker.com\/de\/wp-json\/wp\/v2\/pages\/78"}],"wp:featuredmedia":[{"embeddable":true,"href":"https:\/\/www.nordzucker.com\/de\/wp-json\/wp\/v2\/media\/10483"}],"wp:attachment":[{"href":"https:\/\/www.nordzucker.com\/de\/wp-json\/wp\/v2\/media?parent=84"}],"wp:term":[{"taxonomy":"page_category","embeddable":true,"href":"https:\/\/www.nordzucker.com\/de\/wp-json\/wp\/v2\/page_category?post=84"}],"curies":[{"name":"wp","href":"https:\/\/api.w.org\/{rel}","templated":true}]}}