{"id":82,"date":"2020-07-07T17:39:24","date_gmt":"2020-07-07T17:39:24","guid":{"rendered":"https:\/\/www.nordzucker.com\/de\/?page_id=82"},"modified":"2025-02-07T15:41:39","modified_gmt":"2025-02-07T14:41:39","slug":"zucker-fuer-die-nahrungsmittelbranche","status":"publish","type":"page","link":"https:\/\/www.nordzucker.com\/de\/expertise-produkte\/zucker-fuer-die-nahrungsmittelbranche\/","title":{"rendered":"Zucker f\u00fcr die Nahrungs&shy;mittel&shy;branche"},"content":{"rendered":"\n<h2 class=\"wp-block-heading\">H\u00f6chste Qualit\u00e4t &amp; Kundenn\u00e4he<\/h2>\n\n\n\n<div class=\"py-4 text-xl leading-8\">\n\tHohe zertifizierte Qualit\u00e4tsstandards entlang der gesamten Lieferkette, die N\u00e4he zu den Kunden, hohe Flexibilit\u00e4t und Zuverl\u00e4ssigkeit sind unsere St\u00e4rken. Unseren Kunden aus der Lebensmittelindustrie bieten wir ein breites Produktspektrum sowie ein gro\u00dfes Sortiment an Spezialit\u00e4ten. Entdecken Sie unser umfangreiches Produktsortiment, zu dem verschiedenste Sorten Kristallzucker, fl\u00fcssige Zucker, Spezialit\u00e4ten, Fondant sowie Bio- und Rohrzucker geh\u00f6ren.<\/div>","protected":false},"excerpt":{"rendered":"<p>Entdecken Sie das vielf\u00e4ltige Produktsortiment von Nordzucker: Egal ob Kristallzucker, Sirup, Fondant, Bio- und Rohrzucker oder andere Spezialit\u00e4ten.<\/p>\n","protected":false},"author":1,"featured_media":10482,"parent":78,"menu_order":2,"comment_status":"closed","ping_status":"closed","template":"","meta":{"footnotes":""},"page_category":[],"acf":[],"_links":{"self":[{"href":"https:\/\/www.nordzucker.com\/de\/wp-json\/wp\/v2\/pages\/82"}],"collection":[{"href":"https:\/\/www.nordzucker.com\/de\/wp-json\/wp\/v2\/pages"}],"about":[{"href":"https:\/\/www.nordzucker.com\/de\/wp-json\/wp\/v2\/types\/page"}],"author":[{"embeddable":true,"href":"https:\/\/www.nordzucker.com\/de\/wp-json\/wp\/v2\/users\/1"}],"replies":[{"embeddable":true,"href":"https:\/\/www.nordzucker.com\/de\/wp-json\/wp\/v2\/comments?post=82"}],"version-history":[{"count":17,"href":"https:\/\/www.nordzucker.com\/de\/wp-json\/wp\/v2\/pages\/82\/revisions"}],"predecessor-version":[{"id":10577,"href":"https:\/\/www.nordzucker.com\/de\/wp-json\/wp\/v2\/pages\/82\/revisions\/10577"}],"up":[{"embeddable":true,"href":"https:\/\/www.nordzucker.com\/de\/wp-json\/wp\/v2\/pages\/78"}],"wp:featuredmedia":[{"embeddable":true,"href":"https:\/\/www.nordzucker.com\/de\/wp-json\/wp\/v2\/media\/10482"}],"wp:attachment":[{"href":"https:\/\/www.nordzucker.com\/de\/wp-json\/wp\/v2\/media?parent=82"}],"wp:term":[{"taxonomy":"page_category","embeddable":true,"href":"https:\/\/www.nordzucker.com\/de\/wp-json\/wp\/v2\/page_category?post=82"}],"curies":[{"name":"wp","href":"https:\/\/api.w.org\/{rel}","templated":true}]}}