{"id":80,"date":"2020-07-07T17:38:52","date_gmt":"2020-07-07T17:38:52","guid":{"rendered":"https:\/\/www.nordzucker.com\/de\/?page_id=80"},"modified":"2025-02-07T15:22:43","modified_gmt":"2025-02-07T14:22:43","slug":"wissen-ueber-zucker","status":"publish","type":"page","link":"https:\/\/www.nordzucker.com\/de\/expertise-produkte\/wissen-ueber-zucker\/","title":{"rendered":"Wissen \u00fcber Zucker"},"content":{"rendered":"\n<h2 class=\"wp-block-heading\">S\u00fc\u00dfe Gr\u00fc\u00dfe aus der Natur<\/h2>\n\n\n\n<div class=\"py-4 text-xl leading-8\">\n\tWir bei Nordzucker haben jahrelange Erfahrung in der Produktion von Zucker und stellen eine Vielzahl unterschiedlicher Zuckerprodukte in h\u00f6chster Qualit\u00e4t her. Von den Rohstoffen Zuckerr\u00fcbe und Zuckerrohr bis zum fertigen Zuckerprodukt reicht unser Expertenwissen, das wir gerne mit Ihnen teilen. Wir geben Ihnen Einblicke in das faszinierende Naturprodukt Zucker, den Anbau der Ackerkulturen sowie die Zuckergewinnung und -weiterverarbeitung.<\/div>","protected":false},"excerpt":{"rendered":"<p>Bei Nordzucker vereinen wir jahrelange Erfahrung und h\u00f6chste Qualit\u00e4t in der Zuckerproduktion. Entdecken Sie mit uns die Welt des Zuckers von der R\u00fcbe bis zum Produkt!<\/p>\n","protected":false},"author":1,"featured_media":10481,"parent":78,"menu_order":1,"comment_status":"closed","ping_status":"closed","template":"","meta":{"footnotes":""},"page_category":[],"acf":[],"_links":{"self":[{"href":"https:\/\/www.nordzucker.com\/de\/wp-json\/wp\/v2\/pages\/80"}],"collection":[{"href":"https:\/\/www.nordzucker.com\/de\/wp-json\/wp\/v2\/pages"}],"about":[{"href":"https:\/\/www.nordzucker.com\/de\/wp-json\/wp\/v2\/types\/page"}],"author":[{"embeddable":true,"href":"https:\/\/www.nordzucker.com\/de\/wp-json\/wp\/v2\/users\/1"}],"replies":[{"embeddable":true,"href":"https:\/\/www.nordzucker.com\/de\/wp-json\/wp\/v2\/comments?post=80"}],"version-history":[{"count":11,"href":"https:\/\/www.nordzucker.com\/de\/wp-json\/wp\/v2\/pages\/80\/revisions"}],"predecessor-version":[{"id":10576,"href":"https:\/\/www.nordzucker.com\/de\/wp-json\/wp\/v2\/pages\/80\/revisions\/10576"}],"up":[{"embeddable":true,"href":"https:\/\/www.nordzucker.com\/de\/wp-json\/wp\/v2\/pages\/78"}],"wp:featuredmedia":[{"embeddable":true,"href":"https:\/\/www.nordzucker.com\/de\/wp-json\/wp\/v2\/media\/10481"}],"wp:attachment":[{"href":"https:\/\/www.nordzucker.com\/de\/wp-json\/wp\/v2\/media?parent=80"}],"wp:term":[{"taxonomy":"page_category","embeddable":true,"href":"https:\/\/www.nordzucker.com\/de\/wp-json\/wp\/v2\/page_category?post=80"}],"curies":[{"name":"wp","href":"https:\/\/api.w.org\/{rel}","templated":true}]}}