{"id":78,"date":"2020-07-07T17:38:27","date_gmt":"2020-07-07T17:38:27","guid":{"rendered":"https:\/\/www.nordzucker.com\/de\/?page_id=78"},"modified":"2025-07-30T09:14:50","modified_gmt":"2025-07-30T07:14:50","slug":"expertise-produkte","status":"publish","type":"page","link":"https:\/\/www.nordzucker.com\/de\/expertise-produkte\/","title":{"rendered":"Expertise &amp; &shy;Produkte"},"content":{"rendered":"\n<h2 class=\"wp-block-heading\">Vielseitige Produktauswahl &amp; fundiertes Zucker-Know-how<\/h2>\n\n\n\n<div class=\"py-4 text-xl leading-8\">\n\tNordzucker steht f\u00fcr eine Vielzahl von Zuckerprodukten und weiteren Produkten wie Tierfutter, Melasse, D\u00fcngemittel und Bioethanol. Wir sind Experten f\u00fcr Zucker und alle Details rund um den Anbau von R\u00fcbe &amp; Rohr. Aktuell steigen wir in den Markt der pflanzenbasierten Proteine ein. Wir geben Ihnen Einblicke in unser Wissen und unsere Produktvielfalt.<\/div>","protected":false},"excerpt":{"rendered":"<p>Bei Nordzucker finden Sie eine Vielzahl von Produkten, wie Zucker, Tierfutter, Melasse und pflanzenbasierte Proteine. Erfahren Sie hier mehr \u00fcber uns und unsere Arbeit.<\/p>\n","protected":false},"author":1,"featured_media":10486,"parent":0,"menu_order":0,"comment_status":"closed","ping_status":"closed","template":"","meta":{"footnotes":""},"page_category":[],"acf":[],"_links":{"self":[{"href":"https:\/\/www.nordzucker.com\/de\/wp-json\/wp\/v2\/pages\/78"}],"collection":[{"href":"https:\/\/www.nordzucker.com\/de\/wp-json\/wp\/v2\/pages"}],"about":[{"href":"https:\/\/www.nordzucker.com\/de\/wp-json\/wp\/v2\/types\/page"}],"author":[{"embeddable":true,"href":"https:\/\/www.nordzucker.com\/de\/wp-json\/wp\/v2\/users\/1"}],"replies":[{"embeddable":true,"href":"https:\/\/www.nordzucker.com\/de\/wp-json\/wp\/v2\/comments?post=78"}],"version-history":[{"count":15,"href":"https:\/\/www.nordzucker.com\/de\/wp-json\/wp\/v2\/pages\/78\/revisions"}],"predecessor-version":[{"id":11552,"href":"https:\/\/www.nordzucker.com\/de\/wp-json\/wp\/v2\/pages\/78\/revisions\/11552"}],"wp:featuredmedia":[{"embeddable":true,"href":"https:\/\/www.nordzucker.com\/de\/wp-json\/wp\/v2\/media\/10486"}],"wp:attachment":[{"href":"https:\/\/www.nordzucker.com\/de\/wp-json\/wp\/v2\/media?parent=78"}],"wp:term":[{"taxonomy":"page_category","embeddable":true,"href":"https:\/\/www.nordzucker.com\/de\/wp-json\/wp\/v2\/page_category?post=78"}],"curies":[{"name":"wp","href":"https:\/\/api.w.org\/{rel}","templated":true}]}}