{"id":7506,"date":"2023-12-11T10:00:00","date_gmt":"2023-12-11T09:00:00","guid":{"rendered":"https:\/\/www.nordzucker.com\/de\/?page_id=7506"},"modified":"2025-09-25T14:10:12","modified_gmt":"2025-09-25T12:10:12","slug":"hinweisgebersystem","status":"publish","type":"page","link":"https:\/\/www.nordzucker.com\/de\/the-sugar-company\/compliance\/hinweisgebersystem\/","title":{"rendered":"Hinweisgebersystem"},"content":{"rendered":"\n<h2 class=\"wp-block-heading\"><strong>Verantwortlich handeln. Verst\u00f6\u00dfe melden. Vertrauen st\u00e4rken.<\/strong><\/h2>\n\n\n\n<div class=\"py-4 text-xl leading-8\">\n\tUnser Anspruch ist es, auf jeder Ebene gesetzeskonform und nach unserem Verhaltenskodex und unseren Unternehmensregeln zu handeln.<\/div>\n\n\n<p>Unser Hinweisgebersystem bietet verschiedene Kan\u00e4le, um uns \u00fcber Compliance-Verst\u00f6\u00dfe bei Nordzucker, unseren Gesch\u00e4ftspartnern und in den dazugeh\u00f6rigen Lieferketten zu informieren. Sie k\u00f6nnen uns dabei unterst\u00fctzen und Fehlverhalten und Regelverst\u00f6\u00dfe melden \u2013 auch anonym. <\/p>\n\n\n\n<p>Ihre Hinweise k\u00f6nnen Sie an uns per E-Mail an <a href=\"mailto:compliance@nordzucker.com\" target=\"_blank\" rel=\"noreferrer noopener\">compliance@nordzucker.com<\/a> oder mithilfe unseres Online-Portals <a href=\"https:\/\/www.bkms-system.net\/bkwebanon\/report\/clientInfo?cin=14nor18&amp;c=de&amp;language=ger\" target=\"_blank\" rel=\"noreferrer noopener\">SpeakUp<\/a> melden.<\/p>\n\n\n\n<p>Unsere Richtlinie zum Hinweisgebersystem in verschiedenen Sprachen finden Sie <a href=\"https:\/\/www.nordzucker.com\/de\/download-kategorien\/hinweisgebersystem\/\">hier<\/a>.<\/p>\n\n\n\n<h4 class=\"wp-block-heading\">FAQ<\/h4>\n\n\n<div>\n\t<amp-accordion\n\t\tid=\"accordion_69e352d84f66d\"\n\t\ton=\"expand:AMP.setState({ 'accordion_69e352d84f66d': true });collapse:AMP.setState({ 'accordion_69e352d84f66d': false })\"\n\t\tdisable-session-states\n\t>\n\t\t<section>\n\t\t\t<h3 class=\"border-none outline-0 bg-primary-lighten-4 p-4 pl-16 my-2 font-bold text-lg relative\">\n\t\t\t\tWer kann Hinweise abgeben?\t\t\t\t<div class=\"inline-block absolute left-0 ml-4 top-0 mt-4\">\n\t\t\t\t\t<div class=\"block\" [class]=\"!accordion_69e352d84f66d ? 'block' : 'hidden'\">\n\t\t\t\t\t\t\t<span class=\"icon icon--size-2\" style=\"background: url(https:\/\/www.nordzucker.com\/de\/wp-content\/themes\/app\/public\/icons\/arrow-down-solid-dark.svg?ver=125) center no-repeat;\"><\/span>\n\t\t\t\t\t\t<\/div>\n\t\t\t\t\t<div class=\"hidden\" [class]=\"accordion_69e352d84f66d ? 'block' : 'hidden'\">\n\t\t\t\t\t\t\t<span class=\"icon icon--size-2\" style=\"background: url(https:\/\/www.nordzucker.com\/de\/wp-content\/themes\/app\/public\/icons\/arrow-up-solid-dark.svg?ver=125) center no-repeat;\"><\/span>\n\t\t\t\t\t\t<\/div>\n\t\t\t\t<\/div>\n\t\t\t<\/h3>\n\t\t\t<div class=\"content pl-8 py-2\">\n\t\t\t\t\n\n<p>Jeder. Sowohl Nordzucker-Besch\u00e4ftigte als auch externe Personen und Organisationen k\u00f6nnen Hinweise abgeben.<\/p>\n\n\t\t\t<\/div>\n\t\t<\/section>\n\t<\/amp-accordion>\n<\/div>\n\n<div>\n\t<amp-accordion\n\t\tid=\"accordion_69e352d84fab1\"\n\t\ton=\"expand:AMP.setState({ 'accordion_69e352d84fab1': true });collapse:AMP.setState({ 'accordion_69e352d84fab1': false })\"\n\t\tdisable-session-states\n\t>\n\t\t<section>\n\t\t\t<h3 class=\"border-none outline-0 bg-primary-lighten-4 p-4 pl-16 my-2 font-bold text-lg relative\">\n\t\t\t\tWo kann ich Hinweise melden?\t\t\t\t<div class=\"inline-block absolute left-0 ml-4 top-0 mt-4\">\n\t\t\t\t\t<div class=\"block\" [class]=\"!accordion_69e352d84fab1 ? 'block' : 'hidden'\">\n\t\t\t\t\t\t\t<span class=\"icon icon--size-2\" style=\"background: url(https:\/\/www.nordzucker.com\/de\/wp-content\/themes\/app\/public\/icons\/arrow-down-solid-dark.svg?ver=125) center no-repeat;\"><\/span>\n\t\t\t\t\t\t<\/div>\n\t\t\t\t\t<div class=\"hidden\" [class]=\"accordion_69e352d84fab1 ? 'block' : 'hidden'\">\n\t\t\t\t\t\t\t<span class=\"icon icon--size-2\" style=\"background: url(https:\/\/www.nordzucker.com\/de\/wp-content\/themes\/app\/public\/icons\/arrow-up-solid-dark.svg?ver=125) center no-repeat;\"><\/span>\n\t\t\t\t\t\t<\/div>\n\t\t\t\t<\/div>\n\t\t\t<\/h3>\n\t\t\t<div class=\"content pl-8 py-2\">\n\t\t\t\t\n\n<p>Sie haben verschiedene M\u00f6glichkeiten, Hinweise zu melden: <\/p>\n\n\n\n<ul>\n<li><strong>Hinweisgebersystem SpeakUp:<\/strong><br>Sie k\u00f6nnen Ihren Hinweis jederzeit \u00fcber unser Hinweisgebersystem <a href=\"https:\/\/www.bkms-system.net\/bkwebanon\/report\/clientInfo?cin=14nor18&amp;c=de&amp;language=ger\">SpeakUp<\/a> abgeben \u2013 schriftlich oder telefonisch und, falls es Ihnen lieber ist, auch anonym.<\/li>\n<\/ul>\n\n\n\n<ul>\n<li><strong>Per E-Mail:<\/strong><br>Sie m\u00f6chten \u00fcber einen anderen Weg mit uns Kontakt aufnehmen, um einen Hinweis zu melden? Auch das ist m\u00f6glich. Schreiben Sie einfach eine E-Mail an <a href=\"mailto:compliance@nordzucker.com\">compliance@nordzucker.com<\/a>. Schildern Sie uns kurz Ihr Anliegen und teilen Sie uns mit, wie wir Sie am besten erreichen k\u00f6nnen. Unsere Compliance Koordinatoren melden sich dann bei Ihnen. <\/li>\n<\/ul>\n\n\n\n<p>Keine Sorge: Ihr Anliegen wird in beiden F\u00e4llen vertraulich und diskret behandelt.<\/p>\n\n\n\n<p>Sie haben die Wahl: Nehmen Sie den Weg, mit dem Sie sich am wohlsten f\u00fchlen. Unseren Besch\u00e4ftigten raten wir, bei einem Verdacht zun\u00e4chst mit den jeweiligen Vorgesetzten zu reden und die weiteren Schritte gemeinsam zu besprechen.<\/p>\n\n\t\t\t<\/div>\n\t\t<\/section>\n\t<\/amp-accordion>\n<\/div>\n\n<div>\n\t<amp-accordion\n\t\tid=\"accordion_69e352d84feab\"\n\t\ton=\"expand:AMP.setState({ 'accordion_69e352d84feab': true });collapse:AMP.setState({ 'accordion_69e352d84feab': false })\"\n\t\tdisable-session-states\n\t>\n\t\t<section>\n\t\t\t<h3 class=\"border-none outline-0 bg-primary-lighten-4 p-4 pl-16 my-2 font-bold text-lg relative\">\n\t\t\t\tWas kann ich melden?\t\t\t\t<div class=\"inline-block absolute left-0 ml-4 top-0 mt-4\">\n\t\t\t\t\t<div class=\"block\" [class]=\"!accordion_69e352d84feab ? 'block' : 'hidden'\">\n\t\t\t\t\t\t\t<span class=\"icon icon--size-2\" style=\"background: url(https:\/\/www.nordzucker.com\/de\/wp-content\/themes\/app\/public\/icons\/arrow-down-solid-dark.svg?ver=125) center no-repeat;\"><\/span>\n\t\t\t\t\t\t<\/div>\n\t\t\t\t\t<div class=\"hidden\" [class]=\"accordion_69e352d84feab ? 'block' : 'hidden'\">\n\t\t\t\t\t\t\t<span class=\"icon icon--size-2\" style=\"background: url(https:\/\/www.nordzucker.com\/de\/wp-content\/themes\/app\/public\/icons\/arrow-up-solid-dark.svg?ver=125) center no-repeat;\"><\/span>\n\t\t\t\t\t\t<\/div>\n\t\t\t\t<\/div>\n\t\t\t<\/h3>\n\t\t\t<div class=\"content pl-8 py-2\">\n\t\t\t\t\n\n<p>Melden Sie sich, wenn Sie den begr\u00fcndeten und nachpr\u00fcfbaren Verdacht haben, dass Nordzucker-Besch\u00e4ftigte oder Gesch\u00e4ftspartner gegen Gesetze und\/oder unseren Verhaltenskodex versto\u00dfen.<\/p>\n\n\n\n<p>Bitte denken Sie aber daran: Ein Compliance-Vergehen wiegt schwer und kann arbeitsrechtliche und disziplinarische Konsequenzen haben. Ein blo\u00dfes Ger\u00fccht reicht nicht aus. Je mehr Belege Sie haben, je konkreter und detaillierter Sie einen Versto\u00df beschreiben k\u00f6nnen, desto besser k\u00f6nnen wir den Vorfall untersuchen.<\/p>\n\n\t\t\t<\/div>\n\t\t<\/section>\n\t<\/amp-accordion>\n<\/div>\n\n<div>\n\t<amp-accordion\n\t\tid=\"accordion_69e352d850296\"\n\t\ton=\"expand:AMP.setState({ 'accordion_69e352d850296': true });collapse:AMP.setState({ 'accordion_69e352d850296': false })\"\n\t\tdisable-session-states\n\t>\n\t\t<section>\n\t\t\t<h3 class=\"border-none outline-0 bg-primary-lighten-4 p-4 pl-16 my-2 font-bold text-lg relative\">\n\t\t\t\tKann ich auch Verst\u00f6\u00dfe gegen Menschenrechte und Umweltweltstandards melden?\t\t\t\t<div class=\"inline-block absolute left-0 ml-4 top-0 mt-4\">\n\t\t\t\t\t<div class=\"block\" [class]=\"!accordion_69e352d850296 ? 'block' : 'hidden'\">\n\t\t\t\t\t\t\t<span class=\"icon icon--size-2\" style=\"background: url(https:\/\/www.nordzucker.com\/de\/wp-content\/themes\/app\/public\/icons\/arrow-down-solid-dark.svg?ver=125) center no-repeat;\"><\/span>\n\t\t\t\t\t\t<\/div>\n\t\t\t\t\t<div class=\"hidden\" [class]=\"accordion_69e352d850296 ? 'block' : 'hidden'\">\n\t\t\t\t\t\t\t<span class=\"icon icon--size-2\" style=\"background: url(https:\/\/www.nordzucker.com\/de\/wp-content\/themes\/app\/public\/icons\/arrow-up-solid-dark.svg?ver=125) center no-repeat;\"><\/span>\n\t\t\t\t\t\t<\/div>\n\t\t\t\t<\/div>\n\t\t\t<\/h3>\n\t\t\t<div class=\"content pl-8 py-2\">\n\t\t\t\t\n\n<p>Selbstverst\u00e4ndlich. Auch in diesen F\u00e4llen k\u00f6nnen Sie <a href=\"https:\/\/www.bkms-system.net\/bkwebanon\/report\/clientInfo?cin=14nor18&amp;c=de&amp;language=ger\">SpeakUp<\/a> nutzen. Sie k\u00f6nnen sich aber auch direkt an unsere Menschenrechtsbeauftragte unter <a href=\"mailto:humanrightsofficer@nordzucker.com\" target=\"_blank\" rel=\"noreferrer noopener\">humanrightsofficer@nordzucker.com<\/a> wenden.<\/p>\n\n\t\t\t<\/div>\n\t\t<\/section>\n\t<\/amp-accordion>\n<\/div>\n\n<div>\n\t<amp-accordion\n\t\tid=\"accordion_69e352d85069d\"\n\t\ton=\"expand:AMP.setState({ 'accordion_69e352d85069d': true });collapse:AMP.setState({ 'accordion_69e352d85069d': false })\"\n\t\tdisable-session-states\n\t>\n\t\t<section>\n\t\t\t<h3 class=\"border-none outline-0 bg-primary-lighten-4 p-4 pl-16 my-2 font-bold text-lg relative\">\n\t\t\t\tKann ich auch dann Kontakt aufnehmen, wenn ich nur Fragen habe, aber keinen Versto\u00df melden m\u00f6chte? \t\t\t\t<div class=\"inline-block absolute left-0 ml-4 top-0 mt-4\">\n\t\t\t\t\t<div class=\"block\" [class]=\"!accordion_69e352d85069d ? 'block' : 'hidden'\">\n\t\t\t\t\t\t\t<span class=\"icon icon--size-2\" style=\"background: url(https:\/\/www.nordzucker.com\/de\/wp-content\/themes\/app\/public\/icons\/arrow-down-solid-dark.svg?ver=125) center no-repeat;\"><\/span>\n\t\t\t\t\t\t<\/div>\n\t\t\t\t\t<div class=\"hidden\" [class]=\"accordion_69e352d85069d ? 'block' : 'hidden'\">\n\t\t\t\t\t\t\t<span class=\"icon icon--size-2\" style=\"background: url(https:\/\/www.nordzucker.com\/de\/wp-content\/themes\/app\/public\/icons\/arrow-up-solid-dark.svg?ver=125) center no-repeat;\"><\/span>\n\t\t\t\t\t\t<\/div>\n\t\t\t\t<\/div>\n\t\t\t<\/h3>\n\t\t\t<div class=\"content pl-8 py-2\">\n\t\t\t\t\n\n<p>Nat\u00fcrlich. Wir beantworten gerne Ihre Fragen und beraten Sie, wenn Sie sich bei einem vermuteten Compliance-Versto\u00df nicht sicher sind oder Zweifel haben, wie Sie sich verhalten sollen. Sie haben daf\u00fcr zwei M\u00f6glichkeiten:<\/p>\n\n\n\n<ul>\n<li>Im Hinweisgebersystem SpeakUp w\u00e4hlen Sie die Kategorie \u201eRat suchen\u201c.<\/li>\n\n\n\n<li>Oder Sie wenden sich direkt an die Funktion Compliance Koordination bei Nordzucker unter <a href=\"mailto:compliance@nordzucker.com\">compliance@nordzucker.com<\/a>.<\/li>\n<\/ul>\n\n\t\t\t<\/div>\n\t\t<\/section>\n\t<\/amp-accordion>\n<\/div>\n\n<div>\n\t<amp-accordion\n\t\tid=\"accordion_69e352d850aa9\"\n\t\ton=\"expand:AMP.setState({ 'accordion_69e352d850aa9': true });collapse:AMP.setState({ 'accordion_69e352d850aa9': false })\"\n\t\tdisable-session-states\n\t>\n\t\t<section>\n\t\t\t<h3 class=\"border-none outline-0 bg-primary-lighten-4 p-4 pl-16 my-2 font-bold text-lg relative\">\n\t\t\t\tWelche Angaben sind f\u00fcr die Bearbeitung meines Hinweises hilfreich?\t\t\t\t<div class=\"inline-block absolute left-0 ml-4 top-0 mt-4\">\n\t\t\t\t\t<div class=\"block\" [class]=\"!accordion_69e352d850aa9 ? 'block' : 'hidden'\">\n\t\t\t\t\t\t\t<span class=\"icon icon--size-2\" style=\"background: url(https:\/\/www.nordzucker.com\/de\/wp-content\/themes\/app\/public\/icons\/arrow-down-solid-dark.svg?ver=125) center no-repeat;\"><\/span>\n\t\t\t\t\t\t<\/div>\n\t\t\t\t\t<div class=\"hidden\" [class]=\"accordion_69e352d850aa9 ? 'block' : 'hidden'\">\n\t\t\t\t\t\t\t<span class=\"icon icon--size-2\" style=\"background: url(https:\/\/www.nordzucker.com\/de\/wp-content\/themes\/app\/public\/icons\/arrow-up-solid-dark.svg?ver=125) center no-repeat;\"><\/span>\n\t\t\t\t\t\t<\/div>\n\t\t\t\t<\/div>\n\t\t\t<\/h3>\n\t\t\t<div class=\"content pl-8 py-2\">\n\t\t\t\t\n\n<p>Je konkreter Ihre Angaben sind, umso besser k\u00f6nnen wir Ihrem Hinweis nachgehen. Die folgenden f\u00fcnf W-Fragen helfen Ihnen bei der Meldung und uns bei der weiteren Bearbeitung:<\/p>\n\n\n\n<p>\u2022&nbsp;&nbsp;&nbsp;&nbsp;&nbsp;&nbsp;&nbsp;&nbsp;&nbsp; Wer? \u2013 Um wen geht es? Wer ist betroffen?<br>\u2022&nbsp;&nbsp;&nbsp;&nbsp;&nbsp;&nbsp;&nbsp;&nbsp;&nbsp; Was? \u2013 Was ist passiert? Schilderung des Sachverhalts.<br>\u2022&nbsp;&nbsp;&nbsp;&nbsp;&nbsp;&nbsp;&nbsp;&nbsp;&nbsp; Wann? \u2013 Wann war der Vorfall?<br>\u2022&nbsp;&nbsp;&nbsp;&nbsp;&nbsp;&nbsp;&nbsp;&nbsp;&nbsp; Wie? \u2013 Wie ist der Vorfall passiert?<br>\u2022&nbsp;&nbsp;&nbsp;&nbsp;&nbsp;&nbsp;&nbsp;&nbsp;&nbsp; Wo? \u2013 Wo hat sich der Vorfall ereignet?<\/p>\n\n\n\n<p>Bitte melden Sie uns auch dann Hinweise, wenn Sie nicht zu allen Fragen eine Angabe machen k\u00f6nnen.<br>Wichtig: Wir k\u00f6nnen aber nur Meldungen nachgehen, die in gutem Glauben abgegeben werden, beziehungsweise belegbar und plausibel sind.<\/p>\n\n\t\t\t<\/div>\n\t\t<\/section>\n\t<\/amp-accordion>\n<\/div>\n\n<div>\n\t<amp-accordion\n\t\tid=\"accordion_69e352d850ecf\"\n\t\ton=\"expand:AMP.setState({ 'accordion_69e352d850ecf': true });collapse:AMP.setState({ 'accordion_69e352d850ecf': false })\"\n\t\tdisable-session-states\n\t>\n\t\t<section>\n\t\t\t<h3 class=\"border-none outline-0 bg-primary-lighten-4 p-4 pl-16 my-2 font-bold text-lg relative\">\n\t\t\t\tWie funktioniert SpeakUp?\t\t\t\t<div class=\"inline-block absolute left-0 ml-4 top-0 mt-4\">\n\t\t\t\t\t<div class=\"block\" [class]=\"!accordion_69e352d850ecf ? 'block' : 'hidden'\">\n\t\t\t\t\t\t\t<span class=\"icon icon--size-2\" style=\"background: url(https:\/\/www.nordzucker.com\/de\/wp-content\/themes\/app\/public\/icons\/arrow-down-solid-dark.svg?ver=125) center no-repeat;\"><\/span>\n\t\t\t\t\t\t<\/div>\n\t\t\t\t\t<div class=\"hidden\" [class]=\"accordion_69e352d850ecf ? 'block' : 'hidden'\">\n\t\t\t\t\t\t\t<span class=\"icon icon--size-2\" style=\"background: url(https:\/\/www.nordzucker.com\/de\/wp-content\/themes\/app\/public\/icons\/arrow-up-solid-dark.svg?ver=125) center no-repeat;\"><\/span>\n\t\t\t\t\t\t<\/div>\n\t\t\t\t<\/div>\n\t\t\t<\/h3>\n\t\t\t<div class=\"content pl-8 py-2\">\n\t\t\t\t\n\n<p>Wenn Sie uns einen Versto\u00df oder einen entsprechenden Verdachtsfall melden m\u00f6chten, klicken Sie auf der SpeakUp-Einf\u00fchrungsseite den Button \u201eMeldung abgeben\/Rat suchen\u201c.<\/p>\n\n\n\n<p>Der Meldeprozess umfasst drei Schritte:<\/p>\n\n\n\n<ol>\n<li>Bitte lesen Sie zun\u00e4chst die Hinweise zum Schutz Ihrer Anonymit\u00e4t und beantworten Sie die Sicherheitsabfrage.<\/li>\n\n\n\n<li>Anschlie\u00dfend w\u00e4hlen Sie den Schwerpunkt Ihres Anliegens (Versto\u00df gegen den Verhaltenskodex, Versto\u00df gegen sonstige gesetzliche Regelungen etc.).<\/li>\n\n\n\n<li>Auf der Meldeseite k\u00f6nnen Sie den Vorfall ausf\u00fchrlich beschreiben, Fragen beantworten und optional Dateien hochladen (max. 5 MB). Tipp: Denken Sie daran, dass Dokumente Informationen \u00fcber den Autor enthalten k\u00f6nnen. Solange Sie keine pers\u00f6nlichen Daten eingeben (z.&nbsp;B. Name, Funktion, Alter, Anschrift), bleiben Sie anonym.<\/li>\n<\/ol>\n\n\n\n<p>Tipp: Denken Sie daran, dass Dokumente Informationen \u00fcber den Autor enthalten k\u00f6nnen. Solange Sie keine pers\u00f6nlichen Daten eingeben (z.&nbsp;B. Name, Funktion, Alter, Anschrift), bleiben Sie anonym.<\/p>\n\n\t\t\t<\/div>\n\t\t<\/section>\n\t<\/amp-accordion>\n<\/div>\n\n<div>\n\t<amp-accordion\n\t\tid=\"accordion_69e352d8512bb\"\n\t\ton=\"expand:AMP.setState({ 'accordion_69e352d8512bb': true });collapse:AMP.setState({ 'accordion_69e352d8512bb': false })\"\n\t\tdisable-session-states\n\t>\n\t\t<section>\n\t\t\t<h3 class=\"border-none outline-0 bg-primary-lighten-4 p-4 pl-16 my-2 font-bold text-lg relative\">\n\t\t\t\tWarum sollte ich bei einer anonymen Meldung ein gesch\u00fctztes Postfach einrichten?\t\t\t\t<div class=\"inline-block absolute left-0 ml-4 top-0 mt-4\">\n\t\t\t\t\t<div class=\"block\" [class]=\"!accordion_69e352d8512bb ? 'block' : 'hidden'\">\n\t\t\t\t\t\t\t<span class=\"icon icon--size-2\" style=\"background: url(https:\/\/www.nordzucker.com\/de\/wp-content\/themes\/app\/public\/icons\/arrow-down-solid-dark.svg?ver=125) center no-repeat;\"><\/span>\n\t\t\t\t\t\t<\/div>\n\t\t\t\t\t<div class=\"hidden\" [class]=\"accordion_69e352d8512bb ? 'block' : 'hidden'\">\n\t\t\t\t\t\t\t<span class=\"icon icon--size-2\" style=\"background: url(https:\/\/www.nordzucker.com\/de\/wp-content\/themes\/app\/public\/icons\/arrow-up-solid-dark.svg?ver=125) center no-repeat;\"><\/span>\n\t\t\t\t\t\t<\/div>\n\t\t\t\t<\/div>\n\t\t\t<\/h3>\n\t\t\t<div class=\"content pl-8 py-2\">\n\t\t\t\t\n\n<p>Da wir m\u00f6glicherweise Fragen zu Ihrer Meldung haben, ist es hilfreich, wenn Sie Ihre Kontaktdaten hinterlassen. Wir k\u00f6nnen so mit Ihnen in Kontakt bleiben, ein Feedback zum Stand der Untersuchungen geben oder Sie um erg\u00e4nzende Informationen bitten.<\/p>\n\n\n\n<p>Wenn Sie lieber anonym bleiben m\u00f6chten, ist dies mit Hilfe des gesch\u00fctzten Postfachs im Online-Portal <a href=\"https:\/\/www.bkms-system.net\/bkwebanon\/report\/clientInfo?cin=14nor18&amp;c=de&amp;language=ger\">SpeakUp<\/a> gew\u00e4hrleistet.<\/p>\n\n\t\t\t<\/div>\n\t\t<\/section>\n\t<\/amp-accordion>\n<\/div>\n\n<div>\n\t<amp-accordion\n\t\tid=\"accordion_69e352d8516a6\"\n\t\ton=\"expand:AMP.setState({ 'accordion_69e352d8516a6': true });collapse:AMP.setState({ 'accordion_69e352d8516a6': false })\"\n\t\tdisable-session-states\n\t>\n\t\t<section>\n\t\t\t<h3 class=\"border-none outline-0 bg-primary-lighten-4 p-4 pl-16 my-2 font-bold text-lg relative\">\n\t\t\t\tWie richte ich ein gesch\u00fctztes Postfach bei SpeakUp ein?\t\t\t\t<div class=\"inline-block absolute left-0 ml-4 top-0 mt-4\">\n\t\t\t\t\t<div class=\"block\" [class]=\"!accordion_69e352d8516a6 ? 'block' : 'hidden'\">\n\t\t\t\t\t\t\t<span class=\"icon icon--size-2\" style=\"background: url(https:\/\/www.nordzucker.com\/de\/wp-content\/themes\/app\/public\/icons\/arrow-down-solid-dark.svg?ver=125) center no-repeat;\"><\/span>\n\t\t\t\t\t\t<\/div>\n\t\t\t\t\t<div class=\"hidden\" [class]=\"accordion_69e352d8516a6 ? 'block' : 'hidden'\">\n\t\t\t\t\t\t\t<span class=\"icon icon--size-2\" style=\"background: url(https:\/\/www.nordzucker.com\/de\/wp-content\/themes\/app\/public\/icons\/arrow-up-solid-dark.svg?ver=125) center no-repeat;\"><\/span>\n\t\t\t\t\t\t<\/div>\n\t\t\t\t<\/div>\n\t\t\t<\/h3>\n\t\t\t<div class=\"content pl-8 py-2\">\n\t\t\t\t\n\n<p>Das ist einfach: Sie geben sich einen Benutzernamen und ein Kennwort. Wichtig ist, dass Sie w\u00e4hrend der Kommunikation keine pers\u00f6nlichen Daten (z.B. Namen, Alter, Funktion, Anschrift etc.) eingeben.<\/p>\n\n\t\t\t<\/div>\n\t\t<\/section>\n\t<\/amp-accordion>\n<\/div>\n\n<div>\n\t<amp-accordion\n\t\tid=\"accordion_69e352d851abd\"\n\t\ton=\"expand:AMP.setState({ 'accordion_69e352d851abd': true });collapse:AMP.setState({ 'accordion_69e352d851abd': false })\"\n\t\tdisable-session-states\n\t>\n\t\t<section>\n\t\t\t<h3 class=\"border-none outline-0 bg-primary-lighten-4 p-4 pl-16 my-2 font-bold text-lg relative\">\n\t\t\t\tWer bearbeitet meinen Hinweis?\t\t\t\t<div class=\"inline-block absolute left-0 ml-4 top-0 mt-4\">\n\t\t\t\t\t<div class=\"block\" [class]=\"!accordion_69e352d851abd ? 'block' : 'hidden'\">\n\t\t\t\t\t\t\t<span class=\"icon icon--size-2\" style=\"background: url(https:\/\/www.nordzucker.com\/de\/wp-content\/themes\/app\/public\/icons\/arrow-down-solid-dark.svg?ver=125) center no-repeat;\"><\/span>\n\t\t\t\t\t\t<\/div>\n\t\t\t\t\t<div class=\"hidden\" [class]=\"accordion_69e352d851abd ? 'block' : 'hidden'\">\n\t\t\t\t\t\t\t<span class=\"icon icon--size-2\" style=\"background: url(https:\/\/www.nordzucker.com\/de\/wp-content\/themes\/app\/public\/icons\/arrow-up-solid-dark.svg?ver=125) center no-repeat;\"><\/span>\n\t\t\t\t\t\t<\/div>\n\t\t\t\t<\/div>\n\t\t\t<\/h3>\n\t\t\t<div class=\"content pl-8 py-2\">\n\t\t\t\t\n\n<p>Wenn Sie einen Hinweis \u00fcber unser Hinweisgebersystem SpeakUp abgeben, k\u00f6nnen Sie w\u00e4hlen, ob Ihr Hinweis<\/p>\n\n\n\n<ol>\n<li>zentral von der Funktion Compliance Koordination von Nordzucker,<\/li>\n\n\n\n<li>lokal von den daf\u00fcr verantwortlichen Stellen oder<\/li>\n\n\n\n<li>von beiden Stellen bearbeitet werden soll.<\/li>\n<\/ol>\n\n\n\n<p>Hinweise, die Sie \u00fcber einen anderen Kanal melden, werden von der Funktion Compliance Koordination von Nordzucker bearbeitet.<\/p>\n\n\t\t\t<\/div>\n\t\t<\/section>\n\t<\/amp-accordion>\n<\/div>\n\n<div>\n\t<amp-accordion\n\t\tid=\"accordion_69e352d851ee7\"\n\t\ton=\"expand:AMP.setState({ 'accordion_69e352d851ee7': true });collapse:AMP.setState({ 'accordion_69e352d851ee7': false })\"\n\t\tdisable-session-states\n\t>\n\t\t<section>\n\t\t\t<h3 class=\"border-none outline-0 bg-primary-lighten-4 p-4 pl-16 my-2 font-bold text-lg relative\">\n\t\t\t\tBekomme ich eine Eingangsbest\u00e4tigung?\t\t\t\t<div class=\"inline-block absolute left-0 ml-4 top-0 mt-4\">\n\t\t\t\t\t<div class=\"block\" [class]=\"!accordion_69e352d851ee7 ? 'block' : 'hidden'\">\n\t\t\t\t\t\t\t<span class=\"icon icon--size-2\" style=\"background: url(https:\/\/www.nordzucker.com\/de\/wp-content\/themes\/app\/public\/icons\/arrow-down-solid-dark.svg?ver=125) center no-repeat;\"><\/span>\n\t\t\t\t\t\t<\/div>\n\t\t\t\t\t<div class=\"hidden\" [class]=\"accordion_69e352d851ee7 ? 'block' : 'hidden'\">\n\t\t\t\t\t\t\t<span class=\"icon icon--size-2\" style=\"background: url(https:\/\/www.nordzucker.com\/de\/wp-content\/themes\/app\/public\/icons\/arrow-up-solid-dark.svg?ver=125) center no-repeat;\"><\/span>\n\t\t\t\t\t\t<\/div>\n\t\t\t\t<\/div>\n\t\t\t<\/h3>\n\t\t\t<div class=\"content pl-8 py-2\">\n\t\t\t\t\n\n<p>Ja. Sobald Ihr Hinweis eingegangen ist und Sie entweder Kontaktdaten hinterlassen oder ein gesch\u00fctztes Postfach eingerichtet haben, erhalten Sie eine Eingangsbest\u00e4tigung.<\/p>\n\n\t\t\t<\/div>\n\t\t<\/section>\n\t<\/amp-accordion>\n<\/div>","protected":false},"excerpt":{"rendered":"<p>Verantwortlich handeln. Verst\u00f6\u00dfe melden. Vertrauen st\u00e4rken. Unser Hinweisgebersystem bietet verschiedene Kan\u00e4le, um uns \u00fcber Compliance-Verst\u00f6\u00dfe bei Nordzucker, unseren Gesch\u00e4ftspartnern und in den dazugeh\u00f6rigen Lieferketten zu [&hellip;]<\/p>\n","protected":false},"author":6,"featured_media":8224,"parent":7486,"menu_order":2,"comment_status":"closed","ping_status":"closed","template":"","meta":{"footnotes":""},"page_category":[],"acf":[],"_links":{"self":[{"href":"https:\/\/www.nordzucker.com\/de\/wp-json\/wp\/v2\/pages\/7506"}],"collection":[{"href":"https:\/\/www.nordzucker.com\/de\/wp-json\/wp\/v2\/pages"}],"about":[{"href":"https:\/\/www.nordzucker.com\/de\/wp-json\/wp\/v2\/types\/page"}],"author":[{"embeddable":true,"href":"https:\/\/www.nordzucker.com\/de\/wp-json\/wp\/v2\/users\/6"}],"replies":[{"embeddable":true,"href":"https:\/\/www.nordzucker.com\/de\/wp-json\/wp\/v2\/comments?post=7506"}],"version-history":[{"count":64,"href":"https:\/\/www.nordzucker.com\/de\/wp-json\/wp\/v2\/pages\/7506\/revisions"}],"predecessor-version":[{"id":11703,"href":"https:\/\/www.nordzucker.com\/de\/wp-json\/wp\/v2\/pages\/7506\/revisions\/11703"}],"up":[{"embeddable":true,"href":"https:\/\/www.nordzucker.com\/de\/wp-json\/wp\/v2\/pages\/7486"}],"wp:featuredmedia":[{"embeddable":true,"href":"https:\/\/www.nordzucker.com\/de\/wp-json\/wp\/v2\/media\/8224"}],"wp:attachment":[{"href":"https:\/\/www.nordzucker.com\/de\/wp-json\/wp\/v2\/media?parent=7506"}],"wp:term":[{"taxonomy":"page_category","embeddable":true,"href":"https:\/\/www.nordzucker.com\/de\/wp-json\/wp\/v2\/page_category?post=7506"}],"curies":[{"name":"wp","href":"https:\/\/api.w.org\/{rel}","templated":true}]}}