{"id":7503,"date":"2023-12-11T10:00:00","date_gmt":"2023-12-11T09:00:00","guid":{"rendered":"https:\/\/www.nordzucker.com\/de\/?page_id=7503"},"modified":"2026-02-23T13:57:10","modified_gmt":"2026-02-23T12:57:10","slug":"anti-korruption","status":"publish","type":"page","link":"https:\/\/www.nordzucker.com\/de\/the-sugar-company\/compliance\/anti-korruption\/","title":{"rendered":"Anti-Korruption"},"content":{"rendered":"\n<h2 class=\"wp-block-heading\"><strong>Fair.Ehrlich.Transparent.<\/strong><\/h2>\n\n\n\n<h4 class=\"wp-block-heading\">Bargeld, Reisen, Geschenke, Restauranteinladungen, Veranstaltungen \u2013 Korruption hat viele Gesichter. Nationale und internationale Gesetze verbieten Bestechung und Vorteilannahme. Dar\u00fcber hinaus gelten bei Nordzucker strenge Anti-Korruptions-vorschriften. <\/h4>\n\n\n\n<p>Wir tolerieren keine Annahme oder Gew\u00e4hrung von Vorteilen, die darauf abzielen, Entscheidungen unrechtm\u00e4\u00dfig zu beeinflussen. Wir machen keine Kompromisse: Gesch\u00e4fte m\u00fcssen immer fair, ehrlich und transparent ablaufen. Unser Motto: Lieber kein Gesch\u00e4ft als ein Gesch\u00e4ft um jeden Preis.<\/p>\n\n\n\n<p>Klicken Sie unten auf den Titel, um unsere General Procedure Compliance Anti-Corruption als Dokument in englischer Sprache zu \u00f6ffnen. <\/p>\n\n\n<figure>\n\t\t\t<img decoding=\"async\" src=\"\" class=\"max-w-full\" \/>\n\t\t<\/figure>","protected":false},"excerpt":{"rendered":"<p>Fair.Ehrlich.Transparent. Bargeld, Reisen, Geschenke, Restauranteinladungen, Veranstaltungen \u2013 Korruption hat viele Gesichter. Nationale und internationale Gesetze verbieten Bestechung und Vorteilannahme. Dar\u00fcber hinaus gelten bei Nordzucker strenge [&hellip;]<\/p>\n","protected":false},"author":6,"featured_media":7505,"parent":7486,"menu_order":1,"comment_status":"closed","ping_status":"closed","template":"","meta":{"footnotes":""},"page_category":[],"acf":[],"_links":{"self":[{"href":"https:\/\/www.nordzucker.com\/de\/wp-json\/wp\/v2\/pages\/7503"}],"collection":[{"href":"https:\/\/www.nordzucker.com\/de\/wp-json\/wp\/v2\/pages"}],"about":[{"href":"https:\/\/www.nordzucker.com\/de\/wp-json\/wp\/v2\/types\/page"}],"author":[{"embeddable":true,"href":"https:\/\/www.nordzucker.com\/de\/wp-json\/wp\/v2\/users\/6"}],"replies":[{"embeddable":true,"href":"https:\/\/www.nordzucker.com\/de\/wp-json\/wp\/v2\/comments?post=7503"}],"version-history":[{"count":38,"href":"https:\/\/www.nordzucker.com\/de\/wp-json\/wp\/v2\/pages\/7503\/revisions"}],"predecessor-version":[{"id":12185,"href":"https:\/\/www.nordzucker.com\/de\/wp-json\/wp\/v2\/pages\/7503\/revisions\/12185"}],"up":[{"embeddable":true,"href":"https:\/\/www.nordzucker.com\/de\/wp-json\/wp\/v2\/pages\/7486"}],"wp:featuredmedia":[{"embeddable":true,"href":"https:\/\/www.nordzucker.com\/de\/wp-json\/wp\/v2\/media\/7505"}],"wp:attachment":[{"href":"https:\/\/www.nordzucker.com\/de\/wp-json\/wp\/v2\/media?parent=7503"}],"wp:term":[{"taxonomy":"page_category","embeddable":true,"href":"https:\/\/www.nordzucker.com\/de\/wp-json\/wp\/v2\/page_category?post=7503"}],"curies":[{"name":"wp","href":"https:\/\/api.w.org\/{rel}","templated":true}]}}