{"id":7492,"date":"2023-12-11T10:00:00","date_gmt":"2023-12-11T09:00:00","guid":{"rendered":"https:\/\/www.nordzucker.com\/de\/?page_id=7492"},"modified":"2025-09-25T13:50:00","modified_gmt":"2025-09-25T11:50:00","slug":"verhaltenscodex","status":"publish","type":"page","link":"https:\/\/www.nordzucker.com\/de\/the-sugar-company\/compliance\/verhaltenscodex\/","title":{"rendered":"Verhaltenskodex"},"content":{"rendered":"\n<h2 class=\"wp-block-heading\">Gemeinsame Regeln f\u00fcr eine gute Zusammenarbeit: Unser Verhaltenskodex<\/h2>\n\n\n\n<div class=\"py-4 text-xl leading-8\">\n\tVerantwortung, Engagement, Courage, Wertsch\u00e4tzung bilden unser Werteger\u00fcst, das uns bei Nordzucker zuverl\u00e4ssig tr\u00e4gt. Unsere Werte bilden die Grundlage f\u00fcr unseren Verhaltenskodex.<\/div>\n\n\n<h3 class=\"wp-block-heading\">Unser Verhaltenskodex<\/h3>\n\n\n\n<p>Unser Verhaltenskodex ist das Fundament unserer Unternehmenskultur. Er stellt sicher, dass unsere Mitarbeiter und Mitarbeiterinnen rechtliche und ethische Standards einhalten, integer und verantwortungsbewusst handeln. Die Einhaltung ethischer Standards und die F\u00f6rderung eines positiven Verhaltens sind ma\u00dfgeblich f\u00fcr den Erfolg und das langfristige Wachstum von Nordzucker. <\/p>\n\n\n\n<p>Klicken Sie auf das Bild, um unseren Verhaltenskodex als Dokument in deutscher Sprache zu \u00f6ffnen. Den Verhaltenskodex in weiteren Sprachen finden Sie <a href=\"https:\/\/www.nordzucker.com\/de\/download-kategorien\/verhaltenskodex-compliance\/\">hier<\/a>. <\/p>\n\n\n<figure>\n\t\t\t<a href=\"https:\/\/www.nordzucker.com\/de\/wp-content\/uploads\/sites\/2\/2020\/08\/230412-Verhaltenskodex-Deutsch.pdf\" target=\"_blank\">\n\t\t\t\t<img decoding=\"async\" src=\"https:\/\/www.nordzucker.com\/de\/wp-content\/uploads\/sites\/2\/2023\/11\/231129-Verhaltenskodex-e1701266399647.jpg\" class=\"max-w-full\" \/>\n\t\t\t<\/a>\n\t\t\t<\/figure>\n\n\n<h3 class=\"wp-block-heading\">Verhaltenskodex f\u00fcr Lieferanten<\/h3>\n\n\n\n<p>Neben unserem Verhaltenskodex haben wir auch einen Verhaltenskodex f\u00fcr unsere Lieferanten entwickelt.<\/p>\n\n\n\n<p>Verl\u00e4sslichkeit und Vertrauen sind die S\u00e4ulen unserer Zusammenarbeit. Unser Anspruch, ethisch und gesetzeskonform zu handeln, gilt sowohl innerhalb von Nordzucker als auch f\u00fcr Lieferanten und andere Gesch\u00e4ftspartner. Unser Verhaltenskodex ist die Basis f\u00fcr eine langfristige und partnerschaftliche Zusammenarbeit nach gemeinsam festgelegten Normen.<\/p>\n\n\n\n<p>Klicken Sie auf das Bild, um unseren Verhaltenskodex f\u00fcr Lieferanten als Dokument in deutscher Sprache zu \u00f6ffnen. Den Verhaltenskodex f\u00fcr Lieferanten in anderen Sprachen finden Sie <a href=\"https:\/\/www.nordzucker.com\/de\/download-kategorien\/verhaltenskodex-fuer-lieferanten-compliance\/\">hier<\/a>.<\/p>\n\n\n<figure>\n\t\t\t<a href=\"https:\/\/www.nordzucker.com\/de\/wp-content\/uploads\/sites\/2\/2020\/08\/Supplier_Code_of_Conduct_DE.pdf\" target=\"_blank\">\n\t\t\t\t<img decoding=\"async\" src=\"https:\/\/www.nordzucker.com\/de\/wp-content\/uploads\/sites\/2\/2023\/11\/231129-Verhaltenskodex-Lieferanten-e1701266445486.jpg\" class=\"max-w-full\" \/>\n\t\t\t<\/a>\n\t\t\t<\/figure>\n\n<figure>\n\t\t\t<a href=\"https:\/\/www.nordzucker.com\/de\/wp-content\/uploads\/sites\/2\/2020\/08\/Supplier_Code_of_Conduct_DE.pdf\" target=\"_blank\">\n\t\t\t\t<img decoding=\"async\" src=\"\" class=\"max-w-full\" \/>\n\t\t\t<\/a>\n\t\t\t<\/figure>","protected":false},"excerpt":{"rendered":"<p>Gemeinsame Regeln f\u00fcr eine gute Zusammenarbeit: Unser Verhaltenskodex Unser Verhaltenskodex Unser Verhaltenskodex ist das Fundament unserer Unternehmenskultur. Er stellt sicher, dass unsere Mitarbeiter und Mitarbeiterinnen [&hellip;]<\/p>\n","protected":false},"author":6,"featured_media":8279,"parent":7486,"menu_order":0,"comment_status":"closed","ping_status":"closed","template":"","meta":{"footnotes":""},"page_category":[],"acf":[],"_links":{"self":[{"href":"https:\/\/www.nordzucker.com\/de\/wp-json\/wp\/v2\/pages\/7492"}],"collection":[{"href":"https:\/\/www.nordzucker.com\/de\/wp-json\/wp\/v2\/pages"}],"about":[{"href":"https:\/\/www.nordzucker.com\/de\/wp-json\/wp\/v2\/types\/page"}],"author":[{"embeddable":true,"href":"https:\/\/www.nordzucker.com\/de\/wp-json\/wp\/v2\/users\/6"}],"replies":[{"embeddable":true,"href":"https:\/\/www.nordzucker.com\/de\/wp-json\/wp\/v2\/comments?post=7492"}],"version-history":[{"count":52,"href":"https:\/\/www.nordzucker.com\/de\/wp-json\/wp\/v2\/pages\/7492\/revisions"}],"predecessor-version":[{"id":11699,"href":"https:\/\/www.nordzucker.com\/de\/wp-json\/wp\/v2\/pages\/7492\/revisions\/11699"}],"up":[{"embeddable":true,"href":"https:\/\/www.nordzucker.com\/de\/wp-json\/wp\/v2\/pages\/7486"}],"wp:featuredmedia":[{"embeddable":true,"href":"https:\/\/www.nordzucker.com\/de\/wp-json\/wp\/v2\/media\/8279"}],"wp:attachment":[{"href":"https:\/\/www.nordzucker.com\/de\/wp-json\/wp\/v2\/media?parent=7492"}],"wp:term":[{"taxonomy":"page_category","embeddable":true,"href":"https:\/\/www.nordzucker.com\/de\/wp-json\/wp\/v2\/page_category?post=7492"}],"curies":[{"name":"wp","href":"https:\/\/api.w.org\/{rel}","templated":true}]}}