{"id":7486,"date":"2023-12-11T10:00:00","date_gmt":"2023-12-11T09:00:00","guid":{"rendered":"https:\/\/www.nordzucker.com\/de\/?page_id=7486"},"modified":"2025-09-25T13:48:28","modified_gmt":"2025-09-25T11:48:28","slug":"compliance","status":"publish","type":"page","link":"https:\/\/www.nordzucker.com\/de\/the-sugar-company\/compliance\/","title":{"rendered":"Compliance"},"content":{"rendered":"\n<h2 class=\"wp-block-heading\"><strong>Nordzucker.Gemeinsam. Complia<\/strong>nt.<\/h2>\n\n\n\n<div class=\"py-4 text-xl leading-8\">\n\tRechtm\u00e4\u00dfiges und integres Handeln ist f\u00fcr uns selbstverst\u00e4ndlich. Compliance bedeutet f\u00fcr uns: Nationale und internationale Gesetze sowie interne Regeln und Grunds\u00e4tze einzuhalten und die Nordzucker-Werte zu leben. Wir sind davon \u00fcberzeugt, dass wir nur dann nachhaltig erfolgreich sind, wenn wir uns alle ethisch korrekt und regelkonform verhalten.<\/div>","protected":false},"excerpt":{"rendered":"<p>Nordzucker steht f\u00fcr Verantwortung, Courage, Engagement und Wertsch\u00e4tzung. Erfahren Sie hier mehr dar\u00fcber, was Compliance f\u00fcr uns bedeutet.<\/p>\n","protected":false},"author":6,"featured_media":10519,"parent":14,"menu_order":2,"comment_status":"closed","ping_status":"closed","template":"","meta":{"footnotes":""},"page_category":[],"acf":[],"_links":{"self":[{"href":"https:\/\/www.nordzucker.com\/de\/wp-json\/wp\/v2\/pages\/7486"}],"collection":[{"href":"https:\/\/www.nordzucker.com\/de\/wp-json\/wp\/v2\/pages"}],"about":[{"href":"https:\/\/www.nordzucker.com\/de\/wp-json\/wp\/v2\/types\/page"}],"author":[{"embeddable":true,"href":"https:\/\/www.nordzucker.com\/de\/wp-json\/wp\/v2\/users\/6"}],"replies":[{"embeddable":true,"href":"https:\/\/www.nordzucker.com\/de\/wp-json\/wp\/v2\/comments?post=7486"}],"version-history":[{"count":19,"href":"https:\/\/www.nordzucker.com\/de\/wp-json\/wp\/v2\/pages\/7486\/revisions"}],"predecessor-version":[{"id":11698,"href":"https:\/\/www.nordzucker.com\/de\/wp-json\/wp\/v2\/pages\/7486\/revisions\/11698"}],"up":[{"embeddable":true,"href":"https:\/\/www.nordzucker.com\/de\/wp-json\/wp\/v2\/pages\/14"}],"wp:featuredmedia":[{"embeddable":true,"href":"https:\/\/www.nordzucker.com\/de\/wp-json\/wp\/v2\/media\/10519"}],"wp:attachment":[{"href":"https:\/\/www.nordzucker.com\/de\/wp-json\/wp\/v2\/media?parent=7486"}],"wp:term":[{"taxonomy":"page_category","embeddable":true,"href":"https:\/\/www.nordzucker.com\/de\/wp-json\/wp\/v2\/page_category?post=7486"}],"curies":[{"name":"wp","href":"https:\/\/api.w.org\/{rel}","templated":true}]}}