{"id":74,"date":"2023-07-05T10:45:56","date_gmt":"2023-07-05T08:45:56","guid":{"rendered":"https:\/\/www.nordzucker.com\/de\/?page_id=74"},"modified":"2026-03-25T13:20:44","modified_gmt":"2026-03-25T12:20:44","slug":"unsere-nachhaltigkeitsvision","status":"publish","type":"page","link":"https:\/\/www.nordzucker.com\/de\/nordzucker-gemeinsam-nachhaltig\/unsere-nachhaltigkeitsvision\/","title":{"rendered":"Unsere Nachhaltigkeitsvision"},"content":{"rendered":"\n<h2 class=\"wp-block-heading\">Verantwortung als Teil unseres Handelns<\/h2>\n\n\n\n<div class=\"py-4 text-xl leading-8\">\n\tNachhaltigkeit ist f\u00fcr Nordzucker fester Bestandteil unserer unternehmerischen Verantwortung. Sie erfordert Ver\u00e4nderungen im Denken und Handeln \u2013 Schritt f\u00fcr Schritt und \u00fcber alle Bereiche hinweg. Wir bringen dazu Fachwissen, Erfahrung und die Bereitschaft mit, Entwicklungen systematisch voranzubringen \u2013 im Arbeitsalltag ebenso wie in standort- und l\u00e4nder\u00fcbergreifenden Programmen und Projekten.<\/div>\n\n\n<p>Unsere Verantwortung erstreckt sich entlang der gesamten Wertsch\u00f6pfungskette \u2013 vom Anbau \u00fcber die Produktion bis zum Verbraucher. Als Unternehmen mit starken Wurzeln in der regionalen Landwirtschaft setzen wir auf partnerschaftliche Zusammenarbeit und langfristige Perspektiven. Dabei verfolgen wir das Ziel, unseren CO\u2082-Fu\u00dfabdruck kontinuierlich zu verbessern.<\/p>\n\n\n\n<p>Gemeinsam mit unseren Mitarbeiterinnen und Mitarbeitern, Anbaupartnern und Kunden arbeiten wir daran, nat\u00fcrliche Ressourcen verantwortungsvoll zu nutzen und f\u00fcr morgen zu erhalten. Nachhaltigkeit verstehen wir dabei als laufenden Prozess, der unser Handeln und unsere Entscheidungen pr\u00e4gt.<\/p>\n\n\n\n<p> <\/p>\n","protected":false},"excerpt":{"rendered":"<p>Wir legen einen gro\u00dfen Wert auf Nachhaltigkeit und setzen uns t\u00e4glich mit Engagement und Expertise daf\u00fcr ein, messbare Ver\u00e4nderungen zu erreichen.<\/p>\n","protected":false},"author":1,"featured_media":10493,"parent":67,"menu_order":1,"comment_status":"closed","ping_status":"closed","template":"","meta":{"footnotes":""},"page_category":[],"acf":[],"_links":{"self":[{"href":"https:\/\/www.nordzucker.com\/de\/wp-json\/wp\/v2\/pages\/74"}],"collection":[{"href":"https:\/\/www.nordzucker.com\/de\/wp-json\/wp\/v2\/pages"}],"about":[{"href":"https:\/\/www.nordzucker.com\/de\/wp-json\/wp\/v2\/types\/page"}],"author":[{"embeddable":true,"href":"https:\/\/www.nordzucker.com\/de\/wp-json\/wp\/v2\/users\/1"}],"replies":[{"embeddable":true,"href":"https:\/\/www.nordzucker.com\/de\/wp-json\/wp\/v2\/comments?post=74"}],"version-history":[{"count":24,"href":"https:\/\/www.nordzucker.com\/de\/wp-json\/wp\/v2\/pages\/74\/revisions"}],"predecessor-version":[{"id":12349,"href":"https:\/\/www.nordzucker.com\/de\/wp-json\/wp\/v2\/pages\/74\/revisions\/12349"}],"up":[{"embeddable":true,"href":"https:\/\/www.nordzucker.com\/de\/wp-json\/wp\/v2\/pages\/67"}],"wp:featuredmedia":[{"embeddable":true,"href":"https:\/\/www.nordzucker.com\/de\/wp-json\/wp\/v2\/media\/10493"}],"wp:attachment":[{"href":"https:\/\/www.nordzucker.com\/de\/wp-json\/wp\/v2\/media?parent=74"}],"wp:term":[{"taxonomy":"page_category","embeddable":true,"href":"https:\/\/www.nordzucker.com\/de\/wp-json\/wp\/v2\/page_category?post=74"}],"curies":[{"name":"wp","href":"https:\/\/api.w.org\/{rel}","templated":true}]}}