{"id":72,"date":"2023-07-05T10:40:11","date_gmt":"2023-07-05T08:40:11","guid":{"rendered":"https:\/\/www.nordzucker.com\/de\/?page_id=72"},"modified":"2025-02-07T11:57:19","modified_gmt":"2025-02-07T10:57:19","slug":"initiativen-und-engagements","status":"publish","type":"page","link":"https:\/\/www.nordzucker.com\/de\/nordzucker-gemeinsam-nachhaltig\/initiativen-und-engagements\/","title":{"rendered":"Initiativen und Engagements"},"content":{"rendered":"\n<h2 class=\"wp-block-heading\">Kr\u00e4fte b\u00fcndeln f\u00fcr nachhaltige Entwicklung<\/h2>\n\n\n\n<div class=\"py-4 text-xl leading-8\">\n\tWir sind \u00fcberzeugt, dass Nachhaltigkeit nur gemeinsam gelingt. Deshalb denken und handeln wir entlang der gesamten Wertsch\u00f6pfungskette. Und bringen uns in verschiedenen Initiativen ein, die sich f\u00fcr mehr Transparenz, h\u00f6here Standards und messbare Ziele einsetzen.<\/div>","protected":false},"excerpt":{"rendered":"<p>Erfahren Sie mehr \u00fcber unser Engagement und unseren Einsatz f\u00fcr vielf\u00e4ltige Initiativen im Bereich Nachhaltigkeit.<\/p>\n","protected":false},"author":1,"featured_media":10491,"parent":67,"menu_order":3,"comment_status":"closed","ping_status":"closed","template":"","meta":{"footnotes":""},"page_category":[],"acf":[],"_links":{"self":[{"href":"https:\/\/www.nordzucker.com\/de\/wp-json\/wp\/v2\/pages\/72"}],"collection":[{"href":"https:\/\/www.nordzucker.com\/de\/wp-json\/wp\/v2\/pages"}],"about":[{"href":"https:\/\/www.nordzucker.com\/de\/wp-json\/wp\/v2\/types\/page"}],"author":[{"embeddable":true,"href":"https:\/\/www.nordzucker.com\/de\/wp-json\/wp\/v2\/users\/1"}],"replies":[{"embeddable":true,"href":"https:\/\/www.nordzucker.com\/de\/wp-json\/wp\/v2\/comments?post=72"}],"version-history":[{"count":17,"href":"https:\/\/www.nordzucker.com\/de\/wp-json\/wp\/v2\/pages\/72\/revisions"}],"predecessor-version":[{"id":10575,"href":"https:\/\/www.nordzucker.com\/de\/wp-json\/wp\/v2\/pages\/72\/revisions\/10575"}],"up":[{"embeddable":true,"href":"https:\/\/www.nordzucker.com\/de\/wp-json\/wp\/v2\/pages\/67"}],"wp:featuredmedia":[{"embeddable":true,"href":"https:\/\/www.nordzucker.com\/de\/wp-json\/wp\/v2\/media\/10491"}],"wp:attachment":[{"href":"https:\/\/www.nordzucker.com\/de\/wp-json\/wp\/v2\/media?parent=72"}],"wp:term":[{"taxonomy":"page_category","embeddable":true,"href":"https:\/\/www.nordzucker.com\/de\/wp-json\/wp\/v2\/page_category?post=72"}],"curies":[{"name":"wp","href":"https:\/\/api.w.org\/{rel}","templated":true}]}}