{"id":675,"date":"2020-08-11T09:54:46","date_gmt":"2020-08-11T09:54:46","guid":{"rendered":"https:\/\/www.nordzucker.com\/de\/?page_id=675"},"modified":"2025-04-14T14:23:38","modified_gmt":"2025-04-14T12:23:38","slug":"kalvin-50","status":"publish","type":"page","link":"https:\/\/www.nordzucker.com\/de\/expertise-produkte\/duengemittel\/kalvin-50\/","title":{"rendered":"Kalvin\u2075\u2070"},"content":{"rendered":"\n<h2 class=\"wp-block-heading\">Aus der R\u00fcbe \u2013 f\u00fcr die R\u00fcbe<\/h2>\n\n\n\n<div class=\"py-4 text-xl leading-8\">\n\tKalvin\u2075\u2070 entsteht bei der Produktion von Bioethanol in der Anlage in Klein Wanzleben. Im Rohsaft, Dicksaft und der Melasse aus Zuckerr\u00fcben sind die N\u00e4hrstoffe f\u00fcr Kalvin\u2075\u2070.<\/div>\n\n\n<h4 class=\"wp-block-heading\">Kalium als Hauptn\u00e4hrstoff<\/h4>\n\n\n\n<p>Kalvin\u2075\u2070 ist eine Mehrn\u00e4hrstoff-D\u00fcngerl\u00f6sung, deren N\u00e4hrstoffe aus der Zuckerr\u00fcbe stammen. Der Hauptn\u00e4hrstoff in diesem D\u00fcngemittel ist Kalium. Kalvin\u2075\u2070 gewinnen wir w\u00e4hrend der Alkoholherstellung auf Basis von verschiedenen Zuckerl\u00f6sungen (Rohsaft, Dicksaft, Melasse). Kalvin\u2075\u2070 ist als D\u00fcnger zur landwirtschaftlichen Anwendung auf Acker- und Gr\u00fcnland zugelassen.\u00a0<\/p>\n\n\n\n<h4 class=\"wp-block-heading\">F\u00fcr den Bioanbau zugelassen<\/h4>\n\n\n\n<p>Besondere Bedeutung hat dieser zugelassene D\u00fcnger f\u00fcr den Biolandbau (siehe FIBL).<\/p>\n\n\n\n<figure class=\"wp-block-table\"><table><tbody><tr><td><strong>Wesentliche Inhaltsstoffe<\/strong><\/td><td><\/td><\/tr><tr><td>Kalium (K<sub>\u2082<\/sub>O)<\/td><td>4,0 %<\/td><\/tr><tr><td>Stickstoff (N)<\/td><td>2,9 %<\/td><\/tr><tr><td>Ammonium-Stickstoff<\/td><td>0,3 %<\/td><\/tr><tr><td>Phosphor (P<sub>\u2082<\/sub>O<sub>\u2085<\/sub>)<\/td><td>0,8 %<\/td><\/tr><tr><td>Magnesium (MgO)<\/td><td>0,4 %<\/td><\/tr><tr><td>Schwefel (S)<\/td><td>0,9 %<\/td><\/tr><tr><td>Organische Substanz<\/td><td>41,0 %<\/td><\/tr><\/tbody><\/table><\/figure>\n\n\n\n<h4 class=\"wp-block-heading\">Besondere Eignung in der Landwirtschaft<\/h4>\n\n\n\n<p>Kalvin\u2075\u2070 eignet sich besonders auch f\u00fcr Sonderkulturen wie Spargel und wegen seiner chloridfreien Kalifraktion auch f\u00fcr den Kartoffelanbau.<br>Als fl\u00fcssiges D\u00fcngemittel kann Kalvin\u2075\u2070 mit entsprechender Technik sehr pr\u00e4zise ausgebracht werden.<\/p>\n","protected":false},"excerpt":{"rendered":"<p>In der Nordzucker-Anlage in Klein Wanzleben wird Bioethanol zu Kalvin50, einem fl\u00fcssigen Mehrn\u00e4hrstoffd\u00fcnger, verarbeitet.<\/p>\n","protected":false},"author":1,"featured_media":10822,"parent":90,"menu_order":3,"comment_status":"closed","ping_status":"closed","template":"","meta":{"footnotes":""},"page_category":[],"acf":[],"_links":{"self":[{"href":"https:\/\/www.nordzucker.com\/de\/wp-json\/wp\/v2\/pages\/675"}],"collection":[{"href":"https:\/\/www.nordzucker.com\/de\/wp-json\/wp\/v2\/pages"}],"about":[{"href":"https:\/\/www.nordzucker.com\/de\/wp-json\/wp\/v2\/types\/page"}],"author":[{"embeddable":true,"href":"https:\/\/www.nordzucker.com\/de\/wp-json\/wp\/v2\/users\/1"}],"replies":[{"embeddable":true,"href":"https:\/\/www.nordzucker.com\/de\/wp-json\/wp\/v2\/comments?post=675"}],"version-history":[{"count":42,"href":"https:\/\/www.nordzucker.com\/de\/wp-json\/wp\/v2\/pages\/675\/revisions"}],"predecessor-version":[{"id":10823,"href":"https:\/\/www.nordzucker.com\/de\/wp-json\/wp\/v2\/pages\/675\/revisions\/10823"}],"up":[{"embeddable":true,"href":"https:\/\/www.nordzucker.com\/de\/wp-json\/wp\/v2\/pages\/90"}],"wp:featuredmedia":[{"embeddable":true,"href":"https:\/\/www.nordzucker.com\/de\/wp-json\/wp\/v2\/media\/10822"}],"wp:attachment":[{"href":"https:\/\/www.nordzucker.com\/de\/wp-json\/wp\/v2\/media?parent=675"}],"wp:term":[{"taxonomy":"page_category","embeddable":true,"href":"https:\/\/www.nordzucker.com\/de\/wp-json\/wp\/v2\/page_category?post=675"}],"curies":[{"name":"wp","href":"https:\/\/api.w.org\/{rel}","templated":true}]}}