{"id":672,"date":"2020-08-11T09:49:17","date_gmt":"2020-08-11T09:49:17","guid":{"rendered":"https:\/\/www.nordzucker.com\/de\/?page_id=672"},"modified":"2025-04-14T14:13:00","modified_gmt":"2025-04-14T12:13:00","slug":"carbokalk","status":"publish","type":"page","link":"https:\/\/www.nordzucker.com\/de\/expertise-produkte\/duengemittel\/carbokalk\/","title":{"rendered":"Carbokalk"},"content":{"rendered":"\n<h2 class=\"wp-block-heading\">Aus der Saftreinigung auf den Acker<\/h2>\n\n\n\n<div class=\"py-4 text-xl leading-8\">\n\tKalk verwenden wir f\u00fcr die Saftreinigung. Das entstehende Produkt Carbokalk wird in der Landwirtschaft als schnell wirkender Kalkd\u00fcnger verwendet.<\/div>\n\n\n<h4 class=\"wp-block-heading\">Kalk f\u00fcr die Reinigung des Rohsaftes<\/h4>\n\n\n\n<p>Den Kalk setzen wir zusammen mit CO<sub>\u2082<\/sub> dem Rohsaft zu. In der folgenden Reaktion verbinden sich vieler der Nichtzuckerstoffe mit dem Kalk und k\u00f6nnen dann zusammen mit dem Kalk abgefiltert werden. Aus dem Rohsaft ist der sogenannte D\u00fcnnsaft geworden.<br>Der abgefilterte Kalk wird gepresst und mit einer Trockensubstanz von ca. 68 bis 70 Prozent streuf\u00e4hig an die Landwirtschaft abgegeben.<\/p>\n\n\n\n<figure class=\"wp-block-table\"><table class=\"has-fixed-layout\"><thead><tr><th>Wesentliche Inhaltsstoffe<\/th><th><\/th><\/tr><\/thead><tbody><tr><td>Calciumoxid (CaO)<\/td><td>290,0 kg pro Tonne Carbokalk<\/td><\/tr><tr><td>Phosphor (P<sub>\u2082<\/sub>O<sub>\u2085<\/sub>)<\/td><td>15,0 kg pro Tonne Carbokalk<\/td><\/tr><tr><td>Kalium (K<sub>\u2082<\/sub>O)<\/td><td>1,0 kg pro Tonne Carbokalk<\/td><\/tr><tr><td>Magnesium (MgO)<\/td><td>10,0 kg pro Tonne Carbokalk<\/td><\/tr><tr><td>Schwefel (S) &nbsp;<\/td><td>2,2 kg pro Tonne Carbokalk<\/td><\/tr><\/tbody><\/table><\/figure>\n\n\n\n<h4 class=\"wp-block-heading\">Beliebter Kalkd\u00fcnger in der Landwirtschaft<\/h4>\n\n\n\n<p>Carbokalk wird in der Landwirtschaft gern eingesetzt. Die sehr hohe Reaktionsgeschwindigkeit bei der Regulierung des pH-Wertes im Boden macht Carbokalk zum idealen Bodend\u00fcnger. Das Calcium schafft Verbindungen zwischen den Tonmineralen und den Humusteilen im Boden. Dadurch wird eine stabile Kr\u00fcmelstruktur unterst\u00fctzt und der Luft- \/ Wasserverh\u00e4ltnis im Boden wird verbessert. Aber auch seine wertvollen zus\u00e4tzlichen N\u00e4hrstoffe tragen zu einer ausgeglichenen Pflanzenversorgung bei.<\/p>\n\n\n\n<h4 class=\"wp-block-heading\">Verf\u00fcgbarkeit von Carbokalk<\/h4>\n\n\n\n<p>Carbokalk wird w\u00e4hrend der Kampagne abgegeben und kann problemlos am Feldrand ohne gr\u00f6\u00dfere Verluste bis zum Ausbringen auf die Getreidestoppel gelagert werden. In manchen Werken sind auch im Sommer noch Mengen verf\u00fcgbar.<\/p>\n","protected":false},"excerpt":{"rendered":"<p>Carbokalk reguliert den pH-Wert des Bodens rasch und wird in der Landwirtschaft h\u00e4ufig als schnell wirkendes D\u00fcngemittel eingesetzt.<\/p>\n","protected":false},"author":1,"featured_media":10820,"parent":90,"menu_order":3,"comment_status":"closed","ping_status":"closed","template":"","meta":{"footnotes":""},"page_category":[],"acf":[],"_links":{"self":[{"href":"https:\/\/www.nordzucker.com\/de\/wp-json\/wp\/v2\/pages\/672"}],"collection":[{"href":"https:\/\/www.nordzucker.com\/de\/wp-json\/wp\/v2\/pages"}],"about":[{"href":"https:\/\/www.nordzucker.com\/de\/wp-json\/wp\/v2\/types\/page"}],"author":[{"embeddable":true,"href":"https:\/\/www.nordzucker.com\/de\/wp-json\/wp\/v2\/users\/1"}],"replies":[{"embeddable":true,"href":"https:\/\/www.nordzucker.com\/de\/wp-json\/wp\/v2\/comments?post=672"}],"version-history":[{"count":23,"href":"https:\/\/www.nordzucker.com\/de\/wp-json\/wp\/v2\/pages\/672\/revisions"}],"predecessor-version":[{"id":10821,"href":"https:\/\/www.nordzucker.com\/de\/wp-json\/wp\/v2\/pages\/672\/revisions\/10821"}],"up":[{"embeddable":true,"href":"https:\/\/www.nordzucker.com\/de\/wp-json\/wp\/v2\/pages\/90"}],"wp:featuredmedia":[{"embeddable":true,"href":"https:\/\/www.nordzucker.com\/de\/wp-json\/wp\/v2\/media\/10820"}],"wp:attachment":[{"href":"https:\/\/www.nordzucker.com\/de\/wp-json\/wp\/v2\/media?parent=672"}],"wp:term":[{"taxonomy":"page_category","embeddable":true,"href":"https:\/\/www.nordzucker.com\/de\/wp-json\/wp\/v2\/page_category?post=672"}],"curies":[{"name":"wp","href":"https:\/\/api.w.org\/{rel}","templated":true}]}}