{"id":67,"date":"2024-05-15T13:21:27","date_gmt":"2024-05-15T11:21:27","guid":{"rendered":"https:\/\/www.nordzucker.com\/de\/?page_id=67"},"modified":"2025-03-13T14:16:28","modified_gmt":"2025-03-13T13:16:28","slug":"nordzucker-gemeinsam-nachhaltig","status":"publish","type":"page","link":"https:\/\/www.nordzucker.com\/de\/nordzucker-gemeinsam-nachhaltig\/","title":{"rendered":"Nordzucker.Gemeinsam.Nachhaltig."},"content":{"rendered":"\n<h2 class=\"wp-block-heading\">Nachhaltigkeit ist Teil unserer identit\u00e4t<\/h2>\n\n\n\n<div class=\"py-4 text-xl leading-8\">\n\tMit R\u00fcbe &amp; Rohr kommt der Rohstoff f\u00fcr unsere Produkte aus der Natur. Deshalb liegt uns viel daran, Umwelt und Klima im Gleichgewicht zu halten. Unser Zucker wird in vielen Aspekten bereits jetzt nachhaltig produziert: Aus regionalem Anbau, mit kurzen Transportwegen, unter h\u00f6chsten Qualit\u00e4ts- und Sozialstandards und mit restloser Verwertung der Ackerfr\u00fcchte. Wir betrachten Nachhaltigkeit ganzheitlich und handeln entsprechend.<\/div>","protected":false},"excerpt":{"rendered":"<p>Nachhaltigkeit ist uns besonders wichtig. Deshalb legen wir einen hohen Wert auf umweltfreundliche und regionale Anbaumethoden und h\u00f6chste Qualit\u00e4ts- und Sozialstandards.<\/p>\n","protected":false},"author":1,"featured_media":10487,"parent":0,"menu_order":0,"comment_status":"closed","ping_status":"closed","template":"","meta":{"footnotes":""},"page_category":[],"acf":[],"_links":{"self":[{"href":"https:\/\/www.nordzucker.com\/de\/wp-json\/wp\/v2\/pages\/67"}],"collection":[{"href":"https:\/\/www.nordzucker.com\/de\/wp-json\/wp\/v2\/pages"}],"about":[{"href":"https:\/\/www.nordzucker.com\/de\/wp-json\/wp\/v2\/types\/page"}],"author":[{"embeddable":true,"href":"https:\/\/www.nordzucker.com\/de\/wp-json\/wp\/v2\/users\/1"}],"replies":[{"embeddable":true,"href":"https:\/\/www.nordzucker.com\/de\/wp-json\/wp\/v2\/comments?post=67"}],"version-history":[{"count":23,"href":"https:\/\/www.nordzucker.com\/de\/wp-json\/wp\/v2\/pages\/67\/revisions"}],"predecessor-version":[{"id":10536,"href":"https:\/\/www.nordzucker.com\/de\/wp-json\/wp\/v2\/pages\/67\/revisions\/10536"}],"wp:featuredmedia":[{"embeddable":true,"href":"https:\/\/www.nordzucker.com\/de\/wp-json\/wp\/v2\/media\/10487"}],"wp:attachment":[{"href":"https:\/\/www.nordzucker.com\/de\/wp-json\/wp\/v2\/media?parent=67"}],"wp:term":[{"taxonomy":"page_category","embeddable":true,"href":"https:\/\/www.nordzucker.com\/de\/wp-json\/wp\/v2\/page_category?post=67"}],"curies":[{"name":"wp","href":"https:\/\/api.w.org\/{rel}","templated":true}]}}