{"id":669,"date":"2020-08-11T09:43:11","date_gmt":"2020-08-11T09:43:11","guid":{"rendered":"https:\/\/www.nordzucker.com\/de\/?page_id=669"},"modified":"2025-04-15T15:47:46","modified_gmt":"2025-04-15T13:47:46","slug":"unsere-marke-sweetfamily","status":"publish","type":"page","link":"https:\/\/www.nordzucker.com\/de\/expertise-produkte\/zucker-fuer-endverbraucher\/unsere-marke-sweetfamily\/","title":{"rendered":"Unsere Marke SweetFamily"},"content":{"rendered":"\n<h2 class=\"wp-block-heading\">Qualit\u00e4t und Vielfalt f\u00fcr s\u00fc\u00dfe Genussmomente<\/h2>\n\n\n\n<div class=\"py-4 text-xl leading-8\">\n\tVielseitige Anwendungsm\u00f6glichkeiten und immer neue Inspirationen \u2013 mit der Zuckervielfalt von SweetFamily ist es ganz einfach, auch im Alltag s\u00fc\u00dfe Augenblicke zu erleben. <\/div>\n\n\n<p>Unter der Marke SweetFamily erhalten Endverbraucher ein breites Zuckersortiment von h\u00f6chster Qualit\u00e4t. Ob in <a href=\"https:\/\/www.sweet-family.de\/\" target=\"_blank\" rel=\"noreferrer noopener\">Deutschland<\/a>, <a href=\"https:\/\/www.sweet-family.pl\/\" target=\"_blank\" rel=\"noreferrer noopener\">Polen<\/a>, der <a href=\"https:\/\/www.sweet-family.sk\/\" target=\"_blank\" rel=\"noreferrer noopener\">Slowakei <\/a>oder Ungarn \u2013 die bekannte blaue Verpackung weist im Regal zuverl\u00e4ssig den Weg zur s\u00fc\u00dfen Vielfalt.\u00a0<\/p>\n\n\n\n<p>Das Sortiment umfasst zahlreiche wei\u00dfe und braune Zuckerprodukte, die in unseren Werken aus den Zuckerr\u00fcben der Region gewonnen werden. Aber auch Rohrzuckerprodukte sowie immer mehr zertifizierte Bio-Produkte auf Basis von \u00d6ko-R\u00fcben unserer Vertragslandwirte, erg\u00e4nzen das umfangreiche Sortiment.&nbsp;<\/p>\n\n\n\n<p>Diese Vielfalt schafft immer wieder neue Inspiration. So macht sie es jedem leicht, in der eigenen K\u00fcche kreativ zu werden und f\u00fcr sich und die Familie oder Freunde s\u00fc\u00dfe Genussmomente zu schaffen. SweetFamily bietet f\u00fcr jeden Geschmack, jeden Anlass und jedes Rezept den passenden Zucker \u2013 vom Backen von Pl\u00e4tzchen und Torten, \u00fcber Einmachen leckerer Marmeladen bis hin zum S\u00fc\u00dfen von Getr\u00e4nken und Desserts.<br><\/p>\n\n\n\n<p>Hinter der Marke SweetFamily steckt die langj\u00e4hrige Erfahrung und Kompetenz des Unternehmens Nordzucker vom regionalen R\u00fcbenanbau \u00fcber die gewissenhafte Verarbeitung bis hin zur zeitgem\u00e4\u00dfen Entwicklung innovativer Markenprodukte. So entsteht aus dem besten Rohstoff die unverwechselbare Qualit\u00e4t von SweetFamily.\u00a0Produktinformationen sowie zahlreiche Rezepte, Inspirationen und Tipps finden Sie auf unseren SweetFamily Webseiten.<\/p>\n\n\n<div class=\"bg-primary-lighten-4 px-16 py-10\">\n\t\t\t<h3 class=\"text-2xl mb-4 font-alt font-semibold\">\n\t\t\tSweetFamily in Deutschland\t\t<\/h3>\n\t\t    <div class=\"content py-2\">\n\t\t\n\n<p>Besuchen Sie die SweetFamily Webseite f\u00fcr Deutschland.<\/p>\n\n\t<\/div>\n\t\t\t<div class=\"mt-4\">\n\t\t\t\t\t<a href=\"https:\/\/www.sweet-family.de\/\"  target=\"_blank\" class=\"button h5 inline-block font-bold uppercase py-2 px-6 leading-6 rounded-full border border-[3px] border-primary \">\n\t\t\t<span class=\"inline-block text-primary\">Zur Webseite<\/span>\n\t\t<\/a>\n\t\t<\/div>\n\t\t\n<\/div>\n\n<div class=\"bg-primary-lighten-4 px-16 py-10\">\n\t\t\t<h3 class=\"text-2xl mb-4 font-alt font-semibold\">\n\t\t\tSweetFamily in Polen\t\t<\/h3>\n\t\t    <div class=\"content py-2\">\n\t\t\n\n<p>Besuchen Sie die SweetFamily Webseite f\u00fcr Polen.<\/p>\n\n\t<\/div>\n\t\t\t<div class=\"mt-4\">\n\t\t\t\t\t<a href=\"https:\/\/www.sweet-family.pl\/\"  target=\"_blank\" class=\"button h5 inline-block font-bold uppercase py-2 px-6 leading-6 rounded-full border border-[3px] border-primary \">\n\t\t\t<span class=\"inline-block text-primary\">Zur Webseite<\/span>\n\t\t<\/a>\n\t\t<\/div>\n\t\t\n<\/div>\n\n<div class=\"bg-primary-lighten-4 px-16 py-10\">\n\t\t\t<h3 class=\"text-2xl mb-4 font-alt font-semibold\">\n\t\t\tSweetFamily in der Slowakei\t\t<\/h3>\n\t\t    <div class=\"content py-2\">\n\t\t\n\n<p>Besuchen Sie die SweetFamily Webseite f\u00fcr die Slowakei.<\/p>\n\n\t<\/div>\n\t\t\t<div class=\"mt-4\">\n\t\t\t\t\t<a href=\"https:\/\/www.sweet-family.sk\/\"  target=\"_blank\" class=\"button h5 inline-block font-bold uppercase py-2 px-6 leading-6 rounded-full border border-[3px] border-primary \">\n\t\t\t<span class=\"inline-block text-primary\">Zur Webseite<\/span>\n\t\t<\/a>\n\t\t<\/div>\n\t\t\n<\/div>","protected":false},"excerpt":{"rendered":"<p>Die Marke Nordzucker SweetFamily umfasst ein breites Sortiment an hochwertigen wei\u00dfen und braunen Zuckerprodukten f\u00fcr jeden Geschmack, jeden Anlass und jedes Rezept.<\/p>\n","protected":false},"author":1,"featured_media":10840,"parent":84,"menu_order":1,"comment_status":"closed","ping_status":"closed","template":"","meta":{"footnotes":""},"page_category":[],"acf":[],"_links":{"self":[{"href":"https:\/\/www.nordzucker.com\/de\/wp-json\/wp\/v2\/pages\/669"}],"collection":[{"href":"https:\/\/www.nordzucker.com\/de\/wp-json\/wp\/v2\/pages"}],"about":[{"href":"https:\/\/www.nordzucker.com\/de\/wp-json\/wp\/v2\/types\/page"}],"author":[{"embeddable":true,"href":"https:\/\/www.nordzucker.com\/de\/wp-json\/wp\/v2\/users\/1"}],"replies":[{"embeddable":true,"href":"https:\/\/www.nordzucker.com\/de\/wp-json\/wp\/v2\/comments?post=669"}],"version-history":[{"count":24,"href":"https:\/\/www.nordzucker.com\/de\/wp-json\/wp\/v2\/pages\/669\/revisions"}],"predecessor-version":[{"id":10841,"href":"https:\/\/www.nordzucker.com\/de\/wp-json\/wp\/v2\/pages\/669\/revisions\/10841"}],"up":[{"embeddable":true,"href":"https:\/\/www.nordzucker.com\/de\/wp-json\/wp\/v2\/pages\/84"}],"wp:featuredmedia":[{"embeddable":true,"href":"https:\/\/www.nordzucker.com\/de\/wp-json\/wp\/v2\/media\/10840"}],"wp:attachment":[{"href":"https:\/\/www.nordzucker.com\/de\/wp-json\/wp\/v2\/media?parent=669"}],"wp:term":[{"taxonomy":"page_category","embeddable":true,"href":"https:\/\/www.nordzucker.com\/de\/wp-json\/wp\/v2\/page_category?post=669"}],"curies":[{"name":"wp","href":"https:\/\/api.w.org\/{rel}","templated":true}]}}