{"id":6682,"date":"2023-07-05T11:25:44","date_gmt":"2023-07-05T09:25:44","guid":{"rendered":"https:\/\/www.nordzucker.com\/de\/?page_id=6682"},"modified":"2026-03-27T09:41:06","modified_gmt":"2026-03-27T08:41:06","slug":"produkte-im-fokus","status":"publish","type":"page","link":"https:\/\/www.nordzucker.com\/de\/nordzucker-gemeinsam-nachhaltig\/unsere-nachhaltigkeitsvision\/produkte-im-fokus\/","title":{"rendered":"Verantwortung f\u00fcr unsere Produkte"},"content":{"rendered":"\n<h2 class=\"wp-block-heading\">Aus der R\u00fcbe gemacht \u2013 Produkte mit Verantwortung<\/h2>\n\n\n\n<p>Zucker ist ein Produkt aus der Natur. Ausgangspunkt ist die Zuckerr\u00fcbe, die gr\u00f6\u00dftenteils regional angebaut wird und die wir mit gro\u00dfer Sorgfalt verarbeiten. Dabei nutzen wir die eingesetzten Rohstoffe m\u00f6glichst vollst\u00e4ndig und denken ihre Wertsch\u00f6pfung \u00fcber das Kernprodukt Zucker hinaus.<\/p>\n\n\n\n<h4 class=\"wp-block-heading\">Ein Rohstoff \u2013 vielf\u00e4ltige Nutzung<\/h4>\n\n\n\n<p>Neben Zucker entstehen bei der Verarbeitung der R\u00fcben unter anderem Futtermittel, Melasse und weitere Produkte wie Carbokalk, die weiterverwendet werden. So fallen keine Abf\u00e4lle an und der Rohstoff R\u00fcbe wird effizient eingesetzt.<\/p>\n\n\n\n<h4 class=\"wp-block-heading\">Weiterentwicklung unserer Produkte<\/h4>\n\n\n\n<p>Die Anforderungen unserer Kunden an Nachhaltigkeit und Klimaschutz wachsen stetig. Deshalb entwickeln wir auch unser Produktportfolio kontinuierlich weiter. Dazu z\u00e4hlen auch Konzepte f\u00fcr CO\u2082-reduzierten Zucker, die auf definierten Ma\u00dfnahmen zur Emissionsminderung sowie auf transparenten Datengrundlagen beruhen. Damit m\u00f6chten wir unsere Kunden dabei unterst\u00fctzen, Fortschritte in Richtung Dekarbonisierung entlang ihrer Lieferketten zu realisieren.<\/p>\n\n\n\n<h4 class=\"wp-block-heading\">Verpackung und Transport im Blick<\/h4>\n\n\n\n<p>Auch Verpackungen und Logistik sind Bestandteil unseres Nachhaltigkeitsansatzes. Wir haben klare Ziele zur Reduktion von Verpackungsmaterial definiert und arbeiten daran, den Anteil recyclingf\u00e4higer Materialien schrittweise zu erh\u00f6hen. Unsere Transportprozesse optimieren wir fortlaufend mithilfe von Datenanalysen und spezialisierter Software, um Effizienzpotenziale zu nutzen und Emissionen entlang der Lieferkette weiter zu reduzieren.<\/p>\n\n\n\n<p>Unsere aktuellen Zertifikate finden Sie <a href=\"https:\/\/www.nordzucker.com\/de\/download-kategorien\/zertifikate\/\">hier<\/a>.<\/p>\n\n\n\n<p> <\/p>\n","protected":false},"excerpt":{"rendered":"<p>Erfahren Sie, wie Nordzucker die Kreislaufwirtschaft versteht, indem alle Teile der R\u00fcbe recycelt werden, um mehr als nur Zucker zu produzieren, und zwar ohne Abfall.<\/p>\n","protected":false},"author":17,"featured_media":10869,"parent":74,"menu_order":4,"comment_status":"closed","ping_status":"closed","template":"","meta":{"footnotes":""},"page_category":[],"acf":[],"_links":{"self":[{"href":"https:\/\/www.nordzucker.com\/de\/wp-json\/wp\/v2\/pages\/6682"}],"collection":[{"href":"https:\/\/www.nordzucker.com\/de\/wp-json\/wp\/v2\/pages"}],"about":[{"href":"https:\/\/www.nordzucker.com\/de\/wp-json\/wp\/v2\/types\/page"}],"author":[{"embeddable":true,"href":"https:\/\/www.nordzucker.com\/de\/wp-json\/wp\/v2\/users\/17"}],"replies":[{"embeddable":true,"href":"https:\/\/www.nordzucker.com\/de\/wp-json\/wp\/v2\/comments?post=6682"}],"version-history":[{"count":23,"href":"https:\/\/www.nordzucker.com\/de\/wp-json\/wp\/v2\/pages\/6682\/revisions"}],"predecessor-version":[{"id":12366,"href":"https:\/\/www.nordzucker.com\/de\/wp-json\/wp\/v2\/pages\/6682\/revisions\/12366"}],"up":[{"embeddable":true,"href":"https:\/\/www.nordzucker.com\/de\/wp-json\/wp\/v2\/pages\/74"}],"wp:featuredmedia":[{"embeddable":true,"href":"https:\/\/www.nordzucker.com\/de\/wp-json\/wp\/v2\/media\/10869"}],"wp:attachment":[{"href":"https:\/\/www.nordzucker.com\/de\/wp-json\/wp\/v2\/media?parent=6682"}],"wp:term":[{"taxonomy":"page_category","embeddable":true,"href":"https:\/\/www.nordzucker.com\/de\/wp-json\/wp\/v2\/page_category?post=6682"}],"curies":[{"name":"wp","href":"https:\/\/api.w.org\/{rel}","templated":true}]}}