{"id":659,"date":"2024-08-22T14:05:14","date_gmt":"2024-08-22T12:05:14","guid":{"rendered":"https:\/\/www.nordzucker.com\/de\/?page_id=659"},"modified":"2025-04-14T12:05:18","modified_gmt":"2025-04-14T10:05:18","slug":"werksfuehrungen","status":"publish","type":"page","link":"https:\/\/www.nordzucker.com\/de\/expertise-produkte\/wissen-ueber-zucker\/werksfuehrungen\/","title":{"rendered":"Werks&shy;f\u00fchrungen"},"content":{"rendered":"\n<h2 class=\"wp-block-heading\"><strong>Von der R\u00fcbe zum Kristallzucker \u2013 in nur 12 Stunden<\/strong><\/h2>\n\n\n\n<div class=\"py-4 text-xl leading-8\">\n\tNutzen Sie die Gelegenheit: Besuchen Sie uns und erleben Sie vor Ort, wie Zuckerkristalle entstehen!<\/div>\n\n\n<p>Die Nordzucker-Zuckerr\u00fcbenkampagne (Verarbeitung der Zuckerr\u00fcben) findet in Europa f\u00fcr gew\u00f6hnlich in den Monaten September bis Januar statt. In Australien findet die Kampagne mit der Verarbeitung des Zuckerrohres in den Monaten Juli bis Anfang Dezember statt.<\/p>\n\n\n\n<p>In Europa werden dann in unseren Fabriken in Deutschland, in Osteuropa und in Nordeuropa 100 bis 120 Tage lang rund um die Uhr und an sieben Tagen in der Woche insgesamt \u00fcber f\u00fcnf Millionen Tonnen Zuckerr\u00fcben verarbeiten.<\/p>\n\n\n\n<p>In dieser gesch\u00e4ftigen Zeit \u00f6ffnen wir unsere Tore aber auch gerne f\u00fcr den neugierigen Besucher (ab einem Alter von 16 Jahren oder ab 7. Schulklasse), der nun die einmalige Gelegenheit bekommt, der Verwandlung des Zuckers aus der R\u00fcbe zum Kristallzucker direkt im Rahmen unserer Werksf\u00fchrungen beizuwohnen. Die Ansprechpartner f\u00fcr die Werksf\u00fchrungen finden Sie rechts oben unter der Fact Box und <a href=\"https:\/\/www.nordzucker.com\/de\/kontakt-kategorien\/werksfuehrungen\/\">hier<\/a>.<\/p>\n\n\n\n<h4 class=\"wp-block-heading\">Virtueller Rundgang<\/h4>\n\n\n\n<p>Wir laden Sie im Vorfeld oder im Nachgang einer Werksf\u00fchrung zu einem virtuellen 360\u00b0-Rundgang durch eine Zuckerfabrik ein. Sie k\u00f6nnen selbst die Tour gestalten, entscheiden, welche zus\u00e4tzlichen Informationen Sie sehen oder h\u00f6ren m\u00f6chten. Wir zeigen Ihnen transparent, wie das Lebensmittel Zucker aus regionalen Zuckerr\u00fcben nachhaltig gewonnen wird. <br>Probieren Sie es einmal, treten Sie ein und gehen Sie der Frage nach: Wie kommt der Zucker aus der R\u00fcbe in die T\u00fcte? <br><br>F\u00fcr eine kleine Einf\u00fchrung in die Nutzung des 360\u00b0-Videos klicken Sie bitte <a rel=\"noreferrer noopener\" href=\"https:\/\/v.imgi.no\/ghrxveyskt\" target=\"_blank\">hier<\/a>.<\/p>\n\n\n\n<h4 class=\"wp-block-heading\">Starten Sie mit einem Klick auf das Bild in den <strong>virtuellen Rundgang<\/strong>.<\/h4>\n\n\n<figure>\n\t\t\t<a href=\"https:\/\/my.matterport.com\/show\/?m=kYudbwhpBF1&amp;play=1\" target=\"_blank\">\n\t\t\t\t<img decoding=\"async\" src=\"https:\/\/www.nordzucker.com\/de\/wp-content\/uploads\/sites\/2\/2022\/02\/Startseite-360\u00b0.jpg\" class=\"max-w-full\" \/>\n\t\t\t<\/a>\n\t\t\t<\/figure>\n\n<div class=\"py-6\"><\/div>\n\n<div class=\"bg-primary-lighten-4 px-16 py-10\">\n\t\t\t<h3 class=\"text-2xl mb-4 font-alt font-semibold\">\n\t\t\tWerksf\u00fchrung anfragen\t\t<\/h3>\n\t\t    <div class=\"content py-2\">\n\t\t\n\n<p>Ihre Ansprechpartner f\u00fcr Werksf\u00fchrungen finden Sie direkt in unseren Werken.<\/p>\n\n\t<\/div>\n\t\t\t<div class=\"mt-4\">\n\t\t\t\t\t<a href=\"https:\/\/www.nordzucker.com\/de\/kontakt-kategorien\/werksfuehrungen\/\"  target=\"\" class=\"button h5 inline-block font-bold uppercase py-2 px-6 leading-6 rounded-full border border-[3px] border-primary \">\n\t\t\t<span class=\"inline-block text-primary\">Kontakt aufnehmen<\/span>\n\t\t<\/a>\n\t\t<\/div>\n\t\t\n<\/div>","protected":false},"excerpt":{"rendered":"<p>Besucher haben die einmalige Gelegenheit, an einer F\u00fchrung durch die Nordzucker-Werke teilzunehmen.<\/p>\n","protected":false},"author":1,"featured_media":10814,"parent":80,"menu_order":3,"comment_status":"closed","ping_status":"closed","template":"","meta":{"footnotes":""},"page_category":[],"acf":[],"_links":{"self":[{"href":"https:\/\/www.nordzucker.com\/de\/wp-json\/wp\/v2\/pages\/659"}],"collection":[{"href":"https:\/\/www.nordzucker.com\/de\/wp-json\/wp\/v2\/pages"}],"about":[{"href":"https:\/\/www.nordzucker.com\/de\/wp-json\/wp\/v2\/types\/page"}],"author":[{"embeddable":true,"href":"https:\/\/www.nordzucker.com\/de\/wp-json\/wp\/v2\/users\/1"}],"replies":[{"embeddable":true,"href":"https:\/\/www.nordzucker.com\/de\/wp-json\/wp\/v2\/comments?post=659"}],"version-history":[{"count":39,"href":"https:\/\/www.nordzucker.com\/de\/wp-json\/wp\/v2\/pages\/659\/revisions"}],"predecessor-version":[{"id":10815,"href":"https:\/\/www.nordzucker.com\/de\/wp-json\/wp\/v2\/pages\/659\/revisions\/10815"}],"up":[{"embeddable":true,"href":"https:\/\/www.nordzucker.com\/de\/wp-json\/wp\/v2\/pages\/80"}],"wp:featuredmedia":[{"embeddable":true,"href":"https:\/\/www.nordzucker.com\/de\/wp-json\/wp\/v2\/media\/10814"}],"wp:attachment":[{"href":"https:\/\/www.nordzucker.com\/de\/wp-json\/wp\/v2\/media?parent=659"}],"wp:term":[{"taxonomy":"page_category","embeddable":true,"href":"https:\/\/www.nordzucker.com\/de\/wp-json\/wp\/v2\/page_category?post=659"}],"curies":[{"name":"wp","href":"https:\/\/api.w.org\/{rel}","templated":true}]}}