{"id":6544,"date":"2022-09-12T12:00:00","date_gmt":"2022-09-12T10:00:00","guid":{"rendered":"https:\/\/www.nordzucker.com\/de\/?page_id=6544"},"modified":"2025-04-28T15:07:07","modified_gmt":"2025-04-28T13:07:07","slug":"un-global-compact","status":"publish","type":"page","link":"https:\/\/www.nordzucker.com\/de\/nordzucker-gemeinsam-nachhaltig\/initiativen-und-engagements\/un-global-compact\/","title":{"rendered":"UN GLOBAL COMPACT der Vereinten Nationen"},"content":{"rendered":"\n<h2 class=\"wp-block-heading\">Mit UN Global Compact bietet Nordzucker noch mehr Transparenz \u00fcber d<strong>ie Nachhaltigkeitsleistung <\/strong><\/h2>\n\n\n\n<div class=\"py-4 text-xl leading-8\">\n\tDer UN Global Compact ist die weltweit gr\u00f6\u00dfte globale Nachhaltigkeitsinitiative mit mehr als 9.500 teilnehmenden Unternehmen und 3.000 nicht-gewerblichen Mitgliedern.<\/div>\n\n\n<p>Als <strong>Unterzeichner des UN Global Compact<\/strong> beteiligt sich Nordzucker an der j\u00e4hrlichen Fortschrittsmitteilung. Im Jahr 2022 sind wir zusammen mit einer Reihe von f\u00fchrenden Unternehmen dem <strong>Early Adopter Programm<\/strong> beigetreten, das <strong>mehr Transparenz \u00fcber unsere Nachhaltigkeitsleistung<\/strong> bietet.<\/p>\n\n\n\n<p>Unsere Fortschrittsmitteilung und den Verpflichtungsbrief unseres CEO k\u00f6nnen Sie hier einsehen: <a href=\"https:\/\/www.unglobalcompact.org\/what-is-gc\/participants\/145814-Nordzucker-AG\">Nordzucker AG | UN Global Compact<\/a><\/p>\n\n\n\n<p>Der UN Global Compact ist <strong>die gr\u00f6\u00dfte globale Nachhaltigkeitsinitiative der Welt<\/strong> mit \u00fcber 9.500 teilnehmenden Unternehmen und 3.000 nicht-kommerziellen Mitgliedern.<\/p>\n\n\n\n<p>Die Aufgabe des UN Global Compact besteht darin, eine globale Bewegung von nachhaltigen Unternehmen mit verantwortungsvollen Gesch\u00e4ftsmodellen zu verbinden. Diese Unternehmen verpflichten sich, ihre Gesch\u00e4ftsstrategien und -aktivit\u00e4ten an den Prinzipien des des UN Global Compact in Bezug auf <strong>Menschenrechte, Arbeit, Umwelt und Korruptionsbek\u00e4mpfung und der Korruptionsbek\u00e4mpfung<\/strong> auszurichten und Ma\u00dfnahmen zur Erreichung der Ziele f\u00fcr nachhaltige Entwicklung (<strong>Sustainable Development Goals<\/strong>) der UN zu verfolgen.<\/p>\n","protected":false},"excerpt":{"rendered":"<p>Nordzucker beteiligt sich an der j\u00e4hrlichen Fortschrittsmitteilung des UN Global Compact und informiert damit transparent \u00fcber die Nachhaltigkeitsleistung.<\/p>\n","protected":false},"author":6,"featured_media":10887,"parent":72,"menu_order":8,"comment_status":"closed","ping_status":"closed","template":"","meta":{"footnotes":""},"page_category":[],"acf":[],"_links":{"self":[{"href":"https:\/\/www.nordzucker.com\/de\/wp-json\/wp\/v2\/pages\/6544"}],"collection":[{"href":"https:\/\/www.nordzucker.com\/de\/wp-json\/wp\/v2\/pages"}],"about":[{"href":"https:\/\/www.nordzucker.com\/de\/wp-json\/wp\/v2\/types\/page"}],"author":[{"embeddable":true,"href":"https:\/\/www.nordzucker.com\/de\/wp-json\/wp\/v2\/users\/6"}],"replies":[{"embeddable":true,"href":"https:\/\/www.nordzucker.com\/de\/wp-json\/wp\/v2\/comments?post=6544"}],"version-history":[{"count":11,"href":"https:\/\/www.nordzucker.com\/de\/wp-json\/wp\/v2\/pages\/6544\/revisions"}],"predecessor-version":[{"id":10888,"href":"https:\/\/www.nordzucker.com\/de\/wp-json\/wp\/v2\/pages\/6544\/revisions\/10888"}],"up":[{"embeddable":true,"href":"https:\/\/www.nordzucker.com\/de\/wp-json\/wp\/v2\/pages\/72"}],"wp:featuredmedia":[{"embeddable":true,"href":"https:\/\/www.nordzucker.com\/de\/wp-json\/wp\/v2\/media\/10887"}],"wp:attachment":[{"href":"https:\/\/www.nordzucker.com\/de\/wp-json\/wp\/v2\/media?parent=6544"}],"wp:term":[{"taxonomy":"page_category","embeddable":true,"href":"https:\/\/www.nordzucker.com\/de\/wp-json\/wp\/v2\/page_category?post=6544"}],"curies":[{"name":"wp","href":"https:\/\/api.w.org\/{rel}","templated":true}]}}