{"id":648,"date":"2023-07-05T10:54:41","date_gmt":"2023-07-05T08:54:41","guid":{"rendered":"https:\/\/www.nordzucker.com\/de\/?page_id=648"},"modified":"2025-04-28T12:47:48","modified_gmt":"2025-04-28T10:47:48","slug":"der-mensch-im-fokus","status":"publish","type":"page","link":"https:\/\/www.nordzucker.com\/de\/nordzucker-gemeinsam-nachhaltig\/unsere-nachhaltigkeitsvision\/der-mensch-im-fokus\/","title":{"rendered":"Der Mensch im Fokus"},"content":{"rendered":"\n<h2 class=\"wp-block-heading\">Zukunft gemeinsam gestalten<\/h2>\n\n\n\n<p>Gute Arbeitsbedingungen, fairer Umgang, Toleranz und ein besonderer Fokus auf Arbeitssicherheit und Gesundheitsschutz sind wesentliche Aspekte unserer Verantwortung als Arbeitgeber und die Basis f\u00fcr ein erfolgreiches Miteinander. Unsere vier Werte Verantwortung, Courage, Engagement und Wertsch\u00e4tzung bilden die Leitplanken f\u00fcr unser Handeln und Verbinden uns \u00fcber L\u00e4nder- und Kulturgrenzen hinweg.<\/p>\n\n\n\n<p>Wir arbeiten jeden Tag daran, ein Umfeld zu schaffen, in dem unsere Mitarbeiter wachsen und sich mit ihren Ideen einbringen k\u00f6nnen. Dazu geh\u00f6rt auch eine moderne F\u00fchrungskultur, die gleichzeitig die Richtung vorgibt und Raum f\u00fcr Gestaltung l\u00e4sst. Denn erfolgreich sind wir langfristig nur gemeinsam.<\/p>\n","protected":false},"excerpt":{"rendered":"<p>Was sind die wesentlichen Aspekte der Verantwortung bei Nordzucker und die Basis f\u00fcr eine erfolgreiche Zusammenarbeit mit den Mitarbeitern.<\/p>\n","protected":false},"author":1,"featured_media":10861,"parent":74,"menu_order":3,"comment_status":"closed","ping_status":"closed","template":"","meta":{"footnotes":""},"page_category":[],"acf":[],"_links":{"self":[{"href":"https:\/\/www.nordzucker.com\/de\/wp-json\/wp\/v2\/pages\/648"}],"collection":[{"href":"https:\/\/www.nordzucker.com\/de\/wp-json\/wp\/v2\/pages"}],"about":[{"href":"https:\/\/www.nordzucker.com\/de\/wp-json\/wp\/v2\/types\/page"}],"author":[{"embeddable":true,"href":"https:\/\/www.nordzucker.com\/de\/wp-json\/wp\/v2\/users\/1"}],"replies":[{"embeddable":true,"href":"https:\/\/www.nordzucker.com\/de\/wp-json\/wp\/v2\/comments?post=648"}],"version-history":[{"count":22,"href":"https:\/\/www.nordzucker.com\/de\/wp-json\/wp\/v2\/pages\/648\/revisions"}],"predecessor-version":[{"id":10862,"href":"https:\/\/www.nordzucker.com\/de\/wp-json\/wp\/v2\/pages\/648\/revisions\/10862"}],"up":[{"embeddable":true,"href":"https:\/\/www.nordzucker.com\/de\/wp-json\/wp\/v2\/pages\/74"}],"wp:featuredmedia":[{"embeddable":true,"href":"https:\/\/www.nordzucker.com\/de\/wp-json\/wp\/v2\/media\/10861"}],"wp:attachment":[{"href":"https:\/\/www.nordzucker.com\/de\/wp-json\/wp\/v2\/media?parent=648"}],"wp:term":[{"taxonomy":"page_category","embeddable":true,"href":"https:\/\/www.nordzucker.com\/de\/wp-json\/wp\/v2\/page_category?post=648"}],"curies":[{"name":"wp","href":"https:\/\/api.w.org\/{rel}","templated":true}]}}