{"id":645,"date":"2023-07-05T10:37:51","date_gmt":"2023-07-05T08:37:51","guid":{"rendered":"https:\/\/www.nordzucker.com\/de\/?page_id=645"},"modified":"2025-04-28T14:58:01","modified_gmt":"2025-04-28T12:58:01","slug":"transparent-aus-tradition","status":"publish","type":"page","link":"https:\/\/www.nordzucker.com\/de\/nordzucker-gemeinsam-nachhaltig\/initiativen-und-engagements\/transparent-aus-tradition\/","title":{"rendered":"EMAS &#8211; Eco Management and Audit Scheme"},"content":{"rendered":"\n<h2 class=\"wp-block-heading\">Umwelterkl\u00e4rungen nach EMAS<\/h2>\n\n\n\n<div class=\"py-4 text-xl leading-8\">\n\tF\u00fcr die deutschen Werke publiziert Nordzucker j\u00e4hrlich und seit mehr als 20 Jahren auf Basis der Vorgaben der EMAS-Verordnung Umwelterkl\u00e4rungen.<\/div>\n\n\n<p>Damit schaffen wir Transparenz \u00fcber Umweltinformationen und sorgen f\u00fcr die St\u00e4rkung des Vertrauens der \u00d6ffentlichkeit in die Umweltleistungen unseres Unternehmens \u2013 zum Beispiel in den Diskussionen mit den B\u00fcrgern, Nachbarn und Beh\u00f6rden vor Ort.<\/p>\n\n\n\n<p>EMAS steht f\u00fcr Eco-Management and Audit Scheme. EMAS-zertifizierte Betriebe ver\u00f6ffentlichen detaillierte Umweltinformationen zu ihren T\u00e4tigkeiten, und Dienstleistungen. Dazu z\u00e4hlen die Kommunikation der firmeneigenen Energie- und Umweltpolitik, die wesentlichen Umweltauswirkungen bei unserer Hauptt\u00e4tigkeit \u2013 der Produktion von Zucker \u2013 und das j\u00e4hrliche Umweltprogramm mit messbaren Zielen f\u00fcr die Verbesserung des betrieblichen Umweltschutzes.<\/p>\n\n\n<div class=\"bg-primary-lighten-4 px-16 py-10\">\n\t\t\t<h3 class=\"text-2xl mb-4 font-alt font-semibold\">\n\t\t\tUmweltberichte\t\t<\/h3>\n\t\t    <div class=\"content py-2\">\n\t\t\n\n<p>Unsere Umweltberichte finden Sie hier:<\/p>\n\n\t<\/div>\n\t\t\t<div class=\"mt-4\">\n\t\t\t\t\t<a href=\"https:\/\/www.nordzucker.com\/de\/download-kategorien\/umweltberichte\/\"  target=\"\" class=\"button h5 inline-block font-bold uppercase py-2 px-6 leading-6 rounded-full border border-[3px] border-primary \">\n\t\t\t<span class=\"inline-block text-primary\">Zum Downloadbereich<\/span>\n\t\t<\/a>\n\t\t<\/div>\n\t\t\n<\/div>","protected":false},"excerpt":{"rendered":"<p>Nordzucker ver\u00f6ffentlicht j\u00e4hrlich Umwelterkl\u00e4rungen auf der Grundlage der EMAS-Verordnung (Eco Management and Audit Scheme). Entdecken Sie die Umwelterkl\u00e4rungen von Nordzucker.<\/p>\n","protected":false},"author":1,"featured_media":10885,"parent":72,"menu_order":7,"comment_status":"closed","ping_status":"closed","template":"","meta":{"footnotes":""},"page_category":[],"acf":[],"_links":{"self":[{"href":"https:\/\/www.nordzucker.com\/de\/wp-json\/wp\/v2\/pages\/645"}],"collection":[{"href":"https:\/\/www.nordzucker.com\/de\/wp-json\/wp\/v2\/pages"}],"about":[{"href":"https:\/\/www.nordzucker.com\/de\/wp-json\/wp\/v2\/types\/page"}],"author":[{"embeddable":true,"href":"https:\/\/www.nordzucker.com\/de\/wp-json\/wp\/v2\/users\/1"}],"replies":[{"embeddable":true,"href":"https:\/\/www.nordzucker.com\/de\/wp-json\/wp\/v2\/comments?post=645"}],"version-history":[{"count":18,"href":"https:\/\/www.nordzucker.com\/de\/wp-json\/wp\/v2\/pages\/645\/revisions"}],"predecessor-version":[{"id":10886,"href":"https:\/\/www.nordzucker.com\/de\/wp-json\/wp\/v2\/pages\/645\/revisions\/10886"}],"up":[{"embeddable":true,"href":"https:\/\/www.nordzucker.com\/de\/wp-json\/wp\/v2\/pages\/72"}],"wp:featuredmedia":[{"embeddable":true,"href":"https:\/\/www.nordzucker.com\/de\/wp-json\/wp\/v2\/media\/10885"}],"wp:attachment":[{"href":"https:\/\/www.nordzucker.com\/de\/wp-json\/wp\/v2\/media?parent=645"}],"wp:term":[{"taxonomy":"page_category","embeddable":true,"href":"https:\/\/www.nordzucker.com\/de\/wp-json\/wp\/v2\/page_category?post=645"}],"curies":[{"name":"wp","href":"https:\/\/api.w.org\/{rel}","templated":true}]}}