{"id":642,"date":"2022-09-12T12:02:00","date_gmt":"2022-09-12T10:02:00","guid":{"rendered":"https:\/\/www.nordzucker.com\/de\/?page_id=642"},"modified":"2025-04-28T14:49:17","modified_gmt":"2025-04-28T12:49:17","slug":"carbon-disclosure-project","status":"publish","type":"page","link":"https:\/\/www.nordzucker.com\/de\/nordzucker-gemeinsam-nachhaltig\/initiativen-und-engagements\/carbon-disclosure-project\/","title":{"rendered":"Carbon Disclosure Project"},"content":{"rendered":"\n<h2 class=\"wp-block-heading\">Transparenz \u00fcber Umweltdaten<\/h2>\n\n\n\n<div class=\"py-4 text-xl leading-8\">\n\tSeit unserem Beitritt im Jahr 2010 ver\u00f6ffentlicht die Nordzucker j\u00e4hrlich Daten im Carbon Disclosure Project (CDP). Wir werden derzeit mit B- (2021 Score) bewertet, streben aber im Rahmen unserer Initiativen wie GoGreen und unserem Engagement f\u00fcr die Science Based Target Initiative (SBTi) eine st\u00e4tige Verbesserung unserer Bewertung an.<\/div>\n\n\n<p>Das Carbon Disclosure Project (CDP) ist eine im Jahr 2000 in London gegr\u00fcndete Non-Profit-Organisation, deren Ziel es ist, <strong>Transparenz \u00fcber Umweltdaten<\/strong> zu schaffen. Dazu geh\u00f6ren klimasch\u00e4dliche Treibhausgasemissionen und der Wasserverbrauch.<\/p>\n\n\n\n<p>Einmal im Jahr erhebt das CDP Daten und Informationen \u00fcber die CO\u2082-Emissionen der Unternehmen (Scope 1, 2 und 3), Klimarisiken, sowie Reduktionsziele, Steurung und Strategie. Die Daten werden auf freiwilliger Basis durch standardisierte Frageb\u00f6gen bereitgestellt. Das CDP verwaltet die inzwischen weltweit gr\u00f6\u00dfte Datenbank dieser Art.<\/p>\n","protected":false},"excerpt":{"rendered":"<p>Nordzucker ver\u00f6ffentlicht j\u00e4hrlich Umweltdaten im Carbon Disclosure Project und zeigt damit sein Engagement f\u00fcr eine kontinuierliche Verbesserung der Nachhaltigkeitsleistung.<\/p>\n","protected":false},"author":1,"featured_media":10883,"parent":72,"menu_order":5,"comment_status":"closed","ping_status":"closed","template":"","meta":{"footnotes":""},"page_category":[],"acf":[],"_links":{"self":[{"href":"https:\/\/www.nordzucker.com\/de\/wp-json\/wp\/v2\/pages\/642"}],"collection":[{"href":"https:\/\/www.nordzucker.com\/de\/wp-json\/wp\/v2\/pages"}],"about":[{"href":"https:\/\/www.nordzucker.com\/de\/wp-json\/wp\/v2\/types\/page"}],"author":[{"embeddable":true,"href":"https:\/\/www.nordzucker.com\/de\/wp-json\/wp\/v2\/users\/1"}],"replies":[{"embeddable":true,"href":"https:\/\/www.nordzucker.com\/de\/wp-json\/wp\/v2\/comments?post=642"}],"version-history":[{"count":14,"href":"https:\/\/www.nordzucker.com\/de\/wp-json\/wp\/v2\/pages\/642\/revisions"}],"predecessor-version":[{"id":10884,"href":"https:\/\/www.nordzucker.com\/de\/wp-json\/wp\/v2\/pages\/642\/revisions\/10884"}],"up":[{"embeddable":true,"href":"https:\/\/www.nordzucker.com\/de\/wp-json\/wp\/v2\/pages\/72"}],"wp:featuredmedia":[{"embeddable":true,"href":"https:\/\/www.nordzucker.com\/de\/wp-json\/wp\/v2\/media\/10883"}],"wp:attachment":[{"href":"https:\/\/www.nordzucker.com\/de\/wp-json\/wp\/v2\/media?parent=642"}],"wp:term":[{"taxonomy":"page_category","embeddable":true,"href":"https:\/\/www.nordzucker.com\/de\/wp-json\/wp\/v2\/page_category?post=642"}],"curies":[{"name":"wp","href":"https:\/\/api.w.org\/{rel}","templated":true}]}}