{"id":637,"date":"2022-09-12T12:00:00","date_gmt":"2022-09-12T10:00:00","guid":{"rendered":"https:\/\/www.nordzucker.com\/de\/?page_id=637"},"modified":"2026-02-23T14:28:37","modified_gmt":"2026-02-23T13:28:37","slug":"ecovadis-bewertet-nachhaltigkeit","status":"publish","type":"page","link":"https:\/\/www.nordzucker.com\/de\/nordzucker-gemeinsam-nachhaltig\/initiativen-und-engagements\/ecovadis-bewertet-nachhaltigkeit\/","title":{"rendered":"EcoVadis bewertet Nachhaltigkeit"},"content":{"rendered":"\n<h2 class=\"wp-block-heading\">BENCHMARK ZUR NACHHALTIGKEITSLEISTUNG<\/h2>\n\n\n\n<div class=\"py-4 text-xl leading-8\">\n\tEcoVadis bewertet Nordzucker seit 2015. Im Jahr 2022 erhielt Nordzucker zum siebten Mal in Folge eine Goldmedaille von EcoVadis f\u00fcr nachhaltiges Wirtschaften. Wir haben 72 von 100 Punkten erreicht und geh\u00f6ren damit zu den besten 5 Prozent der von EcoVadis bewerteten nachhaltigsten Unternehmen.<\/div>\n\n\n<p>EcoVadis ist als einer der weltweit gr\u00f6\u00dften und vertrauensw\u00fcrdigsten Anbieter von Nachhaltigkeitsbewertungen f\u00fcr Unternehmen anerkannt. Die Agentur bewertet die Nachhaltigkeitsbem\u00fchungen von mehr als 90.000 Unternehmen in vier Bereichen: Umwelt, Arbeit und Menschenrechte, Ethik und nachhaltige Beschaffung. Jedes Jahr m\u00fcssen die Unternehmen einen umfangreichen Fragebogen beantworten und detaillierte Informationen \u00fcber ihre Nachhaltigkeitspraktiken liefern. Au\u00dferdem m\u00fcssen jeder Antwort Belege wie Dokumente, Berichte und Richtlinien beigef\u00fcgt werden, um sicherzustellen, dass die eingereichten Informationen der Wahrheit entsprechen. Auch Berichte, \u00d6ffentlichkeitsarbeit und Informationen, die Interessengruppen wie Nichtregierungsorganisationen, Gewerkschaften und den Medien zur Verf\u00fcgung gestellt werden, werden herangezogen.<\/p>\n\n\n\n<p>Die EcoVadis-Methodik basiert auf <strong>internationalen Nachhaltigkeitsstandards<\/strong> (Global Reporting Initiative, United Nations Global Compact, ISO 26000). Ein wissenschaftlicher Ausschuss, der sich aus Experten f\u00fcr soziale Verantwortung der Unternehmen (CSR) und Lieferketten zusammensetzt, \u00fcberwacht die Durchf\u00fchrung der Bewertungen.<\/p>\n\n\n\n<p>Je nachdem, wie gut die Unternehmen Nachhaltigkeit in ihre Gesch\u00e4fts- und Managementpraktiken integrieren, werden sie mit Medaillen von Bronze bis Platin und entsprechenden Punktzahlen ausgezeichnet.<\/p>\n","protected":false},"excerpt":{"rendered":"<p>Nordzucker wird von EcoVadis als eines der 5 % der nachhaltigsten Unternehmen bewertet.<\/p>\n","protected":false},"author":1,"featured_media":10881,"parent":72,"menu_order":4,"comment_status":"closed","ping_status":"closed","template":"","meta":{"footnotes":""},"page_category":[],"acf":[],"_links":{"self":[{"href":"https:\/\/www.nordzucker.com\/de\/wp-json\/wp\/v2\/pages\/637"}],"collection":[{"href":"https:\/\/www.nordzucker.com\/de\/wp-json\/wp\/v2\/pages"}],"about":[{"href":"https:\/\/www.nordzucker.com\/de\/wp-json\/wp\/v2\/types\/page"}],"author":[{"embeddable":true,"href":"https:\/\/www.nordzucker.com\/de\/wp-json\/wp\/v2\/users\/1"}],"replies":[{"embeddable":true,"href":"https:\/\/www.nordzucker.com\/de\/wp-json\/wp\/v2\/comments?post=637"}],"version-history":[{"count":19,"href":"https:\/\/www.nordzucker.com\/de\/wp-json\/wp\/v2\/pages\/637\/revisions"}],"predecessor-version":[{"id":12191,"href":"https:\/\/www.nordzucker.com\/de\/wp-json\/wp\/v2\/pages\/637\/revisions\/12191"}],"up":[{"embeddable":true,"href":"https:\/\/www.nordzucker.com\/de\/wp-json\/wp\/v2\/pages\/72"}],"wp:featuredmedia":[{"embeddable":true,"href":"https:\/\/www.nordzucker.com\/de\/wp-json\/wp\/v2\/media\/10881"}],"wp:attachment":[{"href":"https:\/\/www.nordzucker.com\/de\/wp-json\/wp\/v2\/media?parent=637"}],"wp:term":[{"taxonomy":"page_category","embeddable":true,"href":"https:\/\/www.nordzucker.com\/de\/wp-json\/wp\/v2\/page_category?post=637"}],"curies":[{"name":"wp","href":"https:\/\/api.w.org\/{rel}","templated":true}]}}