{"id":634,"date":"2022-09-12T12:00:00","date_gmt":"2022-09-12T10:00:00","guid":{"rendered":"https:\/\/www.nordzucker.com\/de\/?page_id=634"},"modified":"2025-04-28T14:32:13","modified_gmt":"2025-04-28T12:32:13","slug":"bonsucro","status":"publish","type":"page","link":"https:\/\/www.nordzucker.com\/de\/nordzucker-gemeinsam-nachhaltig\/initiativen-und-engagements\/bonsucro\/","title":{"rendered":"Bonsucro"},"content":{"rendered":"\n<h2 class=\"wp-block-heading\"><strong>Nachhaltige Produktion aus Zuckerrohr<\/strong><\/h2>\n\n\n\n<div class=\"py-4 text-xl leading-8\">\n\tNordzucker ist seit 2011 Mitglied bei Bonsucro. Bonsucro ist die f\u00fchrende globale Nachhaltigkeitsplattform und der Standard f\u00fcr Zuckerrohr mit dem Ziel, gemeinsam die nachhaltige Produktion und Nutzung von Zuckerrohr zu beschleunigen.<\/div>\n\n\n<p>Bonsucro vereint eine Gemeinschaft von \u00fcber 280 Mitgliedern in mehr als 50 L\u00e4ndern aus allen Stufen der Zuckerrohrlieferkette, einschlie\u00dflich Landwirten, Zuckerproduzenten, H\u00e4ndlern, Kunden und Hilfsorganisationen, um durch ein <strong>System von Nachhaltigkeitsstandards<\/strong> sowohl die <strong>Leistung als auch die Auswirkungen zu verbessern<\/strong>.<\/p>\n","protected":false},"excerpt":{"rendered":"<p>Seit 2011 ist Nordzucker Mitglied von Bonsucro, einer bedeutenden globalen Plattform, die mit einem System von Nachhaltigkeitsstandards Leistung und Wirkung f\u00f6rdern soll.<\/p>\n","protected":false},"author":1,"featured_media":10879,"parent":72,"menu_order":3,"comment_status":"closed","ping_status":"closed","template":"","meta":{"footnotes":""},"page_category":[],"acf":[],"_links":{"self":[{"href":"https:\/\/www.nordzucker.com\/de\/wp-json\/wp\/v2\/pages\/634"}],"collection":[{"href":"https:\/\/www.nordzucker.com\/de\/wp-json\/wp\/v2\/pages"}],"about":[{"href":"https:\/\/www.nordzucker.com\/de\/wp-json\/wp\/v2\/types\/page"}],"author":[{"embeddable":true,"href":"https:\/\/www.nordzucker.com\/de\/wp-json\/wp\/v2\/users\/1"}],"replies":[{"embeddable":true,"href":"https:\/\/www.nordzucker.com\/de\/wp-json\/wp\/v2\/comments?post=634"}],"version-history":[{"count":9,"href":"https:\/\/www.nordzucker.com\/de\/wp-json\/wp\/v2\/pages\/634\/revisions"}],"predecessor-version":[{"id":10880,"href":"https:\/\/www.nordzucker.com\/de\/wp-json\/wp\/v2\/pages\/634\/revisions\/10880"}],"up":[{"embeddable":true,"href":"https:\/\/www.nordzucker.com\/de\/wp-json\/wp\/v2\/pages\/72"}],"wp:featuredmedia":[{"embeddable":true,"href":"https:\/\/www.nordzucker.com\/de\/wp-json\/wp\/v2\/media\/10879"}],"wp:attachment":[{"href":"https:\/\/www.nordzucker.com\/de\/wp-json\/wp\/v2\/media?parent=634"}],"wp:term":[{"taxonomy":"page_category","embeddable":true,"href":"https:\/\/www.nordzucker.com\/de\/wp-json\/wp\/v2\/page_category?post=634"}],"curies":[{"name":"wp","href":"https:\/\/api.w.org\/{rel}","templated":true}]}}