{"id":631,"date":"2022-09-12T12:00:00","date_gmt":"2022-09-12T10:00:00","guid":{"rendered":"https:\/\/www.nordzucker.com\/de\/?page_id=631"},"modified":"2025-04-28T14:22:47","modified_gmt":"2025-04-28T12:22:47","slug":"sedex-bescheinigt-nachhaltige-geschaeftspraktiken","status":"publish","type":"page","link":"https:\/\/www.nordzucker.com\/de\/nordzucker-gemeinsam-nachhaltig\/initiativen-und-engagements\/sedex-bescheinigt-nachhaltige-geschaeftspraktiken\/","title":{"rendered":"Sedex \u2013 ethisch einwandfrei"},"content":{"rendered":"\n<h2 class=\"wp-block-heading\">Verantwortung ernst nehmen<\/h2>\n\n\n\n<div class=\"py-4 text-xl leading-8\">\n\tUm die Einhaltung der Menschenrechte in unseren eigenen Prozessen sicherzustellen, ist Nordzucker seit 2009 Mitglied bei Sedex (Supplier Ethical Data Exchange). <\/div>\n\n\n<p>Durch SEDEX werden unsere Fabriken regelm\u00e4\u00dfig durch SMETA-Audits (Sedex Members Ethical Trade Audit) auf Basis des Ethical Trade Initiative Base Code (ETI Base Code) \u00fcberpr\u00fcft. Als Ergebnis dieses transparenten, von <strong>unabh\u00e4ngigen<\/strong> <strong>Dritten verifizierten Prozesses<\/strong> k\u00f6nnen wir die Einhaltung hoher sozialer, \u00f6kologischer und ethischer Standards vorweisen, einschlie\u00dflich strenger Anforderungen an die Menschenrechte und den Schutz der Arbeitsrechte unserer Mitarbeiter.<\/p>\n\n\n\n<p>Die Organisation Sedex ist eine der weltweit f\u00fchrenden Organisationen im Bereich &nbsp;<strong>ethischen Handels<\/strong>, die sich um die Verbesserung der Arbeitsbedingungen in globalen Lieferketten bem\u00fcht. Sedex stellt praktische Instrumente, Dienstleistungen und ein Netzwerk zur Verf\u00fcgung, um Unternehmen bei der Verbesserung ihres verantwortungsvollen und nachhaltigen Gesch\u00e4ftspraktiken und bei der verantwortungsvollen Beschaffung ihrer Produkte zu unterst\u00fctzen.<\/p>\n","protected":false},"excerpt":{"rendered":"<p>Nordzuck ist seit 2009 Mitglied bei SEDEX und beweist damit die Einhaltung hoher sozialer, \u00f6kologischer und ethischer Standards.<\/p>\n","protected":false},"author":1,"featured_media":10877,"parent":72,"menu_order":2,"comment_status":"closed","ping_status":"closed","template":"","meta":{"footnotes":""},"page_category":[],"acf":[],"_links":{"self":[{"href":"https:\/\/www.nordzucker.com\/de\/wp-json\/wp\/v2\/pages\/631"}],"collection":[{"href":"https:\/\/www.nordzucker.com\/de\/wp-json\/wp\/v2\/pages"}],"about":[{"href":"https:\/\/www.nordzucker.com\/de\/wp-json\/wp\/v2\/types\/page"}],"author":[{"embeddable":true,"href":"https:\/\/www.nordzucker.com\/de\/wp-json\/wp\/v2\/users\/1"}],"replies":[{"embeddable":true,"href":"https:\/\/www.nordzucker.com\/de\/wp-json\/wp\/v2\/comments?post=631"}],"version-history":[{"count":14,"href":"https:\/\/www.nordzucker.com\/de\/wp-json\/wp\/v2\/pages\/631\/revisions"}],"predecessor-version":[{"id":10878,"href":"https:\/\/www.nordzucker.com\/de\/wp-json\/wp\/v2\/pages\/631\/revisions\/10878"}],"up":[{"embeddable":true,"href":"https:\/\/www.nordzucker.com\/de\/wp-json\/wp\/v2\/pages\/72"}],"wp:featuredmedia":[{"embeddable":true,"href":"https:\/\/www.nordzucker.com\/de\/wp-json\/wp\/v2\/media\/10877"}],"wp:attachment":[{"href":"https:\/\/www.nordzucker.com\/de\/wp-json\/wp\/v2\/media?parent=631"}],"wp:term":[{"taxonomy":"page_category","embeddable":true,"href":"https:\/\/www.nordzucker.com\/de\/wp-json\/wp\/v2\/page_category?post=631"}],"curies":[{"name":"wp","href":"https:\/\/api.w.org\/{rel}","templated":true}]}}