{"id":63,"date":"2020-07-07T17:33:19","date_gmt":"2020-07-07T17:33:19","guid":{"rendered":"https:\/\/www.nordzucker.com\/de\/?page_id=63"},"modified":"2025-02-26T12:17:08","modified_gmt":"2025-02-26T11:17:08","slug":"ausbildung","status":"publish","type":"page","link":"https:\/\/www.nordzucker.com\/de\/menschen-bei-nordzucker\/ausbildung\/","title":{"rendered":"Ausbildung"},"content":{"rendered":"\n<h2 class=\"wp-block-heading\">Praxisnah von Anfang an<\/h2>\n\n\n\n<div class=\"py-4 text-xl leading-8\">\n\tAusbildung hat seit jeher konzernweit einen hohen Stellenwert f\u00fcr uns. Wir bereiten junge Menschen auf ihre sp\u00e4tere Berufst\u00e4tigkeit vor. Bis heute haben wir die erfolgreiche Zusammenarbeit h\u00e4ufig \u00fcber den Ausbildungsrahmen hinaus fortf\u00fchren k\u00f6nnen. Die Ausbildung bei Nordzucker zeichnet sich durch praxisnahe und kontinuierliche Einbindung in die allt\u00e4gliche Arbeit aus. W\u00e4re eine Ausbildung bei Nordzucker auch etwas f\u00fcr dich?<br \/>\r\n<\/div>","protected":false},"excerpt":{"rendered":"<p>Bei Nordzucker hat die Ausbildung einen hohen Stellenwert. Wir bereiten junge Talente praxisnah auf ihre berufliche Zukunft in einem modernen Umfeld vor.<\/p>\n","protected":false},"author":1,"featured_media":1320,"parent":51,"menu_order":3,"comment_status":"closed","ping_status":"closed","template":"","meta":{"footnotes":""},"page_category":[],"acf":[],"_links":{"self":[{"href":"https:\/\/www.nordzucker.com\/de\/wp-json\/wp\/v2\/pages\/63"}],"collection":[{"href":"https:\/\/www.nordzucker.com\/de\/wp-json\/wp\/v2\/pages"}],"about":[{"href":"https:\/\/www.nordzucker.com\/de\/wp-json\/wp\/v2\/types\/page"}],"author":[{"embeddable":true,"href":"https:\/\/www.nordzucker.com\/de\/wp-json\/wp\/v2\/users\/1"}],"replies":[{"embeddable":true,"href":"https:\/\/www.nordzucker.com\/de\/wp-json\/wp\/v2\/comments?post=63"}],"version-history":[{"count":17,"href":"https:\/\/www.nordzucker.com\/de\/wp-json\/wp\/v2\/pages\/63\/revisions"}],"predecessor-version":[{"id":10665,"href":"https:\/\/www.nordzucker.com\/de\/wp-json\/wp\/v2\/pages\/63\/revisions\/10665"}],"up":[{"embeddable":true,"href":"https:\/\/www.nordzucker.com\/de\/wp-json\/wp\/v2\/pages\/51"}],"wp:featuredmedia":[{"embeddable":true,"href":"https:\/\/www.nordzucker.com\/de\/wp-json\/wp\/v2\/media\/1320"}],"wp:attachment":[{"href":"https:\/\/www.nordzucker.com\/de\/wp-json\/wp\/v2\/media?parent=63"}],"wp:term":[{"taxonomy":"page_category","embeddable":true,"href":"https:\/\/www.nordzucker.com\/de\/wp-json\/wp\/v2\/page_category?post=63"}],"curies":[{"name":"wp","href":"https:\/\/api.w.org\/{rel}","templated":true}]}}