{"id":624,"date":"2020-08-11T08:45:24","date_gmt":"2020-08-11T08:45:24","guid":{"rendered":"https:\/\/www.nordzucker.com\/de\/?page_id=624"},"modified":"2025-06-11T11:56:15","modified_gmt":"2025-06-11T09:56:15","slug":"auszeichnungen-fuer-nordzucker","status":"publish","type":"page","link":"https:\/\/www.nordzucker.com\/de\/menschen-bei-nordzucker\/erfolgsgeschichten\/auszeichnungen-fuer-nordzucker\/","title":{"rendered":"Auszeich&shy;nungen f\u00fcr Nord&shy;zucker"},"content":{"rendered":"\n<h2 class=\"wp-block-heading\">Unser Engagement zahlt sich aus<\/h2>\n\n\n\n<div class=\"py-4 text-xl leading-8\">\n\tWir sind stolz auf die Auszeichnungen, die wir fortw\u00e4hrend f\u00fcr unser Engagement als Arbeitgeber erhalten.<\/div>\n\n\n<h4 class=\"wp-block-heading\">Auszeichnungen f\u00fcr Nordzucker als Arbeitgeber<\/h4>\n\n\n\n<p>Nordzucker erhielt Anfang 2020 gleich zwei Auszeichnungen: Als \u201eTOP ein Prozent der deutschen Arbeitgeber\u201c und als einer der besten Deutschen Ausbildungsbetriebe der Jahre 2018, 2019 und 2020.<\/p>\n\n\n\n<p>LEADING EMPLOYERS ist eine der umfassendsten Arbeitgeberstudien Deutschlands und \u00fcberf\u00fchrt vielf\u00e4ltige Qualit\u00e4tskriterien in eine ganzheitliche Betrachtung.&nbsp;<\/p>\n\n\n\n<p>Die zweite Auszeichnung erhielten wir von FOCUS MONEY. Aussagen zu Themen wie Arbeitsplatzsicherheit, Mitarbeiterorientierung und Zufriedenheit am Arbeitsplatz wurden dazu gesammelt und verglichen. Zus\u00e4tzlich wurden umfassende und strukturierte Frageb\u00f6gen ausgewertet. Nordzucker z\u00e4hlte danach drei Jahre in Folge als einer der besten Ausbildungsbetriebe in Deutschland.<\/p>\n","protected":false},"excerpt":{"rendered":"<p>Nordzucker ist stolz auf die erhaltenen Auszeichnungen f\u00fcr das Engagement als Arbeitgeber.<\/p>\n","protected":false},"author":1,"featured_media":11418,"parent":65,"menu_order":3,"comment_status":"closed","ping_status":"closed","template":"","meta":{"footnotes":""},"page_category":[],"acf":[],"_links":{"self":[{"href":"https:\/\/www.nordzucker.com\/de\/wp-json\/wp\/v2\/pages\/624"}],"collection":[{"href":"https:\/\/www.nordzucker.com\/de\/wp-json\/wp\/v2\/pages"}],"about":[{"href":"https:\/\/www.nordzucker.com\/de\/wp-json\/wp\/v2\/types\/page"}],"author":[{"embeddable":true,"href":"https:\/\/www.nordzucker.com\/de\/wp-json\/wp\/v2\/users\/1"}],"replies":[{"embeddable":true,"href":"https:\/\/www.nordzucker.com\/de\/wp-json\/wp\/v2\/comments?post=624"}],"version-history":[{"count":10,"href":"https:\/\/www.nordzucker.com\/de\/wp-json\/wp\/v2\/pages\/624\/revisions"}],"predecessor-version":[{"id":11419,"href":"https:\/\/www.nordzucker.com\/de\/wp-json\/wp\/v2\/pages\/624\/revisions\/11419"}],"up":[{"embeddable":true,"href":"https:\/\/www.nordzucker.com\/de\/wp-json\/wp\/v2\/pages\/65"}],"wp:featuredmedia":[{"embeddable":true,"href":"https:\/\/www.nordzucker.com\/de\/wp-json\/wp\/v2\/media\/11418"}],"wp:attachment":[{"href":"https:\/\/www.nordzucker.com\/de\/wp-json\/wp\/v2\/media?parent=624"}],"wp:term":[{"taxonomy":"page_category","embeddable":true,"href":"https:\/\/www.nordzucker.com\/de\/wp-json\/wp\/v2\/page_category?post=624"}],"curies":[{"name":"wp","href":"https:\/\/api.w.org\/{rel}","templated":true}]}}