{"id":620,"date":"2020-08-11T08:32:39","date_gmt":"2020-08-11T08:32:39","guid":{"rendered":"https:\/\/www.nordzucker.com\/de\/?page_id=620"},"modified":"2025-06-11T11:47:25","modified_gmt":"2025-06-11T09:47:25","slug":"offene-tueren-in-chelmza-und-opalenica","status":"publish","type":"page","link":"https:\/\/www.nordzucker.com\/de\/menschen-bei-nordzucker\/erfolgsgeschichten\/offene-tueren-in-chelmza-und-opalenica\/","title":{"rendered":"Offene T\u00fcren in Che\u0142m\u017ca und Opalenica"},"content":{"rendered":"\n<h2 class=\"wp-block-heading\">Unsere Werke \u00f6ffnen die T\u00fcren<\/h2>\n\n\n\n<div class=\"py-4 text-xl leading-8\">\n\t\u201cTag der offenen T\u00fcr\u201c in Polen \u2013 dieses Konzept hat sich \u00fcber Jahre bew\u00e4hrt und erfreut Mitarbeiterinnen und Mitarbeiter, Familien und G\u00e4ste.<\/div>\n\n\n<h4 class=\"wp-block-heading\">Immer wieder ein Erfolg &#8211; Tag der offenen T\u00fcr in den Fabriken Che\u0142m\u017ca und Opalenica<\/h4>\n\n\n\n<p>\u201eEnde November und Ende Dezember 2019 fanden in den Zuckerfabriken Che\u0142m\u017ca und Opalenica erneut die von Nordzucker Polska organisierten \u201eTage der offenen T\u00fcr \u201cstatt.<\/p>\n\n\n\n<p>Unsere Fabriken wurden von mehreren hundert Menschen besucht: Bauern, Angestellte von Nordzucker Polska zusammen mit ihren Familien sowie Sch\u00fcler von Schulen und Hochschulen.<\/p>\n\n\n<figure>\n\t\t\t<img decoding=\"async\" src=\"https:\/\/www.nordzucker.com\/de\/wp-content\/uploads\/sites\/2\/2025\/06\/nordzucker_menschen-bei-nordzucker_erfolgsgeschichten_offene-tueren-in-chelmza-und-opalenica_schulkinder-zu-besuch.webp\" class=\"max-w-full\" \/>\n\t\t<\/figure>\n\n\n<p><\/p>\n\n\n\n<p>W\u00e4hrend der &#8220;Tage der offenen T\u00fcr&#8221; hatten die G\u00e4ste die Gelegenheit, unsere Fabrik und einen Teil der Produktionsprozesse zu besichtigen. Sie lernten, dass neben Rohmaterial, auch Maschinen und Technologie sowie die Leidenschaft, das Engagement und die Erfahrung unserer Mitarbeiter f\u00fcr die Zuckerproduktion erforderlich sind.<\/p>\n\n\n\n<p>Die Reise, auf die wir unsere G\u00e4ste einluden, begann mit unserem Film &#8220;<a href=\"https:\/\/youtu.be\/6hOq6sr6yyo\" target=\"_blank\" rel=\"noreferrer noopener\">Von der R\u00fcbe zum Zucker<\/a>&#8220;. Danach machten wir unsere G\u00e4ste, w\u00e4hrend einer Fahrt durch unsere Fabrik, mit den Regeln f\u00fcr Sicherheit und Bewegung auf dem Fabrikgel\u00e4nde vertraut. Dann widmeten wir uns dem Hauptthema, n\u00e4mlich wie wir aus R\u00fcben Zucker gewinnen. Alle G\u00e4ste hatten die M\u00f6glichkeit, die Rohstoffe zu ber\u00fchren und zu riechen, halb fertige und fertige Produkte zu sehen und zum Teil sogar zu schmecken.<\/p>\n\n\n\n<p>Wir machten uns auf den versprochenen Rundgang durch die Fabrik auf und erkl\u00e4rten den Prozess \u201evon der R\u00fcbe zum Zucker&#8221;.<\/p>\n\n\n\n<p>Wir haben von unseren G\u00e4sten, von Familienmitgliedern unserer Mitarbeiter sowie von Anbauern und Schulen viele herzliche Worte geh\u00f6rt und einen gro\u00dfen Dank f\u00fcr die Organisation und die Gelegenheit, uns und das Unternehmen Nordzucker besser kennenzulernen. Wir sind sicher, dass wir auch in den kommenden Jahren unsere erfolgreichen \u201eTage der offenen T\u00fcr&#8221; organisieren.<\/p>\n\n\n<figure>\n\t\t\t<img decoding=\"async\" src=\"https:\/\/www.nordzucker.com\/de\/wp-content\/uploads\/sites\/2\/2025\/06\/nordzucker_menschen-bei-nordzucker_erfolgsgeschichten_offene-tueren-in-chelmza-und-opalenica-besucher.webp\" class=\"max-w-full\" \/>\n\t\t<\/figure>\n\n\n<p><\/p>\n","protected":false},"excerpt":{"rendered":"<p>Die Nordzucker-Werke \u00f6ffnen ihre T\u00fcren f\u00fcr Landwirte, Familien, Sch\u00fcler und Studenten sowie Mitarbeiter von Nordzucker Polska.<\/p>\n","protected":false},"author":1,"featured_media":11413,"parent":65,"menu_order":3,"comment_status":"closed","ping_status":"closed","template":"","meta":{"footnotes":""},"page_category":[],"acf":[],"_links":{"self":[{"href":"https:\/\/www.nordzucker.com\/de\/wp-json\/wp\/v2\/pages\/620"}],"collection":[{"href":"https:\/\/www.nordzucker.com\/de\/wp-json\/wp\/v2\/pages"}],"about":[{"href":"https:\/\/www.nordzucker.com\/de\/wp-json\/wp\/v2\/types\/page"}],"author":[{"embeddable":true,"href":"https:\/\/www.nordzucker.com\/de\/wp-json\/wp\/v2\/users\/1"}],"replies":[{"embeddable":true,"href":"https:\/\/www.nordzucker.com\/de\/wp-json\/wp\/v2\/comments?post=620"}],"version-history":[{"count":16,"href":"https:\/\/www.nordzucker.com\/de\/wp-json\/wp\/v2\/pages\/620\/revisions"}],"predecessor-version":[{"id":11417,"href":"https:\/\/www.nordzucker.com\/de\/wp-json\/wp\/v2\/pages\/620\/revisions\/11417"}],"up":[{"embeddable":true,"href":"https:\/\/www.nordzucker.com\/de\/wp-json\/wp\/v2\/pages\/65"}],"wp:featuredmedia":[{"embeddable":true,"href":"https:\/\/www.nordzucker.com\/de\/wp-json\/wp\/v2\/media\/11413"}],"wp:attachment":[{"href":"https:\/\/www.nordzucker.com\/de\/wp-json\/wp\/v2\/media?parent=620"}],"wp:term":[{"taxonomy":"page_category","embeddable":true,"href":"https:\/\/www.nordzucker.com\/de\/wp-json\/wp\/v2\/page_category?post=620"}],"curies":[{"name":"wp","href":"https:\/\/api.w.org\/{rel}","templated":true}]}}