{"id":617,"date":"2020-08-11T08:29:28","date_gmt":"2020-08-11T08:29:28","guid":{"rendered":"https:\/\/www.nordzucker.com\/de\/?page_id=617"},"modified":"2025-05-13T14:59:40","modified_gmt":"2025-05-13T12:59:40","slug":"erfolgreiches-verschmelzen-zweier-fabriken","status":"publish","type":"page","link":"https:\/\/www.nordzucker.com\/de\/menschen-bei-nordzucker\/erfolgsgeschichten\/erfolgreiches-verschmelzen-zweier-fabriken\/","title":{"rendered":"Erfolg&shy;reiches Verschmelzen zweier Fabriken"},"content":{"rendered":"\n<h2 class=\"wp-block-heading has-text-align-left\">Mitarbeiter verbinden und das Wir-Gef\u00fchl st\u00e4rken<\/h2>\n\n\n\n<div class=\"py-4 text-xl leading-8\">\n\tDie Zuckerfabriken in Arl\u00f6v und \u00d6rtofta fusionieren. Mitarbeiterinnen und Mitarbeiter beider Fabriken lernen sich im Rahmen eines gemeinsamen Mitarbeitertages kennen und bilden schnell ein Gemeinschaftsgef\u00fchl.<\/div>\n\n\n<h4 class=\"wp-block-heading\">Verschmelzung zweier Fabriken in Ort\u00f6fta, Schweden <\/h4>\n\n\n\n<p>&#8220;Gemeinsam in einer einzigartigen Fabrik&#8221; &#8211; Die Mitarbeiter der beiden schwedischen Zuckerfabriken von Nordzucker haben sich getroffen, um sich besser kennenzulernen und die Unterschiede zwischen der Arbeit in einer Spezialzuckerfabrik und einer R\u00fcbenzuckerfabrik kennenzulernen. Diese Initiative war geplant, um die schwedischen Mitarbeiter auf die bevorstehende Fusion der beiden Standorte vorzubereiten.<\/p>\n\n\n<figure>\n\t\t\t<img decoding=\"async\" src=\"https:\/\/www.nordzucker.com\/de\/wp-content\/uploads\/sites\/2\/2025\/05\/nordzucker_menschen-bei-nordzucker_erfolgsgeschichten_erfolgreiches-verschmelzen-zweier-fabriken-Mitarbeitertag.webp\" class=\"max-w-full\" \/>\n\t\t<\/figure>\n\n\n<p>Ab 2021\/22 wird die schwedische Zuckerproduktion in einer Fabrik in \u00d6rtofta zusammengefasst. Die Konsolidierung bedeutet nicht nur Konstruktionen und Umbauten, sondern auch die Verschmelzung zweier Fabrikkulturen. Unter dem Motto &#8220;Gemeinsam in einer einzigartigen Fabrik&#8221; wurde in \u00d6rtofta ein Mitarbeitertag als Schritt zur Vorbereitung auf diesen Prozess veranstaltet. &#8220;Der 30. August 2019 war ein besonderer Tag. Erstmals schlossen beide schwedischen Werke einen ganzen Tag lang, so dass sich alle Mitarbeiter aus Arl\u00f6v und \u00d6rtofta zu einem Mitarbeitertag in der Zuckerfabrik \u00d6rtofta treffen konnten. Diese einzigartige Gelegenheit zum Wissensaustausch und zur Schaffung von Beziehungen war eine starke Plattform f\u00fcr unseren weiteren Prozess&#8221;, sagt \u00c5sa Runnberg, HR Manager Sweden.<\/p>\n\n\n\n<p>Die Initiative war erfolgreich und zielte darauf ab, die Menschen zusammenzubringen, die Teil der zuk\u00fcnftigen Fabrik in Schweden sein werden. Auf dem Programm standen unter anderem eine F\u00fchrung durch die Fabrik und Pr\u00e4sentationen \u00fcber das Projekt und den Bau der zuk\u00fcnftigen Fabrik. Im Rahmen einer Ausstellung konnten die Teilnehmer mehr \u00fcber die Produkte f\u00fcr Lebensmittelhersteller und Haushalte sowie \u00fcber Agrarthemen, Futtermittel und Arbeitssicherheit, Umweltthemen und Qualit\u00e4t erfahren.<\/p>\n\n\n<figure>\n\t\t\t<img decoding=\"async\" src=\"https:\/\/www.nordzucker.com\/de\/wp-content\/uploads\/sites\/2\/2025\/05\/nordzucker_menschen-bei-nordzucker_erfolgsgeschichten_erfolgreiches-verschmelzen-zweier-fabriken-Mitarbeitertag-Ausstellung.webp\" class=\"max-w-full\" \/>\n\t\t<\/figure>","protected":false},"excerpt":{"rendered":"<p>Ein Mitarbeitertag wird organisiert, um die Zusammenlegung der beiden Nordzucker-Fabriken in Arl\u00f6v und \u00d6rtofta, Schweden, zu einer einzigen Fabrik vorzubereiten.<\/p>\n","protected":false},"author":1,"featured_media":10935,"parent":65,"menu_order":3,"comment_status":"closed","ping_status":"closed","template":"","meta":{"footnotes":""},"page_category":[],"acf":[],"_links":{"self":[{"href":"https:\/\/www.nordzucker.com\/de\/wp-json\/wp\/v2\/pages\/617"}],"collection":[{"href":"https:\/\/www.nordzucker.com\/de\/wp-json\/wp\/v2\/pages"}],"about":[{"href":"https:\/\/www.nordzucker.com\/de\/wp-json\/wp\/v2\/types\/page"}],"author":[{"embeddable":true,"href":"https:\/\/www.nordzucker.com\/de\/wp-json\/wp\/v2\/users\/1"}],"replies":[{"embeddable":true,"href":"https:\/\/www.nordzucker.com\/de\/wp-json\/wp\/v2\/comments?post=617"}],"version-history":[{"count":23,"href":"https:\/\/www.nordzucker.com\/de\/wp-json\/wp\/v2\/pages\/617\/revisions"}],"predecessor-version":[{"id":10940,"href":"https:\/\/www.nordzucker.com\/de\/wp-json\/wp\/v2\/pages\/617\/revisions\/10940"}],"up":[{"embeddable":true,"href":"https:\/\/www.nordzucker.com\/de\/wp-json\/wp\/v2\/pages\/65"}],"wp:featuredmedia":[{"embeddable":true,"href":"https:\/\/www.nordzucker.com\/de\/wp-json\/wp\/v2\/media\/10935"}],"wp:attachment":[{"href":"https:\/\/www.nordzucker.com\/de\/wp-json\/wp\/v2\/media?parent=617"}],"wp:term":[{"taxonomy":"page_category","embeddable":true,"href":"https:\/\/www.nordzucker.com\/de\/wp-json\/wp\/v2\/page_category?post=617"}],"curies":[{"name":"wp","href":"https:\/\/api.w.org\/{rel}","templated":true}]}}