{"id":613,"date":"2020-08-10T18:10:38","date_gmt":"2020-08-10T18:10:38","guid":{"rendered":"https:\/\/www.nordzucker.com\/de\/?page_id=613"},"modified":"2025-05-13T15:19:30","modified_gmt":"2025-05-13T13:19:30","slug":"netzwerken-bei-nordzucker","status":"publish","type":"page","link":"https:\/\/www.nordzucker.com\/de\/menschen-bei-nordzucker\/erfolgsgeschichten\/netzwerken-bei-nordzucker\/","title":{"rendered":"Netzwerken bei Nordzucker"},"content":{"rendered":"\n<h2 class=\"wp-block-heading\">Gemeinsam mehr erreichen \u2013 \u00fcber L\u00e4nder und Aufgabenbereiche hinweg<\/h2>\n\n\n\n<div class=\"py-4 text-xl leading-8\">\n\tEs ist wichtig, Menschen zusammenzubringen und ihnen zu erm\u00f6glichen, gemeinsam und voneinander zu lernen. Wir vernetzen unsere Talente \u00fcber Funktionen und L\u00e4nder hinweg.<\/div>\n\n<figure>\n\t\t\t<img decoding=\"async\" src=\"https:\/\/www.nordzucker.com\/de\/wp-content\/uploads\/sites\/2\/2025\/05\/nordzucker_menschen-bei-nordzucker_erfolgsgeschichten_netzwerken-bei-nordzucker-veranstaltung.webp\" class=\"max-w-full\" \/>\n\t\t<\/figure>\n\n\n<h4 class=\"wp-block-heading\">Energie, Dynamik, Potenzial \u2013 TALENT.Network<\/h4>\n\n\n\n<p>Das Netzwerktreffen \u201eTALENT.Network\u201c brachte alle Nordzucker Talente aus acht L\u00e4ndern zusammen. Sie lernten einander kennen, bekamen inspirierende Impulse und erarbeiteten gemeinsam Zukunftsbilder. W\u00e4hrend der 2t\u00e4gigen Veranstaltung besch\u00e4ftigten sich die Teilnehmer mit Themen rund um die Megatrends \u201eNew Work, Corporate Health und Diversity. Es gab Vortr\u00e4ge, Workshops und Zeit zum \u201eNetzwerken\u201c.&nbsp; Die Teilnehmer gingen neue Wege, loteten Alternativen aus und handelten \u00fcber kulturelle Unterschiede hinweg im Team. Die Ergebnisse \u00fcberzeugten mit Kreativit\u00e4t, Qualit\u00e4t und Transfer zum Alltag bei Nordzucker. Die R\u00fcckmeldungen der Teilnehmer zeigten, wie wichtig es ist, Menschen zusammenzubringen und ihnen zu erm\u00f6glichen, gemeinsam und voneinander zu lernen \u2013 das bringt ein Unternehmen nach vorne, kann in Krisen st\u00e4rken und f\u00f6rdert die Motivation.<\/p>\n\n\n<figure>\n\t\t\t<img decoding=\"async\" src=\"https:\/\/www.nordzucker.com\/de\/wp-content\/uploads\/sites\/2\/2025\/05\/nordzucker_menschen-bei-nordzucker_erfolgsgeschichten_netzwerken-bei-nordzucker-veranstaltung-impressionen.webp\" class=\"max-w-full\" \/>\n\t\t<\/figure>","protected":false},"excerpt":{"rendered":"<p>Nordzucker-Talente aus acht verschiedenen L\u00e4ndern kommen zu einem Networking-Treffen zusammen, um voneinander zu lernen.<\/p>\n","protected":false},"author":1,"featured_media":10941,"parent":65,"menu_order":1,"comment_status":"closed","ping_status":"closed","template":"","meta":{"footnotes":""},"page_category":[],"acf":[],"_links":{"self":[{"href":"https:\/\/www.nordzucker.com\/de\/wp-json\/wp\/v2\/pages\/613"}],"collection":[{"href":"https:\/\/www.nordzucker.com\/de\/wp-json\/wp\/v2\/pages"}],"about":[{"href":"https:\/\/www.nordzucker.com\/de\/wp-json\/wp\/v2\/types\/page"}],"author":[{"embeddable":true,"href":"https:\/\/www.nordzucker.com\/de\/wp-json\/wp\/v2\/users\/1"}],"replies":[{"embeddable":true,"href":"https:\/\/www.nordzucker.com\/de\/wp-json\/wp\/v2\/comments?post=613"}],"version-history":[{"count":32,"href":"https:\/\/www.nordzucker.com\/de\/wp-json\/wp\/v2\/pages\/613\/revisions"}],"predecessor-version":[{"id":10945,"href":"https:\/\/www.nordzucker.com\/de\/wp-json\/wp\/v2\/pages\/613\/revisions\/10945"}],"up":[{"embeddable":true,"href":"https:\/\/www.nordzucker.com\/de\/wp-json\/wp\/v2\/pages\/65"}],"wp:featuredmedia":[{"embeddable":true,"href":"https:\/\/www.nordzucker.com\/de\/wp-json\/wp\/v2\/media\/10941"}],"wp:attachment":[{"href":"https:\/\/www.nordzucker.com\/de\/wp-json\/wp\/v2\/media?parent=613"}],"wp:term":[{"taxonomy":"page_category","embeddable":true,"href":"https:\/\/www.nordzucker.com\/de\/wp-json\/wp\/v2\/page_category?post=613"}],"curies":[{"name":"wp","href":"https:\/\/api.w.org\/{rel}","templated":true}]}}